{"id":867,"date":"2018-03-23T14:03:04","date_gmt":"2018-03-23T14:03:04","guid":{"rendered":"http:\/\/filadelfia.lutheran.hu\/?page_id=867"},"modified":"2021-12-12T23:01:04","modified_gmt":"2021-12-12T22:01:04","slug":"templomaink","status":"publish","type":"page","link":"https:\/\/filadelfia.lutheran.hu\/?page_id=867&lang=hu_HU","title":{"rendered":"Templomaink"},"content":{"rendered":"<p><b><u>1. A Ny\u00edrteleki templomunk:<\/u><\/b><\/p>\n<p><a href=\"https:\/\/goo.gl\/maps\/n2dZ967TF9H2\"><img decoding=\"async\" src=\"http:\/\/filadelfia.lutheran.hu\/backfolder.gif\" alt=\"Tetsz\u0151leges sz\u00f6veg\" \/>Templomunk helye Ny\u00edrteleken!\u00a0<\/a><\/p>\n<p><a href=\"http:\/\/filadelfia.lutheran.hu\/dv00104.jpg\"><img decoding=\"async\" loading=\"lazy\" title=\"Ny\u00edrteleki templomunk\" src=\"http:\/\/filadelfia.lutheran.hu\/dv00104.jpg\" width=\"180\" height=\"120\" border=\"0\" \/><\/a>\u00a0\u00a0\u00a0\u00a0\u00a0\u00a0\u00a0\u00a0\u00a0<a href=\"http:\/\/filadelfia.lutheran.hu\/dv00268.jpg\"><img decoding=\"async\" loading=\"lazy\" title=\"Templom bels\u0151\" src=\"http:\/\/filadelfia.lutheran.hu\/dv00268.jpg\" width=\"180\" height=\"120\" \/>\u00a0<\/a><br \/>\n<div id=\"kgvid_kgvid_0_wrapper\" class=\"kgvid_wrapper\">\n\t\t\t<div id=\"video_kgvid_0_div\" class=\"fitvidsignore kgvid_videodiv\" data-id=\"kgvid_0\" data-kgvid_video_vars=\"{&quot;id&quot;:&quot;kgvid_0&quot;,&quot;attachment_id&quot;:8888,&quot;player_type&quot;:&quot;Video.js v8&quot;,&quot;width&quot;:&quot;640&quot;,&quot;height&quot;:&quot;337&quot;,&quot;fullwidth&quot;:&quot;true&quot;,&quot;fixed_aspect&quot;:&quot;vertical&quot;,&quot;countable&quot;:true,&quot;count_views&quot;:&quot;start_complete&quot;,&quot;start&quot;:&quot;&quot;,&quot;autoplay&quot;:&quot;false&quot;,&quot;pauseothervideos&quot;:&quot;true&quot;,&quot;set_volume&quot;:&quot;1&quot;,&quot;muted&quot;:&quot;false&quot;,&quot;meta&quot;:true,&quot;endofvideooverlay&quot;:&quot;&quot;,&quot;resize&quot;:&quot;true&quot;,&quot;auto_res&quot;:&quot;automatic&quot;,&quot;pixel_ratio&quot;:&quot;true&quot;,&quot;right_click&quot;:&quot;on&quot;,&quot;playback_rate&quot;:&quot;false&quot;,&quot;title&quot;:&quot;DJI_0055&quot;,&quot;skip_buttons&quot;:[],&quot;nativecontrolsfortouch&quot;:&quot;false&quot;,&quot;locale&quot;:&quot;hu&quot;,&quot;enable_resolutions_plugin&quot;:false}\" itemprop=\"video\" itemscope itemtype=\"https:\/\/schema.org\/VideoObject\"><meta itemprop=\"embedUrl\" content=\"https:\/\/filadelfia.lutheran.hu\/?attachment_id=8888&#038;videopack%5Benable%5D=true\"><meta itemprop=\"contentUrl\" content=\"https:\/\/filadelfia.lutheran.hu\/wp-content\/uploads\/2019\/03\/DJI_0055.mp4\"><meta itemprop=\"name\" content=\"DJI_0055\"><meta itemprop=\"description\" content=\"Video\"><meta itemprop=\"uploadDate\" content=\"2019-03-03T23:50:37+01:00\">\n\t\t\t\t<video id=\"video_kgvid_0\" playsinline controls preload=\"metadata\" width=\"640\" height=\"337\" class=\"fitvidsignore video-js kg-video-js-skin\">\n\t\t\t\t\t<source src=\"https:\/\/filadelfia.lutheran.hu\/wp-content\/uploads\/2019\/03\/DJI_0055.mp4?id=0\" type=\"video\/mp4\" data-res=\"1012p\">\n\t\t\t\t<\/video>\n\t\t\t<\/div>\n\t\t\t<div style=\"display:none\" id=\"video_kgvid_0_meta\" class=\"kgvid_video_meta kgvid_video_meta_hover \">\n\t\t\t\t<span class='kgvid_meta_icons'><\/span>\n\t\t\t\t<span id='video_kgvid_0_title' class='kgvid_title'>DJI_0055<\/span>\n<\/div>\n\t\t<\/div><br \/>\n<div id=\"kgvid_kgvid_1_wrapper\" class=\"kgvid_wrapper\">\n\t\t\t<div id=\"video_kgvid_1_div\" class=\"fitvidsignore kgvid_videodiv\" data-id=\"kgvid_1\" data-kgvid_video_vars=\"{&quot;id&quot;:&quot;kgvid_1&quot;,&quot;attachment_id&quot;:8889,&quot;player_type&quot;:&quot;Video.js v8&quot;,&quot;width&quot;:&quot;640&quot;,&quot;height&quot;:&quot;337&quot;,&quot;fullwidth&quot;:&quot;true&quot;,&quot;fixed_aspect&quot;:&quot;vertical&quot;,&quot;countable&quot;:true,&quot;count_views&quot;:&quot;start_complete&quot;,&quot;start&quot;:&quot;&quot;,&quot;autoplay&quot;:&quot;false&quot;,&quot;pauseothervideos&quot;:&quot;true&quot;,&quot;set_volume&quot;:&quot;1&quot;,&quot;muted&quot;:&quot;false&quot;,&quot;meta&quot;:true,&quot;endofvideooverlay&quot;:&quot;&quot;,&quot;resize&quot;:&quot;true&quot;,&quot;auto_res&quot;:&quot;automatic&quot;,&quot;pixel_ratio&quot;:&quot;true&quot;,&quot;right_click&quot;:&quot;on&quot;,&quot;playback_rate&quot;:&quot;false&quot;,&quot;title&quot;:&quot;DJI_0067&quot;,&quot;skip_buttons&quot;:[],&quot;nativecontrolsfortouch&quot;:&quot;false&quot;,&quot;locale&quot;:&quot;hu&quot;,&quot;enable_resolutions_plugin&quot;:false}\" itemprop=\"video\" itemscope itemtype=\"https:\/\/schema.org\/VideoObject\"><meta itemprop=\"embedUrl\" content=\"https:\/\/filadelfia.lutheran.hu\/?attachment_id=8889&#038;videopack%5Benable%5D=true\"><meta itemprop=\"contentUrl\" content=\"https:\/\/filadelfia.lutheran.hu\/wp-content\/uploads\/2019\/03\/DJI_0067.mp4\"><meta itemprop=\"name\" content=\"DJI_0067\"><meta itemprop=\"description\" content=\"Video\"><meta itemprop=\"uploadDate\" content=\"2019-03-03T23:51:46+01:00\">\n\t\t\t\t<video id=\"video_kgvid_1\" playsinline controls preload=\"metadata\" width=\"640\" height=\"337\" class=\"fitvidsignore video-js kg-video-js-skin\">\n\t\t\t\t\t<source src=\"https:\/\/filadelfia.lutheran.hu\/wp-content\/uploads\/2019\/03\/DJI_0067.mp4?id=1\" type=\"video\/mp4\" data-res=\"1012p\">\n\t\t\t\t<\/video>\n\t\t\t<\/div>\n\t\t\t<div style=\"display:none\" id=\"video_kgvid_1_meta\" class=\"kgvid_video_meta kgvid_video_meta_hover \">\n\t\t\t\t<span class='kgvid_meta_icons'><\/span>\n\t\t\t\t<span id='video_kgvid_1_title' class='kgvid_title'>DJI_0067<\/span>\n<\/div>\n\t\t<\/div><\/p>\n<p><a href=\"http:\/\/filadelfia.lutheran.hu\/epites.htm\"><img decoding=\"async\" loading=\"lazy\" src=\"http:\/\/filadelfia.lutheran.hu\/folder.gif\" width=\"20\" height=\"22\" border=\"0\" \/><\/a><span style=\"color: #3333ff;\">&#8230;&#8230;&#8230;&#8230;&#8230;&#8230;&#8230;&#8230;&#8230;&#8230;&#8230;&#8230;&#8230;&#8230;&#8230;&#8230;.Honlap az \u00e9p\u00edt\u00e9sr\u0151l!<\/span><\/p>\n<p>&nbsp;<\/p>\n<p><b><u>2. A Kisv\u00e1rdai templomunk:<\/u><\/b><\/p>\n<p><a href=\"https:\/\/goo.gl\/maps\/Ein9o6Xda6s\"><img decoding=\"async\" src=\"http:\/\/filadelfia.lutheran.hu\/backfolder.gif\" alt=\"Tetsz\u0151leges sz\u00f6veg\" \/>Templomunk helye Kisv\u00e1rd\u00e1n!\u00a0<\/a><\/p>\n<p><a href=\"http:\/\/filadelfia.lutheran.hu\/kisvarda.jpg\"><img decoding=\"async\" title=\"Kisv\u00e1rdai templomunk\" src=\"http:\/\/filadelfia.lutheran.hu\/kisvarda1.jpg\" border=\"0\" \/><\/a>\u00a0\u00a0\u00a0\u00a0\u00a0\u00a0\u00a0\u00a0\u00a0<a href=\"http:\/\/filadelfia.lutheran.hu\/kisvardab.jpg\"><img decoding=\"async\" title=\"Kisv\u00e1rdai templomunk\" src=\"http:\/\/filadelfia.lutheran.hu\/kisvardab1.jpg\" border=\"0\" \/><\/a>\u00a0\u00a0\u00a0\u00a0\u00a0\u00a0\u00a0\u00a0\u00a0<a href=\"http:\/\/filadelfia.lutheran.hu\/kvrdtort.htm\"><img decoding=\"async\" loading=\"lazy\" title=\"B\u00e1rdossy Tibor \u00edr\u00e1sa a Kisv\u00e1rda t\u00f6rt\u00e9net\u00e9r\u0151l sz\u00f3l\u00f3 k\u00f6nyvben.\" src=\"http:\/\/filadelfia.lutheran.hu\/temptor.GIF\" width=\"92\" height=\"194\" border=\"0\" \/><\/a>\u00a0A gy\u00fclekezet \u00e9s a templom t\u00f6rt\u00e9nete<\/p>\n<p><b>\u00a0 A kisv\u00e1rdai templom 1931-ben \u00e9p\u00fclt,<\/b><\/p>\n<p><a href=\"http:\/\/filadelfia.lutheran.hu\/cikk4.htm\"><img decoding=\"async\" loading=\"lazy\" src=\"http:\/\/filadelfia.lutheran.hu\/folder.gif\" width=\"20\" height=\"22\" border=\"0\" \/><\/a><span style=\"color: #3333ff;\">&#8230;&#8230;&#8230;&#8230;&#8230;&#8230;&#8230;&#8230;&#8230;&#8230;&#8230;&#8230;&#8230;&#8230;&#8230;&#8230;.A templom avat\u00e1s \u00fcnnepi besz\u00e9de, 1931. okt. 18.<\/span><\/p>\n<p>Bels\u00f5 fel\u00faj\u00edt\u00e1s\u00e1t 1999-ben v\u00e9gezt\u00fck. A templom m\u00f6g\u00f6tt l\u00e9v\u00f5 egykori gondnoki lak\u00e1sb\u00f3l gy\u00fclekezeti h\u00e1zat alak\u00edtottunk ki, amelyben gyermek\u00f3r\u00e1t illetve biblia\u00f3r\u00e1t tartunk.<\/p>\n<p>&nbsp;<\/p>\n<p><b><u>3. A Ny\u00edrtelek-G\u00f6r\u00f6gsz\u00e1ll\u00e1si templomunk:<\/u><\/b><\/p>\n<p><a href=\"https:\/\/goo.gl\/maps\/ZmWcue3M6aw\"><img decoding=\"async\" src=\"http:\/\/filadelfia.lutheran.hu\/backfolder.gif\" alt=\"Templomunk helye Ny\u00edrtelek-G\u00f6r\u00f6gsz\u00e1ll\u00e1son\" \/>Templomunk helye Ny\u00edrtelek-G\u00f6r\u00f6gsz\u00e1ll\u00e1son!\u00a0<\/a><\/p>\n<p><a href=\"http:\/\/filadelfia.lutheran.hu\/gortempl.jpg\"><img decoding=\"async\" loading=\"lazy\" title=\"Ny\u00edrtelek-G\u00f6r\u00f6gsz\u00e1ll\u00e1si \" src=\"http:\/\/filadelfia.lutheran.hu\/gortempl1.jpg\" width=\"215\" height=\"130\" border=\"0\" \/><\/a>\u00a0\u00a0\u00a0\u00a0\u00a0\u00a0\u00a0\u00a0\u00a0<a href=\"http:\/\/filadelfia.lutheran.hu\/gsz2.jpg\"><img decoding=\"async\" loading=\"lazy\" title=\"Ny\u00edrtelek-G\u00f6r\u00f6gsz\u00e1ll\u00e1si \" src=\"http:\/\/filadelfia.lutheran.hu\/gsz2.jpg\" width=\"215\" height=\"130\" border=\"0\" \/><\/a><br \/>\n<div id=\"kgvid_kgvid_2_wrapper\" class=\"kgvid_wrapper\">\n\t\t\t<div id=\"video_kgvid_2_div\" class=\"fitvidsignore kgvid_videodiv\" data-id=\"kgvid_2\" data-kgvid_video_vars=\"{&quot;id&quot;:&quot;kgvid_2&quot;,&quot;attachment_id&quot;:8892,&quot;player_type&quot;:&quot;Video.js v8&quot;,&quot;width&quot;:&quot;640&quot;,&quot;height&quot;:&quot;337&quot;,&quot;fullwidth&quot;:&quot;true&quot;,&quot;fixed_aspect&quot;:&quot;vertical&quot;,&quot;countable&quot;:true,&quot;count_views&quot;:&quot;start_complete&quot;,&quot;start&quot;:&quot;&quot;,&quot;autoplay&quot;:&quot;false&quot;,&quot;pauseothervideos&quot;:&quot;true&quot;,&quot;set_volume&quot;:&quot;1&quot;,&quot;muted&quot;:&quot;false&quot;,&quot;meta&quot;:true,&quot;endofvideooverlay&quot;:&quot;&quot;,&quot;resize&quot;:&quot;true&quot;,&quot;auto_res&quot;:&quot;automatic&quot;,&quot;pixel_ratio&quot;:&quot;true&quot;,&quot;right_click&quot;:&quot;on&quot;,&quot;playback_rate&quot;:&quot;false&quot;,&quot;title&quot;:&quot;DJI_0077&quot;,&quot;skip_buttons&quot;:[],&quot;nativecontrolsfortouch&quot;:&quot;false&quot;,&quot;locale&quot;:&quot;hu&quot;,&quot;enable_resolutions_plugin&quot;:false}\" itemprop=\"video\" itemscope itemtype=\"https:\/\/schema.org\/VideoObject\"><meta itemprop=\"embedUrl\" content=\"https:\/\/filadelfia.lutheran.hu\/?attachment_id=8892&#038;videopack%5Benable%5D=true\"><meta itemprop=\"contentUrl\" content=\"https:\/\/filadelfia.lutheran.hu\/wp-content\/uploads\/2019\/03\/DJI_0077.mp4\"><meta itemprop=\"name\" content=\"DJI_0077\"><meta itemprop=\"description\" content=\"Video\"><meta itemprop=\"uploadDate\" content=\"2019-03-03T23:58:12+01:00\">\n\t\t\t\t<video id=\"video_kgvid_2\" playsinline controls preload=\"metadata\" width=\"640\" height=\"337\" class=\"fitvidsignore video-js kg-video-js-skin\">\n\t\t\t\t\t<source src=\"https:\/\/filadelfia.lutheran.hu\/wp-content\/uploads\/2019\/03\/DJI_0077.mp4?id=2\" type=\"video\/mp4\" data-res=\"1012p\">\n\t\t\t\t<\/video>\n\t\t\t<\/div>\n\t\t\t<div style=\"display:none\" id=\"video_kgvid_2_meta\" class=\"kgvid_video_meta kgvid_video_meta_hover \">\n\t\t\t\t<span class='kgvid_meta_icons'><\/span>\n\t\t\t\t<span id='video_kgvid_2_title' class='kgvid_title'>DJI_0077<\/span>\n<\/div>\n\t\t<\/div><br \/>\n<div id=\"kgvid_kgvid_3_wrapper\" class=\"kgvid_wrapper\">\n\t\t\t<div id=\"video_kgvid_3_div\" class=\"fitvidsignore kgvid_videodiv\" data-id=\"kgvid_3\" data-kgvid_video_vars=\"{&quot;id&quot;:&quot;kgvid_3&quot;,&quot;attachment_id&quot;:8893,&quot;player_type&quot;:&quot;Video.js v8&quot;,&quot;width&quot;:&quot;640&quot;,&quot;height&quot;:&quot;337&quot;,&quot;fullwidth&quot;:&quot;true&quot;,&quot;fixed_aspect&quot;:&quot;vertical&quot;,&quot;countable&quot;:true,&quot;count_views&quot;:&quot;start_complete&quot;,&quot;start&quot;:&quot;&quot;,&quot;autoplay&quot;:&quot;false&quot;,&quot;pauseothervideos&quot;:&quot;true&quot;,&quot;set_volume&quot;:&quot;1&quot;,&quot;muted&quot;:&quot;false&quot;,&quot;meta&quot;:true,&quot;endofvideooverlay&quot;:&quot;&quot;,&quot;resize&quot;:&quot;true&quot;,&quot;auto_res&quot;:&quot;automatic&quot;,&quot;pixel_ratio&quot;:&quot;true&quot;,&quot;right_click&quot;:&quot;on&quot;,&quot;playback_rate&quot;:&quot;false&quot;,&quot;title&quot;:&quot;DJI_0083&quot;,&quot;skip_buttons&quot;:[],&quot;nativecontrolsfortouch&quot;:&quot;false&quot;,&quot;locale&quot;:&quot;hu&quot;,&quot;enable_resolutions_plugin&quot;:false}\" itemprop=\"video\" itemscope itemtype=\"https:\/\/schema.org\/VideoObject\"><meta itemprop=\"embedUrl\" content=\"https:\/\/filadelfia.lutheran.hu\/?attachment_id=8893&#038;videopack%5Benable%5D=true\"><meta itemprop=\"contentUrl\" content=\"https:\/\/filadelfia.lutheran.hu\/wp-content\/uploads\/2019\/03\/DJI_0083.mp4\"><meta itemprop=\"name\" content=\"DJI_0083\"><meta itemprop=\"description\" content=\"Video\"><meta itemprop=\"uploadDate\" content=\"2019-03-03T23:59:38+01:00\">\n\t\t\t\t<video id=\"video_kgvid_3\" playsinline controls preload=\"metadata\" width=\"640\" height=\"337\" class=\"fitvidsignore video-js kg-video-js-skin\">\n\t\t\t\t\t<source src=\"https:\/\/filadelfia.lutheran.hu\/wp-content\/uploads\/2019\/03\/DJI_0083.mp4?id=3\" type=\"video\/mp4\" data-res=\"1012p\">\n\t\t\t\t<\/video>\n\t\t\t<\/div>\n\t\t\t<div style=\"display:none\" id=\"video_kgvid_3_meta\" class=\"kgvid_video_meta kgvid_video_meta_hover \">\n\t\t\t\t<span class='kgvid_meta_icons'><\/span>\n\t\t\t\t<span id='video_kgvid_3_title' class='kgvid_title'>DJI_0083<\/span>\n<\/div>\n\t\t<\/div><\/p>\n<p>2013-ban k\u00e9sz\u00fclt el az Istentiszteleteknek is helyet ad\u00f3 Alternat\u00edv Centrum, amelyben megtarthatjuk oktat\u00e1si, kultur\u00e1lis, \u00e9s gy\u00fclekezeti alkalmainkat is.<\/p>\n<p><a href=\"http:\/\/filadelfia.lutheran.hu\/kepek\/13haz\/13haz.htm\"><img decoding=\"async\" loading=\"lazy\" src=\"http:\/\/filadelfia.lutheran.hu\/folder.gif\" width=\"20\" height=\"22\" border=\"0\" \/><\/a><span style=\"color: #3333ff;\">&#8230;&#8230;&#8230;&#8230;&#8230;&#8230;&#8230;&#8230;&#8230;&#8230;&#8230;&#8230;&#8230;&#8230;&#8230;&#8230;.Honlap az \u00e9p\u00edt\u00e9sr\u0151l!<\/span><\/p>\n<p>&nbsp;<\/p>\n<p>&nbsp;<\/p>\n<p><b><u>4. A gy\u00fclekezet\u00fcnk ter\u00fclete:<\/u><\/b><\/p>\n<p><iframe loading=\"lazy\" src=\"https:\/\/www.google.com\/maps\/d\/embed?mid=14fPJ_RTocrZmynNpW4ZfcaYGMeY\" width=\"800\" height=\"600\"><\/iframe><\/p>\n<p><a href=\"https:\/\/mystat.synch.hu\/query.php?id=5619\" target=\"_blank\" rel=\"noopener noreferrer\"><script language=\"JavaScript\" src=\"https:\/\/mystat.synch.hu\/stat.php?h=4&#038;id=5619\"><\/script><noscript><img decoding=\"async\" src=\"https:\/\/mystat.synch.hu\/collect.php?id=5619&#038;h=4\"\/> Code &#8212;<\/noscript><\/a><\/p>\n","protected":false},"excerpt":{"rendered":"<p><b><u>1. A Ny\u00edrteleki templomunk:<\/u><\/b><\/p>\n<p><a href=\"https:\/\/goo.gl\/maps\/n2dZ967TF9H2\"><img decoding=\"async\" src=\"http:\/\/filadelfia.lutheran.hu\/backfolder.gif\" alt=\"Tetsz\u0151leges sz\u00f6veg\" \/>Templomunk helye Ny\u00edrteleken!\u00a0<\/a><\/p>\n<p><a href=\"http:\/\/filadelfia.lutheran.hu\/dv...\n<\/p>\n","protected":false},"author":1,"featured_media":0,"parent":30,"menu_order":0,"comment_status":"closed","ping_status":"closed","template":"","meta":[],"_links":{"self":[{"href":"https:\/\/filadelfia.lutheran.hu?lang=hu_HU%2Findex.php&rest_route=\/wp\/v2\/pages\/867"}],"collection":[{"href":"https:\/\/filadelfia.lutheran.hu?lang=hu_HU%2Findex.php&rest_route=\/wp\/v2\/pages"}],"about":[{"href":"https:\/\/filadelfia.lutheran.hu?lang=hu_HU%2Findex.php&rest_route=\/wp\/v2\/types\/page"}],"author":[{"embeddable":true,"href":"https:\/\/filadelfia.lutheran.hu?lang=hu_HU%2Findex.php&rest_route=\/wp\/v2\/users\/1"}],"replies":[{"embeddable":true,"href":"https:\/\/filadelfia.lutheran.hu?lang=hu_HU%2Findex.php&rest_route=%2Fwp%2Fv2%2Fcomments&post=867"}],"version-history":[{"count":15,"href":"https:\/\/filadelfia.lutheran.hu?lang=hu_HU%2Findex.php&rest_route=\/wp\/v2\/pages\/867\/revisions"}],"predecessor-version":[{"id":20760,"href":"https:\/\/filadelfia.lutheran.hu?lang=hu_HU%2Findex.php&rest_route=\/wp\/v2\/pages\/867\/revisions\/20760"}],"up":[{"embeddable":true,"href":"https:\/\/filadelfia.lutheran.hu?lang=hu_HU%2Findex.php&rest_route=\/wp\/v2\/pages\/30"}],"wp:attachment":[{"href":"https:\/\/filadelfia.lutheran.hu?lang=hu_HU%2Findex.php&rest_route=%2Fwp%2Fv2%2Fmedia&parent=867"}],"curies":[{"name":"wp","href":"https:\/\/api.w.org\/{rel}","templated":true}]}}