{"id":839,"date":"2018-03-23T12:54:50","date_gmt":"2018-03-23T12:54:50","guid":{"rendered":"http:\/\/filadelfia.lutheran.hu\/?page_id=839"},"modified":"2020-12-01T17:52:49","modified_gmt":"2020-12-01T16:52:49","slug":"2017-ben","status":"publish","type":"page","link":"https:\/\/filadelfia.lutheran.hu\/?page_id=839&lang=hu_HU","title":{"rendered":"2017-ben"},"content":{"rendered":"<p><a href=\"http:\/\/filadelfia.lutheran.hu\/audio\/171226.mp3\"><img decoding=\"async\" loading=\"lazy\" src=\"http:\/\/filadelfia.lutheran.hu\/folder.gif\" width=\"20\" height=\"22\" border=\"0\" \/><\/a>\u00a0<span style=\"color: #;\">Istentisztelet december 26, Kisv\u00e1rda.\u00a0<\/span><br \/>\n<a href=\"http:\/\/filadelfia.lutheran.hu\/audio\/171224.mp3\"><img decoding=\"async\" loading=\"lazy\" src=\"http:\/\/filadelfia.lutheran.hu\/folder.gif\" width=\"20\" height=\"22\" border=\"0\" \/><\/a>\u00a0<span style=\"color: #;\">Istentisztelet december 24.\u00a0<\/span><br \/>\n<a href=\"http:\/\/filadelfia.lutheran.hu\/audio\/171210.mp3\"><img decoding=\"async\" loading=\"lazy\" src=\"http:\/\/filadelfia.lutheran.hu\/folder.gif\" width=\"20\" height=\"22\" border=\"0\" \/><\/a>\u00a0<span style=\"color: #;\">Istentisztelet december 10.<\/span><br \/>\n<a href=\"http:\/\/filadelfia.lutheran.hu\/audio\/171112.mp3\"><img decoding=\"async\" loading=\"lazy\" src=\"http:\/\/filadelfia.lutheran.hu\/folder.gif\" width=\"20\" height=\"22\" border=\"0\" \/><\/a>\u00a0<span style=\"color: #;\">Istentisztelet november 12.<\/span><br \/>\n<a href=\"http:\/\/filadelfia.lutheran.hu\/audio\/171105.mp3\"><img decoding=\"async\" loading=\"lazy\" src=\"http:\/\/filadelfia.lutheran.hu\/folder.gif\" width=\"20\" height=\"22\" border=\"0\" \/><\/a>\u00a0<span style=\"color: #;\">Istentisztelet november 05.\u00a0\u00a0<\/span><br \/>\n<a href=\"http:\/\/filadelfia.lutheran.hu\/audio\/171029.mp3\"><img decoding=\"async\" loading=\"lazy\" src=\"http:\/\/filadelfia.lutheran.hu\/folder.gif\" width=\"20\" height=\"22\" border=\"0\" \/><\/a>\u00a0<span style=\"color: #;\">Istentisztelet okt\u00f3ber 29.\u00a0<\/span><br \/>\n<a href=\"http:\/\/filadelfia.lutheran.hu\/audio\/171022.mp3\"><img decoding=\"async\" loading=\"lazy\" src=\"http:\/\/filadelfia.lutheran.hu\/folder.gif\" width=\"20\" height=\"22\" border=\"0\" \/><\/a>\u00a0<span style=\"color: #;\">Istentisztelet okt\u00f3ber 22.\u00a0\u00a0<\/span><br \/>\n<a href=\"http:\/\/filadelfia.lutheran.hu\/audio\/171015.mp3\"><img decoding=\"async\" loading=\"lazy\" src=\"http:\/\/filadelfia.lutheran.hu\/folder.gif\" width=\"20\" height=\"22\" border=\"0\" \/><\/a>\u00a0<span style=\"color: #;\">Istentisztelet okt\u00f3ber 15.\u00a0<\/span><br \/>\n<a href=\"http:\/\/filadelfia.lutheran.hu\/audio\/171008.mp3\"><img decoding=\"async\" loading=\"lazy\" src=\"http:\/\/filadelfia.lutheran.hu\/folder.gif\" width=\"20\" height=\"22\" border=\"0\" \/><\/a>\u00a0<span style=\"color: #;\">Istentisztelet okt\u00f3ber 08.<\/span><br \/>\n<a href=\"http:\/\/filadelfia.lutheran.hu\/audio\/171001.mp3\"><img decoding=\"async\" loading=\"lazy\" src=\"http:\/\/filadelfia.lutheran.hu\/folder.gif\" width=\"20\" height=\"22\" border=\"0\" \/><\/a>\u00a0<span style=\"color: #;\">Istentisztelet okt\u00f3ber 01.\u00a0<\/span><br \/>\n<a href=\"http:\/\/filadelfia.lutheran.hu\/audio\/170924.mp3\"><img decoding=\"async\" loading=\"lazy\" src=\"http:\/\/filadelfia.lutheran.hu\/folder.gif\" width=\"20\" height=\"22\" border=\"0\" \/><\/a>\u00a0<span style=\"color: #;\">Istentisztelet szeptember 24.<\/span><br \/>\n<a href=\"http:\/\/filadelfia.lutheran.hu\/audio\/170917.mp3\"><img decoding=\"async\" loading=\"lazy\" src=\"http:\/\/filadelfia.lutheran.hu\/folder.gif\" width=\"20\" height=\"22\" border=\"0\" \/><\/a>\u00a0<span style=\"color: #;\">Istentisztelet szeptember 17.\u00a0<\/span><br \/>\n<a href=\"http:\/\/filadelfia.lutheran.hu\/audio\/170910.mp3\"><img decoding=\"async\" loading=\"lazy\" src=\"http:\/\/filadelfia.lutheran.hu\/folder.gif\" width=\"20\" height=\"22\" border=\"0\" \/><\/a>\u00a0<span style=\"color: #;\">Istentisztelet szeptember 10.\u00a0<\/span><br \/>\n<a href=\"http:\/\/filadelfia.lutheran.hu\/audio\/170903.mp3\"><img decoding=\"async\" loading=\"lazy\" src=\"http:\/\/filadelfia.lutheran.hu\/folder.gif\" width=\"20\" height=\"22\" border=\"0\" \/><\/a>\u00a0<span style=\"color: #;\">Istentisztelet szeptember 03.<\/span><br \/>\n<a href=\"http:\/\/filadelfia.lutheran.hu\/audio\/170827.mp3\"><img decoding=\"async\" loading=\"lazy\" src=\"http:\/\/filadelfia.lutheran.hu\/folder.gif\" width=\"20\" height=\"22\" border=\"0\" \/><\/a>\u00a0<span style=\"color: #;\">Istentisztelet augusztus 27.\u00a0\u00a0<\/span><br \/>\n<!--[if lt IE 9]><script>document.createElement('audio');<\/script><![endif]-->\n<audio class=\"wp-audio-shortcode\" id=\"audio-839-1\" preload=\"none\" style=\"width: 100%;\" controls=\"controls\"><source type=\"audio\/mpeg\" src=\"http:\/\/filadelfia.lutheran.hu\/audio\/1708201.mp3?_=1\" \/><a href=\"http:\/\/filadelfia.lutheran.hu\/audio\/1708201.mp3\">http:\/\/filadelfia.lutheran.hu\/audio\/1708201.mp3<\/a><\/audio><span style=\"color: #;\">Csendesnap. Ny\u00edrtelek, augusztus 20. 1.<\/span><br \/>\n<audio class=\"wp-audio-shortcode\" id=\"audio-839-2\" preload=\"none\" style=\"width: 100%;\" controls=\"controls\"><source type=\"audio\/mpeg\" src=\"http:\/\/filadelfia.lutheran.hu\/audio\/1708202.mp3?_=2\" \/><a href=\"http:\/\/filadelfia.lutheran.hu\/audio\/1708202.mp3\">http:\/\/filadelfia.lutheran.hu\/audio\/1708202.mp3<\/a><\/audio><span style=\"color: #;\">Csendesnap. Ny\u00edrtelek, augusztus 20. 2.<\/span><br \/>\n<audio class=\"wp-audio-shortcode\" id=\"audio-839-3\" preload=\"none\" style=\"width: 100%;\" controls=\"controls\"><source type=\"audio\/mpeg\" src=\"http:\/\/filadelfia.lutheran.hu\/audio\/1708203.mp3?_=3\" \/><a href=\"http:\/\/filadelfia.lutheran.hu\/audio\/1708203.mp3\">http:\/\/filadelfia.lutheran.hu\/audio\/1708203.mp3<\/a><\/audio><span style=\"color: #;\">Csendesnap. Ny\u00edrtelek, augusztus 20. 3.<\/span><br \/>\n<a href=\"http:\/\/filadelfia.lutheran.hu\/audio\/170813.mp3\"><img decoding=\"async\" loading=\"lazy\" src=\"http:\/\/filadelfia.lutheran.hu\/folder.gif\" width=\"20\" height=\"22\" border=\"0\" \/><\/a>\u00a0<span style=\"color: #;\">Istentisztelet augusztus 13.\u00a0\u00a0<\/span><br \/>\n<a href=\"http:\/\/filadelfia.lutheran.hu\/audio\/170806.mp3\"><img decoding=\"async\" loading=\"lazy\" src=\"http:\/\/filadelfia.lutheran.hu\/folder.gif\" width=\"20\" height=\"22\" border=\"0\" \/><\/a>\u00a0<span style=\"color: #;\">Istentisztelet augusztus 06.\u00a0<\/span><br \/>\n<a href=\"http:\/\/filadelfia.lutheran.hu\/audio\/170730.mp3\"><img decoding=\"async\" loading=\"lazy\" src=\"http:\/\/filadelfia.lutheran.hu\/folder.gif\" width=\"20\" height=\"22\" border=\"0\" \/><\/a>\u00a0<span style=\"color: #;\">Istentisztelet j\u00falius 30.<\/span><br \/>\n<a href=\"http:\/\/filadelfia.lutheran.hu\/audio\/170723.mp3\"><img decoding=\"async\" loading=\"lazy\" src=\"http:\/\/filadelfia.lutheran.hu\/folder.gif\" width=\"20\" height=\"22\" border=\"0\" \/><\/a>\u00a0<span style=\"color: #;\">Istentisztelet j\u00falius 23.\u00a0\u00a0<\/span><br \/>\n<a href=\"http:\/\/filadelfia.lutheran.hu\/audio\/170709.mp3\"><img decoding=\"async\" loading=\"lazy\" src=\"http:\/\/filadelfia.lutheran.hu\/folder.gif\" width=\"20\" height=\"22\" border=\"0\" \/><\/a>\u00a0<span style=\"color: #;\">Istentisztelet j\u00falius 09.\u00a0 \u00a0 \u00a0<\/span><br \/>\n<a href=\"http:\/\/filadelfia.lutheran.hu\/audio\/170702.mp3\"><img decoding=\"async\" loading=\"lazy\" src=\"http:\/\/filadelfia.lutheran.hu\/folder.gif\" width=\"20\" height=\"22\" border=\"0\" \/><\/a>\u00a0<span style=\"color: #;\">Istentisztelet j\u00falius 02.<\/span><br \/>\n<a href=\"http:\/\/filadelfia.lutheran.hu\/audio\/170625.mp3\"><img decoding=\"async\" loading=\"lazy\" src=\"http:\/\/filadelfia.lutheran.hu\/folder.gif\" width=\"20\" height=\"22\" border=\"0\" \/><\/a>\u00a0<span style=\"color: #;\">Istentisztelet j\u00fanius 25.\u00a0 \u00a0<\/span><br \/>\n<a href=\"http:\/\/filadelfia.lutheran.hu\/audio\/170618.mp3\"><img decoding=\"async\" loading=\"lazy\" src=\"http:\/\/filadelfia.lutheran.hu\/folder.gif\" width=\"20\" height=\"22\" border=\"0\" \/><\/a>\u00a0<span style=\"color: #;\">Istentisztelet j\u00fanius 18.\u00a0 \u00a0<\/span><br \/>\n<a href=\"http:\/\/filadelfia.lutheran.hu\/audio\/170611.mp3\"><img decoding=\"async\" loading=\"lazy\" src=\"http:\/\/filadelfia.lutheran.hu\/folder.gif\" width=\"20\" height=\"22\" border=\"0\" \/><\/a>\u00a0<span style=\"color: #;\">Istentisztelet j\u00fanius 11.\u00a0 \u00a0\u00a0<\/span><br \/>\n<a href=\"http:\/\/filadelfia.lutheran.hu\/audio\/170604.mp3\"><img decoding=\"async\" loading=\"lazy\" src=\"http:\/\/filadelfia.lutheran.hu\/folder.gif\" width=\"20\" height=\"22\" border=\"0\" \/><\/a>\u00a0<span style=\"color: #;\">Istentisztelet j\u00fanius 04.\u00a0<\/span><br \/>\n<a href=\"http:\/\/filadelfia.lutheran.hu\/audio\/170521.mp3\"><img decoding=\"async\" loading=\"lazy\" src=\"http:\/\/filadelfia.lutheran.hu\/folder.gif\" width=\"20\" height=\"22\" border=\"0\" \/><\/a>\u00a0<span style=\"color: #;\">Istentisztelet m\u00e1jus 21.\u00a0\u00a0<\/span><br \/>\n<a href=\"http:\/\/filadelfia.lutheran.hu\/audio\/170514.mp3\"><img decoding=\"async\" loading=\"lazy\" src=\"http:\/\/filadelfia.lutheran.hu\/folder.gif\" width=\"20\" height=\"22\" border=\"0\" \/><\/a>\u00a0<span style=\"color: #;\">Istentisztelet m\u00e1jus 14.\u00a0 \u00a0<\/span><br \/>\n<a href=\"http:\/\/filadelfia.lutheran.hu\/audio\/170507aliansz.mp3\"><img decoding=\"async\" loading=\"lazy\" src=\"http:\/\/filadelfia.lutheran.hu\/folder.gif\" width=\"20\" height=\"22\" border=\"0\" \/><\/a>\u00a0<span style=\"color: #;\">Istentisztelet m\u00e1jus 07. D\u00e9lut\u00e1ni Aliansz istentisztelet.\u00a0<\/span><br \/>\n<a href=\"http:\/\/filadelfia.lutheran.hu\/audio\/170507.mp3\"><img decoding=\"async\" loading=\"lazy\" src=\"http:\/\/filadelfia.lutheran.hu\/folder.gif\" width=\"20\" height=\"22\" border=\"0\" \/><\/a>\u00a0<span style=\"color: #;\">Istentisztelet m\u00e1jus 07.\u00a0<\/span><br \/>\n<a href=\"http:\/\/filadelfia.lutheran.hu\/audio\/170430.mp3\"><img decoding=\"async\" loading=\"lazy\" src=\"http:\/\/filadelfia.lutheran.hu\/folder.gif\" width=\"20\" height=\"22\" border=\"0\" \/><\/a>\u00a0<span style=\"color: #;\">Istentisztelet \u00e1prilis 30.\u00a0 \u00a0<\/span><br \/>\n<a href=\"http:\/\/filadelfia.lutheran.hu\/audio\/170423.mp3\"><img decoding=\"async\" loading=\"lazy\" src=\"http:\/\/filadelfia.lutheran.hu\/folder.gif\" width=\"20\" height=\"22\" border=\"0\" \/><\/a>\u00a0<span style=\"color: #;\">Istentisztelet \u00e1prilis 23.\u00a0<\/span><br \/>\n<a href=\"http:\/\/filadelfia.lutheran.hu\/audio\/170416.mp3\"><img decoding=\"async\" loading=\"lazy\" src=\"http:\/\/filadelfia.lutheran.hu\/folder.gif\" width=\"20\" height=\"22\" border=\"0\" \/><\/a>\u00a0<span style=\"color: #;\">Istentisztelet \u00e1prilis 16.\u00a0\u00a0<\/span><br \/>\n<a href=\"http:\/\/filadelfia.lutheran.hu\/audio\/170414.mp3\"><img decoding=\"async\" loading=\"lazy\" src=\"http:\/\/filadelfia.lutheran.hu\/folder.gif\" width=\"20\" height=\"22\" border=\"0\" \/><\/a>\u00a0<span style=\"color: #;\">Istentisztelet \u00e1prilis 14.\u00a0\u00a0<\/span><br \/>\n<a href=\"http:\/\/filadelfia.lutheran.hu\/audio\/170409.mp3\"><img decoding=\"async\" loading=\"lazy\" src=\"http:\/\/filadelfia.lutheran.hu\/folder.gif\" width=\"20\" height=\"22\" border=\"0\" \/><\/a>\u00a0<span style=\"color: #;\">Istentisztelet \u00e1prilis 09.\u00a0\u00a0<\/span><br \/>\n<a href=\"http:\/\/filadelfia.lutheran.hu\/audio\/170402.mp3\"><img decoding=\"async\" loading=\"lazy\" src=\"http:\/\/filadelfia.lutheran.hu\/folder.gif\" width=\"20\" height=\"22\" border=\"0\" \/><\/a>\u00a0<span style=\"color: #;\">Istentisztelet \u00e1prilis 02.\u00a0\u00a0<\/span><br \/>\n<a href=\"http:\/\/filadelfia.lutheran.hu\/audio\/170326.mp3\"><img decoding=\"async\" loading=\"lazy\" src=\"http:\/\/filadelfia.lutheran.hu\/folder.gif\" width=\"20\" height=\"22\" border=\"0\" \/><\/a>\u00a0<span style=\"color: #;\">Istentisztelet m\u00e1rcius 26.\u00a0\u00a0<\/span><br \/>\n<a href=\"http:\/\/filadelfia.lutheran.hu\/audio\/170319.mp3\"><img decoding=\"async\" loading=\"lazy\" src=\"http:\/\/filadelfia.lutheran.hu\/folder.gif\" width=\"20\" height=\"22\" border=\"0\" \/><\/a>\u00a0<span style=\"color: #;\">Istentisztelet m\u00e1rcius 19.\u00a0\u00a0<\/span><br \/>\n<a href=\"http:\/\/filadelfia.lutheran.hu\/audio\/170312.mp3\"><img decoding=\"async\" loading=\"lazy\" src=\"http:\/\/filadelfia.lutheran.hu\/folder.gif\" width=\"20\" height=\"22\" border=\"0\" \/><\/a>\u00a0<span style=\"color: #;\">Istentisztelet m\u00e1rcius 12.\u00a0\u00a0<\/span><br \/>\n<a href=\"http:\/\/filadelfia.lutheran.hu\/audio\/170305.mp3\"><img decoding=\"async\" loading=\"lazy\" src=\"http:\/\/filadelfia.lutheran.hu\/folder.gif\" width=\"20\" height=\"22\" border=\"0\" \/><\/a>\u00a0<span style=\"color: #;\">Istentisztelet m\u00e1rcius 05.<\/span><br \/>\n<a href=\"http:\/\/filadelfia.lutheran.hu\/audio\/170226.mp3\"><img decoding=\"async\" loading=\"lazy\" src=\"http:\/\/filadelfia.lutheran.hu\/folder.gif\" width=\"20\" height=\"22\" border=\"0\" \/><\/a>\u00a0<span style=\"color: #;\">Istentisztelet febru\u00e1r 26.\u00a0<\/span><br \/>\n<a href=\"http:\/\/filadelfia.lutheran.hu\/audio\/170219.mp3\"><img decoding=\"async\" loading=\"lazy\" src=\"http:\/\/filadelfia.lutheran.hu\/folder.gif\" width=\"20\" height=\"22\" border=\"0\" \/><\/a>\u00a0<span style=\"color: #;\">Istentisztelet febru\u00e1r 19.\u00a0<\/span><br \/>\n<a href=\"http:\/\/filadelfia.lutheran.hu\/audio\/170212.mp3\"><img decoding=\"async\" loading=\"lazy\" src=\"http:\/\/filadelfia.lutheran.hu\/folder.gif\" width=\"20\" height=\"22\" border=\"0\" \/><\/a>\u00a0<span style=\"color: #;\">Istentisztelet febru\u00e1r 12.\u00a0\u00a0<\/span><br \/>\n<a href=\"http:\/\/filadelfia.lutheran.hu\/audio\/170205.mp3\"><img decoding=\"async\" loading=\"lazy\" src=\"http:\/\/filadelfia.lutheran.hu\/folder.gif\" width=\"20\" height=\"22\" border=\"0\" \/><\/a>\u00a0<span style=\"color: #;\">Istentisztelet febru\u00e1r 05.\u00a0<\/span><br \/>\n<a href=\"http:\/\/filadelfia.lutheran.hu\/audio\/170129.mp3\"><img decoding=\"async\" loading=\"lazy\" src=\"http:\/\/filadelfia.lutheran.hu\/folder.gif\" width=\"20\" height=\"22\" border=\"0\" \/><\/a>\u00a0<span style=\"color: #;\">Istentisztelet janu\u00e1r 29.\u00a0<\/span><br \/>\n<a href=\"http:\/\/filadelfia.lutheran.hu\/audio\/170122.mp3\"><img decoding=\"async\" loading=\"lazy\" src=\"http:\/\/filadelfia.lutheran.hu\/folder.gif\" width=\"20\" height=\"22\" border=\"0\" \/><\/a>\u00a0<span style=\"color: #;\">Istentisztelet janu\u00e1r 22.<\/span><br \/>\n<a href=\"http:\/\/filadelfia.lutheran.hu\/audio\/170108.mp3\"><img decoding=\"async\" loading=\"lazy\" src=\"http:\/\/filadelfia.lutheran.hu\/folder.gif\" width=\"20\" height=\"22\" border=\"0\" \/><\/a>\u00a0<span style=\"color: #;\">Istentisztelet janu\u00e1r 08.\u00a0<\/span><br \/>\n<a href=\"http:\/\/filadelfia.lutheran.hu\/audio\/170101.mp3\"><img decoding=\"async\" loading=\"lazy\" src=\"http:\/\/filadelfia.lutheran.hu\/folder.gif\" width=\"20\" height=\"22\" border=\"0\" \/><\/a>\u00a0<span style=\"color: #;\">.Istentisztelet janu\u00e1r 01.\u00a0<\/span><\/p>\n<p><a href=\"https:\/\/mystat.synch.hu\/query.php?id=5619\" target=\"_blank\" rel=\"noopener noreferrer\"><script language=\"JavaScript\" src=\"https:\/\/mystat.synch.hu\/stat.php?h=4&#038;id=5619\"><\/script><noscript><img decoding=\"async\" src=\"https:\/\/mystat.synch.hu\/collect.php?id=5619&#038;h=4\"\/> Code &#8212;<\/noscript><\/a><\/p>\n<p>&nbsp;<\/p>\n","protected":false},"excerpt":{"rendered":"<p><a href=\"http:\/\/filadelfia.lutheran.hu\/audio\/171226.mp3\"><img decoding=\"async\" loading=\"lazy\" src=\"http:\/\/filadelfia.lutheran.hu\/folder.gif\" width=\"20\" height=\"22\" border=\"0\" \/><\/a>\u00a0<span style=\"color: #;\">Istentisztelet december 26, Kisv\u00e1rda.\u00a0<\/span><br \/>\n<a href=\"http:\/\/filadelfia.lu...\n<\/p>\n","protected":false},"author":1,"featured_media":0,"parent":179,"menu_order":0,"comment_status":"closed","ping_status":"closed","template":"","meta":[],"_links":{"self":[{"href":"https:\/\/filadelfia.lutheran.hu?lang=hu_HU%2Findex.php&rest_route=\/wp\/v2\/pages\/839"}],"collection":[{"href":"https:\/\/filadelfia.lutheran.hu?lang=hu_HU%2Findex.php&rest_route=\/wp\/v2\/pages"}],"about":[{"href":"https:\/\/filadelfia.lutheran.hu?lang=hu_HU%2Findex.php&rest_route=\/wp\/v2\/types\/page"}],"author":[{"embeddable":true,"href":"https:\/\/filadelfia.lutheran.hu?lang=hu_HU%2Findex.php&rest_route=\/wp\/v2\/users\/1"}],"replies":[{"embeddable":true,"href":"https:\/\/filadelfia.lutheran.hu?lang=hu_HU%2Findex.php&rest_route=%2Fwp%2Fv2%2Fcomments&post=839"}],"version-history":[{"count":12,"href":"https:\/\/filadelfia.lutheran.hu?lang=hu_HU%2Findex.php&rest_route=\/wp\/v2\/pages\/839\/revisions"}],"predecessor-version":[{"id":15880,"href":"https:\/\/filadelfia.lutheran.hu?lang=hu_HU%2Findex.php&rest_route=\/wp\/v2\/pages\/839\/revisions\/15880"}],"up":[{"embeddable":true,"href":"https:\/\/filadelfia.lutheran.hu?lang=hu_HU%2Findex.php&rest_route=\/wp\/v2\/pages\/179"}],"wp:attachment":[{"href":"https:\/\/filadelfia.lutheran.hu?lang=hu_HU%2Findex.php&rest_route=%2Fwp%2Fv2%2Fmedia&parent=839"}],"curies":[{"name":"wp","href":"https:\/\/api.w.org\/{rel}","templated":true}]}}