{"id":836,"date":"2018-03-23T12:44:27","date_gmt":"2018-03-23T12:44:27","guid":{"rendered":"http:\/\/filadelfia.lutheran.hu\/?page_id=836"},"modified":"2018-07-30T16:27:44","modified_gmt":"2018-07-30T14:27:44","slug":"radioriportok","status":"publish","type":"page","link":"https:\/\/filadelfia.lutheran.hu\/?page_id=836&lang=hu_HU","title":{"rendered":"R\u00e1di\u00f3riportok"},"content":{"rendered":"<p><a href=\"http:\/\/filadelfia.lutheran.hu\/audio\/Riport_2015.04.21._Kiss_Mate.mp3\"><img decoding=\"async\" loading=\"lazy\" src=\"http:\/\/filadelfia.lutheran.hu\/folder.gif\" width=\"20\" height=\"22\" border=\"0\" \/><\/a>\u00a0<span style=\"color: #;\">Kiss M\u00e1t\u00e9val k\u00e9sz\u00edtett riport.<\/span><br \/>\n<a href=\"http:\/\/filadelfia.lutheran.hu\/audio\/Riport_2015.04.22._Kiss_Tamas.mp3\"><img decoding=\"async\" loading=\"lazy\" src=\"http:\/\/filadelfia.lutheran.hu\/folder.gif\" width=\"20\" height=\"22\" border=\"0\" \/><\/a>\u00a0<span style=\"color: #;\">Kiss Tam\u00e1ssal k\u00e9sz\u00edtett riport. <\/span><br \/>\n<a href=\"http:\/\/filadelfia.lutheran.hu\/audio\/Riport_2015.04.23._Fintor_Tamas.mp3\"><img decoding=\"async\" loading=\"lazy\" src=\"http:\/\/filadelfia.lutheran.hu\/folder.gif\" width=\"20\" height=\"22\" border=\"0\" \/><\/a>\u00a0<span style=\"color: #;\">Fintor Tam\u00e1ssal k\u00e9sz\u00edtett riport. <\/span><br \/>\n<a href=\"http:\/\/filadelfia.lutheran.hu\/audio\/Riport_2015.04.28._ifj._Adam_Barnabas.mp3\"><img decoding=\"async\" loading=\"lazy\" src=\"http:\/\/filadelfia.lutheran.hu\/folder.gif\" width=\"20\" height=\"22\" border=\"0\" \/><\/a>\u00a0<span style=\"color: #;\">ifj._\u00c1d\u00e1m_Barnab\u00e1ssal k\u00e9sz\u00edtett riport.\u00a0<\/span><\/p>\n<p><a href=\"https:\/\/mystat.synch.hu\/query.php?id=5619\" target=_blank><script language=\"JavaScript\" src=\"https:\/\/mystat.synch.hu\/stat.php?h=4&#038;id=5619\"><\/script><noscript><img decoding=\"async\" src=\"https:\/\/mystat.synch.hu\/collect.php?id=5619&#038;h=4\"\/> Code &#8212;<\/noscript><\/a><\/p>\n","protected":false},"excerpt":{"rendered":"<p><a href=\"http:\/\/filadelfia.lutheran.hu\/audio\/Riport_2015.04.21._Kiss_Mate.mp3\"><img decoding=\"async\" loading=\"lazy\" src=\"http:\/\/filadelfia.lutheran.hu\/folder.gif\" width=\"20\" height=\"22\" border=\"0\" \/><\/a>\u00a0<span style=\"color: #;\">Kiss M\u00e1t\u00e9val k\u00e9sz\u00edtett riport.<\/span><br \/>\n<a href=\"http:\/...\n<\/p>\n","protected":false},"author":1,"featured_media":0,"parent":829,"menu_order":0,"comment_status":"closed","ping_status":"closed","template":"","meta":[],"_links":{"self":[{"href":"https:\/\/filadelfia.lutheran.hu?lang=hu_HU%2Findex.php&rest_route=\/wp\/v2\/pages\/836"}],"collection":[{"href":"https:\/\/filadelfia.lutheran.hu?lang=hu_HU%2Findex.php&rest_route=\/wp\/v2\/pages"}],"about":[{"href":"https:\/\/filadelfia.lutheran.hu?lang=hu_HU%2Findex.php&rest_route=\/wp\/v2\/types\/page"}],"author":[{"embeddable":true,"href":"https:\/\/filadelfia.lutheran.hu?lang=hu_HU%2Findex.php&rest_route=\/wp\/v2\/users\/1"}],"replies":[{"embeddable":true,"href":"https:\/\/filadelfia.lutheran.hu?lang=hu_HU%2Findex.php&rest_route=%2Fwp%2Fv2%2Fcomments&post=836"}],"version-history":[{"count":3,"href":"https:\/\/filadelfia.lutheran.hu?lang=hu_HU%2Findex.php&rest_route=\/wp\/v2\/pages\/836\/revisions"}],"predecessor-version":[{"id":6518,"href":"https:\/\/filadelfia.lutheran.hu?lang=hu_HU%2Findex.php&rest_route=\/wp\/v2\/pages\/836\/revisions\/6518"}],"up":[{"embeddable":true,"href":"https:\/\/filadelfia.lutheran.hu?lang=hu_HU%2Findex.php&rest_route=\/wp\/v2\/pages\/829"}],"wp:attachment":[{"href":"https:\/\/filadelfia.lutheran.hu?lang=hu_HU%2Findex.php&rest_route=%2Fwp%2Fv2%2Fmedia&parent=836"}],"curies":[{"name":"wp","href":"https:\/\/api.w.org\/{rel}","templated":true}]}}