{"id":831,"date":"2018-03-23T12:37:45","date_gmt":"2018-03-23T12:37:45","guid":{"rendered":"http:\/\/filadelfia.lutheran.hu\/?page_id=831"},"modified":"2018-10-04T22:41:10","modified_gmt":"2018-10-04T20:41:10","slug":"biblia-felolvasasa-fejezetenkent","status":"publish","type":"page","link":"https:\/\/filadelfia.lutheran.hu\/?page_id=831&lang=hu_HU","title":{"rendered":"Biblia felolvas\u00e1sa fejezetenk\u00e9nt, D\u00f6rnyei S\u00e1ndor."},"content":{"rendered":"<p><a href=\"http:\/\/filadelfia.lutheran.hu\/audio\/biblia1.mp3\"><img decoding=\"async\" loading=\"lazy\" src=\"http:\/\/filadelfia.lutheran.hu\/folder.gif\" width=\"20\" height=\"22\" border=\"0\" \/><\/a>\u00a0<span style=\"color: #;\">A Biblia felolvas\u00e1sa 1. r\u00e9sz.\u00a0<\/span><br \/>\n<a href=\"http:\/\/filadelfia.lutheran.hu\/audio\/biblia2.mp3\"><img decoding=\"async\" loading=\"lazy\" src=\"http:\/\/filadelfia.lutheran.hu\/folder.gif\" width=\"20\" height=\"22\" border=\"0\" \/><\/a>\u00a0<span style=\"color: #;\">A Biblia felolvas\u00e1sa 2. r\u00e9sz.<\/span><br \/>\n<a href=\"http:\/\/filadelfia.lutheran.hu\/audio\/biblia3.mp3\"><img decoding=\"async\" loading=\"lazy\" src=\"http:\/\/filadelfia.lutheran.hu\/folder.gif\" width=\"20\" height=\"22\" border=\"0\" \/><\/a>\u00a0<span style=\"color: #;\">A Biblia felolvas\u00e1sa 3. r\u00e9sz.\u00a0<\/span><br \/>\n<a href=\"http:\/\/filadelfia.lutheran.hu\/audio\/biblia4.mp3\"><img decoding=\"async\" loading=\"lazy\" src=\"http:\/\/filadelfia.lutheran.hu\/folder.gif\" width=\"20\" height=\"22\" border=\"0\" \/><\/a>\u00a0<span style=\"color: #;\">A Biblia felolvas\u00e1sa 4. r\u00e9sz. <\/span><br \/>\n<a href=\"http:\/\/filadelfia.lutheran.hu\/audio\/biblia5.mp3\"><img decoding=\"async\" loading=\"lazy\" src=\"http:\/\/filadelfia.lutheran.hu\/folder.gif\" width=\"20\" height=\"22\" border=\"0\" \/><\/a>\u00a0<span style=\"color: #;\">A Biblia felolvas\u00e1sa 5. r\u00e9sz. <\/span><br \/>\n<a href=\"http:\/\/filadelfia.lutheran.hu\/audio\/biblia6.mp3\"><img decoding=\"async\" loading=\"lazy\" src=\"http:\/\/filadelfia.lutheran.hu\/folder.gif\" width=\"20\" height=\"22\" border=\"0\" \/><\/a>\u00a0<span style=\"color: #;\">A Biblia felolvas\u00e1sa 6. r\u00e9sz. <\/span><br \/>\n<a href=\"http:\/\/filadelfia.lutheran.hu\/audio\/biblia7.mp3\"><img decoding=\"async\" loading=\"lazy\" src=\"http:\/\/filadelfia.lutheran.hu\/folder.gif\" width=\"20\" height=\"22\" border=\"0\" \/><\/a>\u00a0<span style=\"color: #;\">A Biblia felolvas\u00e1sa 7. r\u00e9sz. <\/span><br \/>\n<a href=\"http:\/\/filadelfia.lutheran.hu\/audio\/biblia8.mp3\"><img decoding=\"async\" loading=\"lazy\" src=\"http:\/\/filadelfia.lutheran.hu\/folder.gif\" width=\"20\" height=\"22\" border=\"0\" \/><\/a>\u00a0<span style=\"color: #;\">A Biblia felolvas\u00e1sa 8. r\u00e9sz. <\/span><br \/>\n<a href=\"http:\/\/filadelfia.lutheran.hu\/audio\/biblia9.mp3\"><img decoding=\"async\" loading=\"lazy\" src=\"http:\/\/filadelfia.lutheran.hu\/folder.gif\" width=\"20\" height=\"22\" border=\"0\" \/><\/a>\u00a0<span style=\"color: #;\">A Biblia felolvas\u00e1sa 9. r\u00e9sz.<\/span><br \/>\n<a href=\"http:\/\/filadelfia.lutheran.hu\/audio\/biblia10.mp3\"><img decoding=\"async\" loading=\"lazy\" src=\"http:\/\/filadelfia.lutheran.hu\/folder.gif\" width=\"20\" height=\"22\" border=\"0\" \/><\/a>\u00a0<span style=\"color: #;\">A Biblia felolvas\u00e1sa 10. r\u00e9sz.<\/span><br \/>\n<a href=\"http:\/\/filadelfia.lutheran.hu\/audio\/biblia11.mp3\"><img decoding=\"async\" loading=\"lazy\" src=\"http:\/\/filadelfia.lutheran.hu\/folder.gif\" width=\"20\" height=\"22\" border=\"0\" \/><\/a>\u00a0<span style=\"color: #;\">A Biblia felolvas\u00e1sa 11. r\u00e9sz. <\/span><br \/>\n<a href=\"http:\/\/filadelfia.lutheran.hu\/audio\/biblia12.mp3\"><img decoding=\"async\" loading=\"lazy\" src=\"http:\/\/filadelfia.lutheran.hu\/folder.gif\" width=\"20\" height=\"22\" border=\"0\" \/><\/a>\u00a0<span style=\"color: #;\">A Biblia felolvas\u00e1sa 12. r\u00e9sz.\u00a0<\/span><br \/>\n<a href=\"http:\/\/filadelfia.lutheran.hu\/audio\/biblia13.mp3\"><img decoding=\"async\" loading=\"lazy\" src=\"http:\/\/filadelfia.lutheran.hu\/folder.gif\" width=\"20\" height=\"22\" border=\"0\" \/><\/a>\u00a0<span style=\"color: #;\">A Biblia felolvas\u00e1sa 13. r\u00e9sz.\u00a0\u00a0<\/span><br \/>\n<a href=\"http:\/\/filadelfia.lutheran.hu\/audio\/biblia14.mp3\"><img decoding=\"async\" loading=\"lazy\" src=\"http:\/\/filadelfia.lutheran.hu\/folder.gif\" width=\"20\" height=\"22\" border=\"0\" \/><\/a>\u00a0<span style=\"color: #;\">A Biblia felolvas\u00e1sa 14. r\u00e9sz.\u00a0<\/span><br \/>\n<a href=\"http:\/\/filadelfia.lutheran.hu\/audio\/biblia15.mp3\"><img decoding=\"async\" loading=\"lazy\" src=\"http:\/\/filadelfia.lutheran.hu\/folder.gif\" width=\"20\" height=\"22\" border=\"0\" \/><\/a>\u00a0<span style=\"color: #;\">A Biblia felolvas\u00e1sa 15. r\u00e9sz. <\/span><br \/>\n<a href=\"http:\/\/filadelfia.lutheran.hu\/audio\/biblia16.mp3\"><img decoding=\"async\" loading=\"lazy\" src=\"http:\/\/filadelfia.lutheran.hu\/folder.gif\" width=\"20\" height=\"22\" border=\"0\" \/><\/a>\u00a0<span style=\"color: #;\">A Biblia felolvas\u00e1sa 16. r\u00e9sz.\u00a0<\/span><br \/>\n<a href=\"http:\/\/filadelfia.lutheran.hu\/audio\/biblia17.mp3\"><img decoding=\"async\" loading=\"lazy\" src=\"http:\/\/filadelfia.lutheran.hu\/folder.gif\" width=\"20\" height=\"22\" border=\"0\" \/><\/a>\u00a0<span style=\"color: #;\">A Biblia felolvas\u00e1sa 17. r\u00e9sz.<\/span><br \/>\n<a href=\"http:\/\/filadelfia.lutheran.hu\/audio\/biblia18.mp3\"><img decoding=\"async\" loading=\"lazy\" src=\"http:\/\/filadelfia.lutheran.hu\/folder.gif\" width=\"20\" height=\"22\" border=\"0\" \/><\/a>\u00a0<span style=\"color: #;\">A Biblia felolvas\u00e1sa 18. r\u00e9sz. <\/span><br \/>\n<a href=\"http:\/\/filadelfia.lutheran.hu\/audio\/biblia19.mp3\"><img decoding=\"async\" loading=\"lazy\" src=\"http:\/\/filadelfia.lutheran.hu\/folder.gif\" width=\"20\" height=\"22\" border=\"0\" \/><\/a>\u00a0<span style=\"color: #;\">A Biblia felolvas\u00e1sa 19. r\u00e9sz.<\/span><br \/>\n<a href=\"http:\/\/filadelfia.lutheran.hu\/audio\/biblia20.mp3\"><img decoding=\"async\" loading=\"lazy\" src=\"http:\/\/filadelfia.lutheran.hu\/folder.gif\" width=\"20\" height=\"22\" border=\"0\" \/><\/a>\u00a0<span style=\"color: #;\">A Biblia felolvas\u00e1sa 20. r\u00e9sz. <\/span><br \/>\n<a href=\"http:\/\/filadelfia.lutheran.hu\/audio\/biblia21.mp3\"><img decoding=\"async\" loading=\"lazy\" src=\"http:\/\/filadelfia.lutheran.hu\/folder.gif\" width=\"20\" height=\"22\" border=\"0\" \/><\/a>\u00a0<span style=\"color: #;\">A Biblia felolvas\u00e1sa 21. r\u00e9sz. <\/span><br \/>\n<a href=\"http:\/\/filadelfia.lutheran.hu\/audio\/biblia22.mp3\"><img decoding=\"async\" loading=\"lazy\" src=\"http:\/\/filadelfia.lutheran.hu\/folder.gif\" width=\"20\" height=\"22\" border=\"0\" \/><\/a>\u00a0<span style=\"color: #;\">A Biblia felolvas\u00e1sa 22. r\u00e9sz.<\/span><br \/>\n<a href=\"http:\/\/filadelfia.lutheran.hu\/audio\/biblia23.mp3\"><img decoding=\"async\" loading=\"lazy\" src=\"http:\/\/filadelfia.lutheran.hu\/folder.gif\" width=\"20\" height=\"22\" border=\"0\" \/><\/a>\u00a0<span style=\"color: #;\">A Biblia felolvas\u00e1sa 23. r\u00e9sz.<\/span><br \/>\n<a href=\"http:\/\/filadelfia.lutheran.hu\/audio\/biblia24.mp3\"><img decoding=\"async\" loading=\"lazy\" src=\"http:\/\/filadelfia.lutheran.hu\/folder.gif\" width=\"20\" height=\"22\" border=\"0\" \/><\/a>\u00a0<span style=\"color: #;\">A Biblia felolvas\u00e1sa 24. r\u00e9sz.<\/span><br \/>\n<a href=\"http:\/\/filadelfia.lutheran.hu\/audio\/biblia25.mp3\"><img decoding=\"async\" loading=\"lazy\" src=\"http:\/\/filadelfia.lutheran.hu\/folder.gif\" width=\"20\" height=\"22\" border=\"0\" \/><\/a>\u00a0<span style=\"color: #;\">A Biblia felolvas\u00e1sa 25. r\u00e9sz.<\/span><\/p>\n<p><a href=\"https:\/\/mystat.synch.hu\/query.php?id=5619\" target=_blank><script language=\"JavaScript\" src=\"https:\/\/mystat.synch.hu\/stat.php?h=4&#038;id=5619\"><\/script><noscript><img decoding=\"async\" src=\"https:\/\/mystat.synch.hu\/collect.php?id=5619&#038;h=4\"\/> Code &#8212;<\/noscript><\/a><\/p>\n","protected":false},"excerpt":{"rendered":"<p><a href=\"http:\/\/filadelfia.lutheran.hu\/audio\/biblia1.mp3\"><img decoding=\"async\" loading=\"lazy\" src=\"http:\/\/filadelfia.lutheran.hu\/folder.gif\" width=\"20\" height=\"22\" border=\"0\" \/><\/a>\u00a0<span style=\"color: #;\">A Biblia felolvas\u00e1sa 1. r\u00e9sz.\u00a0<\/span><br \/>\n<a href=\"http:\/\/filadelfia.lutheran....\n<\/p>\n","protected":false},"author":1,"featured_media":0,"parent":829,"menu_order":0,"comment_status":"closed","ping_status":"closed","template":"","meta":[],"_links":{"self":[{"href":"https:\/\/filadelfia.lutheran.hu?lang=hu_HU%2Findex.php&rest_route=\/wp\/v2\/pages\/831"}],"collection":[{"href":"https:\/\/filadelfia.lutheran.hu?lang=hu_HU%2Findex.php&rest_route=\/wp\/v2\/pages"}],"about":[{"href":"https:\/\/filadelfia.lutheran.hu?lang=hu_HU%2Findex.php&rest_route=\/wp\/v2\/types\/page"}],"author":[{"embeddable":true,"href":"https:\/\/filadelfia.lutheran.hu?lang=hu_HU%2Findex.php&rest_route=\/wp\/v2\/users\/1"}],"replies":[{"embeddable":true,"href":"https:\/\/filadelfia.lutheran.hu?lang=hu_HU%2Findex.php&rest_route=%2Fwp%2Fv2%2Fcomments&post=831"}],"version-history":[{"count":5,"href":"https:\/\/filadelfia.lutheran.hu?lang=hu_HU%2Findex.php&rest_route=\/wp\/v2\/pages\/831\/revisions"}],"predecessor-version":[{"id":7814,"href":"https:\/\/filadelfia.lutheran.hu?lang=hu_HU%2Findex.php&rest_route=\/wp\/v2\/pages\/831\/revisions\/7814"}],"up":[{"embeddable":true,"href":"https:\/\/filadelfia.lutheran.hu?lang=hu_HU%2Findex.php&rest_route=\/wp\/v2\/pages\/829"}],"wp:attachment":[{"href":"https:\/\/filadelfia.lutheran.hu?lang=hu_HU%2Findex.php&rest_route=%2Fwp%2Fv2%2Fmedia&parent=831"}],"curies":[{"name":"wp","href":"https:\/\/api.w.org\/{rel}","templated":true}]}}