{"id":63,"date":"2017-03-07T13:13:17","date_gmt":"2017-03-07T13:13:17","guid":{"rendered":"http:\/\/filadelfia.lutheran.hu\/?page_id=63"},"modified":"2025-10-12T21:44:46","modified_gmt":"2025-10-12T19:44:46","slug":"elerhetosegeink","status":"publish","type":"page","link":"https:\/\/filadelfia.lutheran.hu\/?page_id=63&lang=hu_HU","title":{"rendered":"El\u00e9rhet\u00f6s\u00e9geink"},"content":{"rendered":"<p><strong><a href=\"https:\/\/www.google.hu\/maps\/place\/48%C2%B000'29.2%22N+21%C2%B038'02.1%22E\/@48.0081882,21.6332718,379m\/data=!3m1!1e3!4m14!1m7!3m6!1s0x0:0x0!2zNDjCsDAwJzA0LjIiTiAyMcKwMzInNDIuMiJF!3b1!8m2!3d48.0011667!4d21.5450556!3m5!1s0x4738a11526ace48b:0x849e3f57f19bc0a!7e2!8m2!3d48.0081192!4d21.6339087?hl=hu\"><img decoding=\"async\" loading=\"lazy\" class=\"alignright wp-image-1243 \" src=\"http:\/\/filadelfia.lutheran.hu\/wp-content\/uploads\/2018\/03\/Capture_4-150x150.jpg\" alt=\"\" width=\"123\" height=\"123\" srcset=\"https:\/\/filadelfia.lutheran.hu\/wp-content\/uploads\/2018\/03\/Capture_4-150x150.jpg 150w, https:\/\/filadelfia.lutheran.hu\/wp-content\/uploads\/2018\/03\/Capture_4-500x500.jpg 500w, https:\/\/filadelfia.lutheran.hu\/wp-content\/uploads\/2018\/03\/Capture_4-100x100.jpg 100w\" sizes=\"(max-width: 123px) 100vw, 123px\" \/><\/a>Ny\u00edrtelek<br \/>\n<\/strong>4461 Ny\u00edrtelek, Tokaji \u00fat 52.<img decoding=\"async\" loading=\"lazy\" class=\" wp-image-6611 alignright\" \n<img decoding=\"async\" loading=\"lazy\" src=\"http:\/\/filadelfia.lutheran.hu\/wp-content\/uploads\/malikpeterkaroly-qr-code-300x300.png\" alt=\"\" width=\"123\" height=\"123\" class=\"alignnone size-medium wp-image-33438\" \/><br \/>\nMalik P\u00e9ter K\u00e1roly lelk\u00e9sz<br \/>\nMobil: +36 20 824 54 67<br \/>\nE-mail: malikpeterkaroly@gmail.com<br \/>\nWeb: http:\/\/filadelfia.lutheran.hu<\/p>\n<p>Flask\u00e1r Anett irodavezet\u0151<br \/>\nE-mail: filadelfia.ev2022@gmail.com<\/p>\n<p><strong>Kisv\u00e1rda<a href=\"https:\/\/www.google.hu\/maps\/place\/48%C2%B000'29.2%22N+21%C2%B038'02.1%22E\/@48.216623,22.0806482,377m\/data=!3m1!1e3!4m14!1m7!3m6!1s0x0:0x0!2zNDjCsDAwJzA0LjIiTiAyMcKwMzInNDIuMiJF!3b1!8m2!3d48.0011667!4d21.5450556!3m5!1s0x4738a11526ace48b:0x849e3f57f19bc0a!7e2!8m2!3d48.0081192!4d21.6339087?hl=hu\"><img decoding=\"async\" loading=\"lazy\" class=\"wp-image-1245 alignright\" src=\"http:\/\/filadelfia.lutheran.hu\/wp-content\/uploads\/2018\/03\/Capture_5-300x252.jpg\" alt=\"\" width=\"118\" height=\"99\" srcset=\"https:\/\/filadelfia.lutheran.hu\/wp-content\/uploads\/2018\/03\/Capture_5-300x252.jpg 300w, https:\/\/filadelfia.lutheran.hu\/wp-content\/uploads\/2018\/03\/Capture_5.jpg 470w\" sizes=\"(max-width: 118px) 100vw, 118px\" \/><\/a><\/strong>.<br \/>\n<img decoding=\"async\" loading=\"lazy\" class=\"size-medium wp-image-25903 alignright\" src=\"http:\/\/filadelfia.lutheran.hu\/wp-content\/uploads\/hulejeniko-qr-300x300.png\" alt=\"\" width=\"123\" height=\"123\" srcset=\"https:\/\/filadelfia.lutheran.hu\/wp-content\/uploads\/hulejeniko-qr-300x300.png 300w, https:\/\/filadelfia.lutheran.hu\/wp-content\/uploads\/hulejeniko-qr-1024x1024.png 1024w, https:\/\/filadelfia.lutheran.hu\/wp-content\/uploads\/hulejeniko-qr-150x150.png 150w, https:\/\/filadelfia.lutheran.hu\/wp-content\/uploads\/hulejeniko-qr-768x768.png 768w, https:\/\/filadelfia.lutheran.hu\/wp-content\/uploads\/hulejeniko-qr-500x500.png 500w, https:\/\/filadelfia.lutheran.hu\/wp-content\/uploads\/hulejeniko-qr.png 1500w\" sizes=\"(max-width: 123px) 100vw, 123px\" \/><br \/>\nHulej Enik\u0151 lelk\u00e9sz<br \/>\nTemplom: 4600 Kisv\u00e1rda, R\u00e1k\u00f3czi u. 28.<br \/>\nMobil: +36 20 824 33 97<br \/>\nE-mail: hulejeniko@gmail.com<br \/>\nWeb: http:\/\/filadelfia.lutheran.hu<\/p>\n<p><strong>Filadelfia Alap\u00edtv\u00e1ny<\/strong><br \/>\n4461 Ny\u00edrtelek, Tokaji \u00fat 52.<br \/>\nMobil: +36 20 824 54 67<br \/>\nAd\u00f3sz\u00e1m: 18792021-1-15<\/p>\n<p><strong>Filadelfia Szoci\u00e1lis K\u00f6zpont<\/strong><br \/>\n4461 Ny\u00edrtelek, Tokaji \u00fat 52.<br \/>\nMobil: +36 20 824 8045<\/p>\n<p><strong>Filadelfia K\u00f6z\u00f6ss\u00e9gi Szenved\u00e9lybeteg-gondoz\u00f3 Szolg\u00e1lat<\/strong><br \/>\n4461 Ny\u00edrtelek, Tokaji \u00fat 52.<br \/>\nMobil: +36 20 824 8045<\/p>\n<p><strong>Filadelfia T\u00e1mogat\u00f3 Szolg\u00e1lat<\/strong><br \/>\n4461 Ny\u00edrtelek, Tokaji \u00fat 52.<br \/>\nMobil: +36 20 824 8045<\/p>\n<p><strong>Filadelfia Tanyagondnoki Szolg\u00e1lat<\/strong><br \/>\n4461 Ny\u00edrtelek, Tokaji \u00fat 52.<br \/>\nMobil: +36 20 824 8045<\/p>\n<p>Gy\u00fclekezet\u00fcnk fenntart\u00e1s\u00e1ban m\u0171k\u00f6dik t\u00e1mogat\u00f3-, tanyagondnoki-, \u00e9s k\u00f6z\u00f6ss\u00e9gi szenved\u00e9lybeteg gondoz\u00f3 szolg\u00e1lat! Ha valaki szeretne seg\u00edts\u00e9get k\u00e9rni, szabadulni a szenved\u00e9lybetegs\u00e9g\u00e9b\u0151l, (alkohol, cigaretta, gy\u00f3gyszer, j\u00e1t\u00e9k) b\u00e1tran keresse fel a szolg\u00e1lat seg\u00edt\u0151it a ny\u00edrteleki templomunkban:<br \/>\nH\u00e9tf\u0151, szerda: 9-12-ig,<br \/>\ncs\u00fct\u00f6rt\u00f6k: 13-18-ig,<br \/>\nvagy telefonon: +36 20 824 8045.<\/p>\n<p>Akinek adom\u00e1nya van a k\u00fcl\u00f6nb\u00f6z\u0151 gy\u00fclekezeti szolg\u00e1latok t\u00e1mogat\u00e1s\u00e1ra azok a k\u00f6vetkez\u0151 sz\u00e1mlasz\u00e1mon:<br \/>\nAlap\u00edtv\u00e1ny: 11744003-20373779<br \/>\nGy\u00fclekezet: 11744003-20951276<br \/>\nvagy szem\u00e9lyesen az istentiszteleteken fizethetik be adom\u00e1nyaikat.<\/p>\n<p>Ez\u00faton is megk\u00f6sz\u00f6nj\u00fck t\u00e1mogat\u00f3ink szolg\u00e1lat k\u00e9szs\u00e9g\u00e9t \u00e9s adom\u00e1nyait.<\/p>\n<p><a href=\"https:\/\/mystat.synch.hu\/query.php?id=5619\" target=\"_blank\" rel=\"noopener noreferrer\"><script language=\"JavaScript\" src=\"https:\/\/mystat.synch.hu\/stat.php?h=4&amp;id=5619\"><\/script><noscript><img decoding=\"async\" src=\"https:\/\/mystat.synch.hu\/collect.php?id=5619&amp;h=4\"\/> Code &#8212;<\/noscript><\/a><\/p>\n","protected":false},"excerpt":{"rendered":"<p><strong><a href=\"https:\/\/www.google.hu\/maps\/place\/48%C2%B000'29.2%22N+21%C2%B038'02.1%22E\/@48.0081882,21.6332718,379m\/data=!3m1!1e3!4m14!1m7!3m6!1s0x0:0x0!2zNDjCsDAwJzA0LjIiTiAyMcKwMzInNDIuMiJF!3b1!8m2!3d48.0011667!4d21.5450556!3m5!1s0x4738a11526ace4...\n<\/p>\n","protected":false},"author":1,"featured_media":0,"parent":0,"menu_order":0,"comment_status":"closed","ping_status":"closed","template":"","meta":[],"_links":{"self":[{"href":"https:\/\/filadelfia.lutheran.hu?lang=hu_HU%2Findex.php&rest_route=\/wp\/v2\/pages\/63"}],"collection":[{"href":"https:\/\/filadelfia.lutheran.hu?lang=hu_HU%2Findex.php&rest_route=\/wp\/v2\/pages"}],"about":[{"href":"https:\/\/filadelfia.lutheran.hu?lang=hu_HU%2Findex.php&rest_route=\/wp\/v2\/types\/page"}],"author":[{"embeddable":true,"href":"https:\/\/filadelfia.lutheran.hu?lang=hu_HU%2Findex.php&rest_route=\/wp\/v2\/users\/1"}],"replies":[{"embeddable":true,"href":"https:\/\/filadelfia.lutheran.hu?lang=hu_HU%2Findex.php&rest_route=%2Fwp%2Fv2%2Fcomments&post=63"}],"version-history":[{"count":94,"href":"https:\/\/filadelfia.lutheran.hu?lang=hu_HU%2Findex.php&rest_route=\/wp\/v2\/pages\/63\/revisions"}],"predecessor-version":[{"id":33450,"href":"https:\/\/filadelfia.lutheran.hu?lang=hu_HU%2Findex.php&rest_route=\/wp\/v2\/pages\/63\/revisions\/33450"}],"wp:attachment":[{"href":"https:\/\/filadelfia.lutheran.hu?lang=hu_HU%2Findex.php&rest_route=%2Fwp%2Fv2%2Fmedia&parent=63"}],"curies":[{"name":"wp","href":"https:\/\/api.w.org\/{rel}","templated":true}]}}