{"id":61,"date":"2017-03-07T13:09:37","date_gmt":"2017-03-07T13:09:37","guid":{"rendered":"http:\/\/filadelfia.lutheran.hu\/?page_id=61"},"modified":"2025-03-11T15:55:31","modified_gmt":"2025-03-11T14:55:31","slug":"alapitvanyunk","status":"publish","type":"page","link":"https:\/\/filadelfia.lutheran.hu\/?page_id=61&lang=hu_HU","title":{"rendered":"Alap\u00edtv\u00e1nyunk"},"content":{"rendered":"<p>Alap\u00edtv\u00e1nyunkat 1993-ban hozta l\u00e9tre a Ny\u00edrsz\u0151l\u0151si Evang\u00e9likus Gy\u00fclekezet, a Ny\u00edregyh\u00e1za \u00e9s Ny\u00edrtelek k\u00f6rny\u00e9k\u00e9n -neh\u00e9z k\u00f6r\u00fclm\u00e9nyek k\u00f6z\u00f6tt \u00e9l\u0151- ifj\u00fas\u00e1g nevel\u00e9s\u00e9nek seg\u00edt\u00e9s\u00e9re. Az APEH enged\u00e9lyezte az ad\u00f3alapcs\u00f6kkent\u0151 igazol\u00e1sok kiad\u00e1s\u00e1t, \u00e9s 1997-t\u0151l fogadhatjuk a felaj\u00e1nlott 1%-okat is. Ez ut\u00f3bbib\u00f3l 1997-ben 90.000, k\u00f6vetkez\u0151 \u00e9vekben 100.000 \u00e9s 200.000-ft k\u00f6z\u00f6tt kaptunk. C\u00e9ljaink megval\u00f3s\u00edt\u00e1sa \u00e9rdek\u00e9ben ny\u00e1ri t\u00e1borokat szervez\u00fcnk az orsz\u00e1g k\u00fcl\u00f6nb\u00f6z\u0151 t\u00e1jaira, gy\u00fclekezeti keretek k\u00f6z\u00f6tt, vagy az EKE-vel k\u00f6z\u00f6sen, ahol seg\u00edts\u00e9get ny\u00fajtunk az \u00e9rtelmes \u00e9let kialak\u00edt\u00e1s\u00e1ra, az ifj\u00fas\u00e1g \u00e9letigenl\u0151, pozit\u00edv \u00e9rt\u00e9keket felmutat\u00f3 nevel\u00e9s\u00e9ben, csal\u00e1di \u00e9letre val\u00f3 felk\u00e9sz\u00edt\u00e9s\u00e9ben, k\u00e1ros szenved\u00e9lyekt\u0151l mentes, harm\u00f3nikus egy\u00e9ni \u00e9s k\u00f6z\u00f6ss\u00e9gi \u00e9let kialak\u00edt\u00e1s\u00e1ban. A k\u00f6z\u00f6ss\u00e9gben akt\u00edv fiatalokkal k\u00f6z\u00f6ss\u00e9g\u00e9p\u00edt\u0151 szolg\u00e1latokat ind\u00edtottunk a k\u00f6rnyezet\u00fcnkben, pl: a tiszadobi gyermekv\u00e1rosban.<\/p>\n<p><strong>Sz\u00e1mlasz\u00e1munk: <\/strong><br \/>\n1 1 7 4 4 0 0 3 &#8211; 2 0 3 7 3 7 7 9<\/p>\n<p><strong>Ad\u00f3sz\u00e1munk: <\/strong><br \/>\n1 8 7 9 2 0 2 1 &#8211; 1 &#8211; 1 5<\/p>\n<p style=\"text-align: center;\"><strong>RENDELKEZ\u00c9S AD\u00d3 1 + 1 %-\u00e1r\u00f3l<\/strong><\/p>\n<p style=\"text-align: center;\"><strong>Gy\u00fclekezeti alap\u00edtv\u00e1nyunk: Filadelfia Alap\u00edtv\u00e1ny: 18792021-1-15 <\/strong><\/p>\n<p style=\"text-align: center;\">A civil kedvezm\u00e9nyezettek jav\u00e1ra tov\u00e1bbra is \u00e9venk\u00e9nt kell nyilatkozni,<br \/>\nmivel ezeket a felaj\u00e1nl\u00e1sokat csak egy alkalommal, a rendelkez\u00e9s \u00e9v\u00e9ben veszi figyelembe a NAV.<br \/>\nAz szja 1+1%-\u00e1r\u00f3l rendelkez\u0151 d\u00f6nthet \u00fagy, hogy a NAV k\u00f6z\u00f6lje nev\u00e9t \u00e9s el\u00e9rhet\u0151s\u00e9g\u00e9t a megjel\u00f6lt civil kedvezm\u00e9nyezettel. Ezeknek az adatoknak a megad\u00e1sa \u00e9s az adatkezel\u00e9si hozz\u00e1j\u00e1rul\u00e1s \u00f6nk\u00e9ntes, teh\u00e1t nem felt\u00e9tele az \u00e9rv\u00e9nyes rendelkez\u00e9snek.<\/p>\n<p style=\"text-align: center;\"><strong>A Magyarorsz\u00e1gi Evang\u00e9likus Egyh\u00e1z technikai sz\u00e1ma: 0035 <\/strong><\/p>\n<p><span style=\"text-decoration: underline; font-size: 14pt;\"><strong>Az 1%-r\u00f3l val\u00f3 rendelkez\u00e9s lehet\u0151s\u00e9ge:<\/strong><\/span><\/p>\n<p><strong><span style=\"font-size: 14pt;\">1.<\/span> Vide\u00f3:<\/strong><br \/>\n<a href=\"http:\/\/filadelfia.lutheran.hu\/SZJA.mp4\" target=\"_blank\" rel=\"noopener noreferrer\"><img decoding=\"async\" loading=\"lazy\" src=\"folder.gif\" width=\"20\" height=\"22\" border=\"0\" \/> &#8230;&#8230;&#8230;..Beharangoz\u00f3.<\/a><\/p>\n<p><strong><span style=\"font-size: 14pt;\">2.<\/span> Let\u00f6lt\u00e9s:<\/strong><br \/>\n<a href=\"http:\/\/filadelfia.lutheran.hu\/wp-content\/uploads\/2023\/03\/Ado.jpg\" target=\"_blank\" rel=\"noopener noreferrer\"><img decoding=\"async\" loading=\"lazy\" src=\"folder.gif\" width=\"20\" height=\"22\" border=\"0\" \/> &#8230;&#8230;&#8230;..A nyomtatv\u00e1ny.<\/a><br \/>\n<a href=\"http:\/\/filadelfia.lutheran.hu\/egyszazalek19.zip\" target=\"_blank\" rel=\"noopener noreferrer\"><img decoding=\"async\" loading=\"lazy\" src=\"folder.gif\" width=\"20\" height=\"22\" border=\"0\" \/> &#8230;&#8230;&#8230;..K\u00e9pek, \u00e9s nyomtatv\u00e1ny t\u00f6m\u00f6r\u00edtve.<\/a><\/p>\n<p><img decoding=\"async\" loading=\"lazy\" class=\"alignnone size-medium wp-image-8955\" src=\"http:\/\/filadelfia.lutheran.hu\/wp-content\/uploads\/2023\/03\/Ado.jpg\" alt=\"\" width=\"1024\" height=\"504\" \/><\/p>\n<p>&nbsp;<\/p>\n<blockquote><p>1+1%-os rendelkez\u00e9s 2025-ben<\/p><\/blockquote>\n<p>&nbsp;<\/p>\n<p>Id\u00e9n is lehet rendelkezni a szem\u00e9lyi j\u00f6vedelemad\u00f3 1+1%-\u00e1r\u00f3l <strong>legk\u00e9s\u0151bb 2025. m\u00e1jus 20-ig<\/strong>, az szja-bevall\u00e1st\u00f3l f\u00fcggetlen\u00fcl is.<\/p>\n<p>B\u00e1rki d\u00f6nthet \u00fagy id\u00e9n is, hogy az \u00f6sszevont ad\u00f3alap ut\u00e1n befizetett szem\u00e9lyi j\u00f6vedelemad\u00f3j\u00e1nak 1 sz\u00e1zal\u00e9k\u00e1t felaj\u00e1nlja egy regisztr\u00e1lt civilszervezetnek, tov\u00e1bbi 1 sz\u00e1zal\u00e9k\u00e1t pedig egy technikai sz\u00e1mos vall\u00e1si k\u00f6z\u00f6ss\u00e9gnek.<\/p>\n<p><strong>A Magyarorsz\u00e1gi Evang\u00e9likus Egyh\u00e1z technikai sz\u00e1ma: 0035<br \/>\nGy\u00fclekezeti alap\u00edtv\u00e1nyunk: Filadelfia Alap\u00edtv\u00e1ny: 18792021-1-15<\/strong><\/p>\n<p><strong>Sz\u00fcks\u00e9ges-e \u00fajra nyilatkozni a technikai sz\u00e1mmal rendelkez\u0151 vall\u00e1si k\u00f6z\u00f6ss\u00e9gek sz\u00e1m\u00e1ra t\u00f6rt\u00e9n\u0151 felaj\u00e1nl\u00e1sr\u00f3l?<\/strong><\/p>\n<p>A vall\u00e1si k\u00f6z\u00f6ss\u00e9g technikai sz\u00e1m\u00e1ra sz\u00f3l\u00f3, formailag \u00e9rv\u00e9nyes 2024-es nyilatkozatokat 2025-ben is figyelembe veszi a NAV, amennyiben \u00fajabb nyilatkozat nem ker\u00fcl bead\u00e1sra, vagy nem vonj\u00e1k vissza a kor\u00e1bbi nyilatkozatot.<\/p>\n<p><strong><br \/>\nSz\u00fcks\u00e9ges-e \u00fajra nyilatkozni a civil szervezetek sz\u00e1m\u00e1ra t\u00f6rt\u00e9n\u0151 felaj\u00e1nl\u00e1sr\u00f3l?<\/strong><\/p>\n<p><strong>A civil kedvezm\u00e9nyezettek \u00e9s a kiemelt k\u00f6lts\u00e9gvet\u00e9si el\u0151ir\u00e1nyzat jav\u00e1ra tov\u00e1bbra is \u00c9VENK\u00c9NT kell NYILATKOZNI, mivel ezeket az 1%-os felaj\u00e1nl\u00e1sokat csak egy alkalommal, a rendelkez\u00e9s \u00e9v\u00e9ben veheti figyelembe a NAV.<\/strong><\/p>\n<p>A nyilatkozat legegyszer\u0171bben elektronikusan ny\u00fajthat\u00f3 be<\/p>\n<p>az e-SZJA webes fel\u00fcleten, online kit\u00f6ltve vagy<br \/>\naz \u00c1NYK-ban a bevall\u00e1ssal egy\u00fctt, annak EGYSZA lapj\u00e1t is kit\u00f6ltve vagy<br \/>\nk\u00fcl\u00f6n, a 24EGYSZA nyomtatv\u00e1ny kit\u00f6lt\u00e9s\u00e9vel.<\/p>\n<p>Pap\u00edralapon beny\u00fajthat\u00f3 post\u00e1n kereszt\u00fcl, vagy szem\u00e9lyesen, illetve meghatalmazott \u00e1ltal, lez\u00e1rt bor\u00edt\u00e9kban a NAV \u00fcgyf\u00e9lszolg\u00e1latain<\/p>\n<p>a szem\u00e9lyij\u00f6vedelemad\u00f3-bevall\u00e1ssal egy\u00fctt, annak EGYSZA lapj\u00e1t is kit\u00f6ltve,<br \/>\naz e-SZJA fel\u00fclet kit\u00f6lt\u0151programj\u00e1val k\u00e9sz\u00edtett \u00e9s kinyomtatott nyilatkozaton,<br \/>\na 24EGYSZA jel\u0171 nyomtatv\u00e1nyon vagy azonos adatokkal a nyilatkozaton, tov\u00e1bb\u00e1<br \/>\nm\u00e1jus 10-ig lez\u00e1rt bor\u00edt\u00e9kban leadva a munk\u00e1ltat\u00f3nak, ha az v\u00e1llalja a nyilatkozatok \u00f6sszegy\u0171jt\u00e9s\u00e9t. A bor\u00edt\u00e9kon a leragaszt\u00e1s hely\u00e9n szerepelnie kell a felaj\u00e1nl\u00f3 al\u00e1\u00edr\u00e1s\u00e1nak.<\/p>\n<p><strong>Egyh\u00e1zi \u00e9s civil szja 1% felaj\u00e1nl\u00e1s\u00e1r\u00f3l sz\u00f3l\u00f3 t\u00e1j\u00e9koztat\u00f3:<\/strong><br \/>\n<strong><a href=\"https:\/\/www.evangelikus.hu\/szja-1\">https:\/\/www.evangelikus.hu\/szja-1<\/a><\/strong><\/p>\n<p><a href=\"https:\/\/nav.gov.hu\/ado\/szja1_1\"><strong>A NAV honlapj\u00e1n olvashat\u00f3 tov\u00e1bbi r\u00e9szletek\u00e9rt kattintson IDE!<\/strong><\/a><\/p>\n<p><a href=\"https:\/\/mystat.synch.hu\/query.php?id=5619\" target=\"_blank\" rel=\"noopener noreferrer\"><script language=\"JavaScript\" src=\"https:\/\/mystat.synch.hu\/stat.php?h=4&#038;id=5619\"><\/script><noscript><img decoding=\"async\" src=\"https:\/\/mystat.synch.hu\/collect.php?id=5619&#038;h=4\"\/> Code &#8212;<\/noscript><\/a><\/p>\n","protected":false},"excerpt":{"rendered":"<p>Alap\u00edtv\u00e1nyunkat 1993-ban hozta l\u00e9tre a Ny\u00edrsz\u0151l\u0151si Evang\u00e9likus Gy\u00fclekezet, a Ny\u00edregyh\u00e1za \u00e9s Ny\u00edrtelek k\u00f6rny\u00e9k\u00e9n -neh\u00e9z k\u00f6r\u00fclm\u00e9nyek k\u00f6z\u00f6tt \u00e9l\u0151- ifj\u00fas\u00e1g nevel\u00e9s\u00e9nek seg\u00edt\u00e9s\u00e9re. Az APEH enged\u00e9lyezte az ad\u00f3alapcs\u00f6kkent\u0151 igazol\u00e1sok kiad\u00e1s\u00e1t, \u00e9s 1997-t\u0151l f&#8230;<\/p>\n","protected":false},"author":1,"featured_media":0,"parent":30,"menu_order":0,"comment_status":"closed","ping_status":"closed","template":"","meta":[],"_links":{"self":[{"href":"https:\/\/filadelfia.lutheran.hu?lang=hu_HU%2Findex.php&rest_route=\/wp\/v2\/pages\/61"}],"collection":[{"href":"https:\/\/filadelfia.lutheran.hu?lang=hu_HU%2Findex.php&rest_route=\/wp\/v2\/pages"}],"about":[{"href":"https:\/\/filadelfia.lutheran.hu?lang=hu_HU%2Findex.php&rest_route=\/wp\/v2\/types\/page"}],"author":[{"embeddable":true,"href":"https:\/\/filadelfia.lutheran.hu?lang=hu_HU%2Findex.php&rest_route=\/wp\/v2\/users\/1"}],"replies":[{"embeddable":true,"href":"https:\/\/filadelfia.lutheran.hu?lang=hu_HU%2Findex.php&rest_route=%2Fwp%2Fv2%2Fcomments&post=61"}],"version-history":[{"count":49,"href":"https:\/\/filadelfia.lutheran.hu?lang=hu_HU%2Findex.php&rest_route=\/wp\/v2\/pages\/61\/revisions"}],"predecessor-version":[{"id":31456,"href":"https:\/\/filadelfia.lutheran.hu?lang=hu_HU%2Findex.php&rest_route=\/wp\/v2\/pages\/61\/revisions\/31456"}],"up":[{"embeddable":true,"href":"https:\/\/filadelfia.lutheran.hu?lang=hu_HU%2Findex.php&rest_route=\/wp\/v2\/pages\/30"}],"wp:attachment":[{"href":"https:\/\/filadelfia.lutheran.hu?lang=hu_HU%2Findex.php&rest_route=%2Fwp%2Fv2%2Fmedia&parent=61"}],"curies":[{"name":"wp","href":"https:\/\/api.w.org\/{rel}","templated":true}]}}