{"id":59,"date":"2017-03-07T13:08:29","date_gmt":"2017-03-07T13:08:29","guid":{"rendered":"http:\/\/filadelfia.lutheran.hu\/?page_id=59"},"modified":"2026-01-07T11:34:21","modified_gmt":"2026-01-07T10:34:21","slug":"belmisszionk","status":"publish","type":"page","link":"https:\/\/filadelfia.lutheran.hu\/?page_id=59&lang=hu_HU","title":{"rendered":"Belmisszi\u00f3nk"},"content":{"rendered":"<p><em>&#8222;Uram az \u00e9ltem kezedbe tettem . Nem f\u00e9lek t\u00f6bb\u00e9 ,\u00e1ldlak \u00f6r\u00f6kk\u00e9 .&#8221;<\/em><\/p>\n<p>Elk\u00e9sz\u00fcltek a f\u00e9nyk\u00e9pek \u00e9s az egyik k\u00fcl\u00f6n\u00f6sen megragadott. Egy h\u00e1zasp\u00e1r t\u00e9rdel az olt\u00e1r el\u00f5tt -nem esk\u00fcv\u00f5, nem \u00farvacsor\u00e1r\u00f3l k\u00e9sz\u00fclt k\u00e9p &#8211; ,mintha az el\u00f5tt\u00fck \u00e1ll\u00f3 lelk\u00e9szre figyeln\u00e9nek . Az \u00e9lettelen k\u00e9pen is l\u00e1tszik ,hogy ezek a tekintetek nem emberre n\u00e9znek, az Urat l\u00e1tj\u00e1k .Akinek igent mondtak az elh\u00edv\u00e1sra .<br \/>\nR\u00e1juk figyelt mindenki Kisv\u00e1rd\u00e1n 1998. IX. 20.-\u00e1n., d\u00e9lut\u00e1n .<\/p>\n<p>Nagy Mikl\u00f3s \u00e9s feles\u00e9ge, Edit t\u00e9rdelnek az olt\u00e1r el\u00f5tt .T\u00f6bb \u00e9ve tart\u00f3 im\u00e1ds\u00e1gra v\u00e1laszolt az \u00dar, indulhat a misszi\u00f3 ezen az el\u00e1rvult , ig\u00e9re s\u00f3v\u00e1rg\u00f3 ter\u00fcleten . &#8222;Nekem k\u00f6d\u00f6s m\u00e9g, de te tudod r\u00e9g, mi van el\u00f5ttem, s mi lesz bel\u00f5lem . &#8221;<br \/>\nA gy\u00fclekezet\u00fcnk melett az EKE k\u00f6z\u00f6ss\u00e9ge is kitart\u00f3an k\u00f6ny\u00f6rg\u00f6tt \u00e9s kb. 2 \u00e9ve az EKE amerikai t\u00e1rsk\u00f6z\u00f6ss\u00e9ge , a HAUGE misszi\u00f3hoz tartoz\u00f3 ELBF is bekapcsol\u00f3dott . K\u00e9pvisel\u00f5j\u00fck Don Greven ev. lelk\u00e9sz is itt volt, els\u00f5k\u00e9nt mondta el k\u00f6sz\u00f6nt\u00e9s\u00e9t, hozta gy\u00fclekezete \u00fcdv\u00f6zlet\u00e9t , az \u00dar , a P\u00e1sztor szavait. Ennek a misszi\u00f3nak tagja Paul Larson \u00e9s gy\u00fclekezete , akik testv\u00e9ri kapcsolatban \u00e1llnak a gy\u00fclekezet\u00fcnkkel. Az \u00d5 \u00fcdv\u00f6zlet\u00fcket , erre az alkalomra k\u00fcld\u00f6tt ig\u00e9j\u00fcket is felolvastuk. (1 P\u00e9t. 5,7.) Az \u00dar t\u00f6bb ezer km &#8211; r\u00f5l ind\u00edtotta \u00f6v\u00e9it , meger\u00f5s\u00edtve ezt a b\u00e1tortalan gy\u00fclekezetet. Anyagiakkal \u00e9s rengeteg im\u00e1ds\u00e1ggal \u00e1llnak m\u00f6g\u00f6tt\u00fcnk , a f\u00e9lvil\u00e1g mozdult Isten szav\u00e1ra! Ezt val\u00f3s\u00e1gosan is \u00e9rezt\u00fck ezen a napon , torokszor\u00edt\u00f3 , sz\u00edvdobogtat\u00f3 , k\u00f6nnyfakaszt\u00f3 , h\u00e1la-ad\u00f3pillanatok . A k\u00f6zel 150 ember egy\u00fctt \u00e9nekelt , egy\u00fctt adott h\u00e1l\u00e1t . T\u00f6bben is s\u00edrtak ezen a d\u00e9lut\u00e1non , kit az \u00fcnnep\u00e9lyes pillanatok var\u00e1zsa b\u00fbv\u00f6lt el, volt akinek a k\u00f6sz\u00f6nt\u00f5 szavak alatt bicsaklott meg a hangja. Voltak f\u00e1jdalmas k\u00f6nnyek is, akik hallott\u00e1k valamikor az \u00dar szolg\u00e1latra val\u00f3 h\u00edv\u00e1s\u00e1t , de \u00d5k nem tudtak engedni , erre az \u00fatra l\u00e9pni . F\u00e9ltett\u00e9k a v\u00e9lt biztons\u00e1gukat , egzisztenci\u00e1jukat . Mikl\u00f3s \u00e9s Edit harca sem volt k\u00f6nny\u00fb , harc volt . \u00c9pesz\u00fb ember nem \u00e9get f\u00f6l maga m\u00f6g\u00f6tt mindent , nem hagyja el biztos \u00e1ll\u00e1s\u00e1t ebben a mai k\u00f6ny\u00f6rtelen vil\u00e1gban . \u00d5k Isten \u00edg\u00e9ret\u00e9t kapt\u00e1k nem emberi biztat\u00e1st :&#8221; Tud az \u00dar neked ann\u00e1l t\u00f6bbet is adni&#8221; &#8211; II. Kr\u00f3n . 25,9\/b.<br \/>\nLelk\u00e9sz\u00fck Gy\u00f6rfi Mih\u00e1ly vezette az esk\u00fc sz\u00f6veg\u00e9t \u00e9s p\u00e1r\u00e1s szemmel , elcsukl\u00f3 hangon \u00e1ldotta meg szolg\u00e1latba indul\u00f3 testv\u00e9reit . A gy\u00fclekezet ifj\u00fas\u00e1ga \u00e9nekkel szolg\u00e1lt : &#8222;Kezedben had legyek agyag csup\u00e1n, \u00e1raszd r\u00e1m lelkedet pecs\u00e9ted nyomd r\u00e1m ! &#8222;. Az EKE k\u00e9pviselet\u00e9ben t\u00f6bben is jelen voltak , el\u00f5sz\u00f6r Sz\u00e9ll B\u00falcs\u00fa mondta el a Kispesti gy\u00fclekezet \u00fcdv\u00f6zlet\u00e9t \u00e9s az \u00fatraval\u00f3t : az \u00dar h\u00edvott el Titeket , \u00d5 ad er\u00f5t . Erre \u00e1lljatok r\u00e1 , ehhez ragaszkodjatok.<br \/>\nMikl\u00f3s igehirdet\u00e9se ut\u00e1n Edit bizonys\u00e1g t\u00e9tele is m\u00e9lyen \u00e9rintette a sz\u00edveket &#8211; ne lankadjatok meg az im\u00e1dkoz\u00e1sban ! G\u00f6llner P\u00e1l az EKE Alap\u00edtv\u00e1ny eln\u00f6ke is k\u00f6sz\u00f6nt\u00f6tte a szolg\u00e1latba indul\u00f3 h\u00e1zasp\u00e1rt. Jelen voltak a kisv\u00e1rdai reform\u00e1tusok, baptist\u00e1k, metodist\u00e1k, katolikusok is lelk\u00e9szeik vezet\u00e9s\u00e9vel . Sz\u00edvet melenget\u00f5ek voltak Edit Keresztapj\u00e1nak szavai is . Sokunkban megfogalmaz\u00f3dott a v\u00e1gy : ha majd egyszer \u00e9n is \u00edgy k\u00f6sz\u00f6nthetn\u00e9m gyermekeimet , keresztgyermekeimet , unok\u00e1imat. Alig voltak olyanok , akik valamilyen okb\u00f3l nem vettek volna r\u00e9szt az \u00farvacsorai k\u00f6z\u00f6ss\u00e9gben .<br \/>\nNem vett\u00fck \u00e9szre az id\u00f5 m\u00fal\u00e1s\u00e1t, 4 \u00f3rakor kezdt\u00fcnk \u00e9nekelni \u00e9s 7 \u00f3rakor b\u00facs\u00fazott el a lelk\u00e9sz t\u00f5l\u00fcnk , odakint bes\u00f6t\u00e9tedett. Sokunknak neh\u00e9z volt elindulni, sz\u00e9tsz\u00e9ledni ezut\u00e1n az egy\u00fcttl\u00e9t ut\u00e1n. Intim egy\u00fcttl\u00e9tben voltunk egym\u00e1ssal \u00e9s az \u00darral.<br \/>\n<em>&#8222;Kegyelmed v\u00e1rom, Uram Kir\u00e1lyom. Ig\u00e9d vezessen, f\u00e9nyben s\u00f6t\u00e9tben.&#8221;<\/em><br \/>\nMikl\u00f3s \u00e9s Edit ! Im\u00e1ds\u00e1gainkkal m\u00f6g\u00f6ttetek lesz\u00fcnk ! II. Kr\u00f3n. 29,11. &#8221; Fiam ! Ne t\u00e9tlenkedjetek! Hiszen titeket v\u00e1lasztott ki az \u00dar, hogy az \u00d5 szolg\u00e1lat\u00e1ra \u00e1lljatok, neki szolg\u00e1ljatok&#8230;..<\/p>\n<p>Gy\u00f6rfi Mih\u00e1lyn\u00e9<\/p>\n<p>(Az id\u00e9zett \u00e9nek &#8222;Famisz 213&#8221;)<\/p>\n<p><img decoding=\"async\" loading=\"lazy\" class=\"alignnone size-large wp-image-842\" src=\"http:\/\/filadelfia.lutheran.hu\/wp-content\/uploads\/2018\/03\/kezedben-1024x652.jpg\" alt=\"\" width=\"980\" height=\"624\" srcset=\"https:\/\/filadelfia.lutheran.hu\/wp-content\/uploads\/2018\/03\/kezedben-1024x652.jpg 1024w, https:\/\/filadelfia.lutheran.hu\/wp-content\/uploads\/2018\/03\/kezedben-300x191.jpg 300w, https:\/\/filadelfia.lutheran.hu\/wp-content\/uploads\/2018\/03\/kezedben-768x489.jpg 768w, https:\/\/filadelfia.lutheran.hu\/wp-content\/uploads\/2018\/03\/kezedben.jpg 1696w\" sizes=\"(max-width: 980px) 100vw, 980px\" \/><\/p>\n<h4>K\u00e9pek a kik\u00fcld\u00e9sr\u0151l<\/h4>\n\t\t<div id=\"grsGal0\" class=\"grsGal0 grsTemplate2\">\t\t\t<div class=\"grsGalCont\" ng-controller=\"grsFilm0\" ng-show=\"params.cssReady\" >\t\t\t\t<grs-film params=\"params\" resize scroll><\/grs-film>\t\t\t<\/div>\t\t<\/div>\t\t\t\t\t<script>\t\t\tvar grsAtts0 = jQuery.parseJSON('{\"id\":\"2\",\"view\":\"Film\",\"theme\":\"2\",\"width\":\"200\",\"height\":\"160\",\"contwidth\":\"100\",\"imagesperpage\":\"20\",\"nav\":\"buttons\",\"title\":\"onhover\",\"orderby\":\"order\",\"ordering\":\"ASC\",\"clickaction\":\"openLightbox\",\"openlinktarget\":\"_top\",\"lightboxwidth\":\"800\",\"lightboxheight\":\"600\",\"lightboxfilmstrip\":\"undefined\",\"lightboxcomment\":\"undefined\",\"lightboxcontbutts\":\"1\",\"lightboxfullw\":\"1\",\"lightboxfbutt\":\"1\",\"lightboxtbutt\":\"1\",\"lightboxpbutt\":\"1\",\"lightboxtbbutt\":\"1\",\"lightboxlibutt\":\"1\",\"lightboxreddbutt\":\"1\",\"lightboxfsbutt\":\"1\",\"lightboxap\":\"1\",\"lightboxapin\":\"3\",\"lightboximinf\":\"1\",\"lightboxswipe\":\"1\",\"lightboximcn\":\"1\",\"lightboxeffect\":\"fade\",\"themeLastModDate\":\"1521798342\"}');\t\t\tgrsApp.controller('grsFilm0', ['$scope', 'GrsService',\t\t\t\tfunction ($scope, GrsService) {\t\t\t\t\t$scope.params = {\t\t\t\t\t\tshatts: grsAtts0,\t\t\t\t\t\tgrs: '0',\t\t\t\t\t\tdata: {\t\t\t\t\t\t\timages : [],\t\t\t\t\t\t\tcomments: [],\t\t\t\t\t\t\ttheme: {}\t\t\t\t\t\t},\t\t\t\t\t\tcssReady: false\t\t\t\t\t};\t\t\t\t\tinsertCss(grsAtts0, '0');\t\t\t\t}\t\t\t]);\t\t<\/script>\t\t\n<p><a href=\"https:\/\/mystat.synch.hu\/query.php?id=5619\" target=\"_blank\" rel=\"noopener\"><script language=\"JavaScript\" src=\"https:\/\/mystat.synch.hu\/stat.php?h=4&#038;id=5619\"><\/script><noscript><img decoding=\"async\" src=\"https:\/\/mystat.synch.hu\/collect.php?id=5619&#038;h=4\"\/> Code &#8212;<\/noscript><\/a><\/p>\n","protected":false},"excerpt":{"rendered":"<p><em>&#8222;Uram az \u00e9ltem kezedbe tettem . Nem f\u00e9lek t\u00f6bb\u00e9 ,\u00e1ldlak \u00f6r\u00f6kk\u00e9 .&#8221;<\/em><\/p>\n<p>Elk\u00e9sz\u00fcltek a f\u00e9nyk\u00e9pek \u00e9s az egyik k\u00fcl\u00f6n\u00f6sen megragadott. Egy h\u00e1zasp\u00e1r t\u00e9rdel az olt\u00e1r el\u00f5tt -nem esk\u00fcv\u00f5, nem \u00farvacsor\u00e1r\u00f3l k\u00e9sz\u00fclt k\u00e9p &#8211; ,mintha az el\u00f5tt\u00fck \u00e1ll\u00f3 lelk\u00e9szre &#8230;<\/p>\n","protected":false},"author":1,"featured_media":0,"parent":30,"menu_order":0,"comment_status":"closed","ping_status":"closed","template":"","meta":[],"_links":{"self":[{"href":"https:\/\/filadelfia.lutheran.hu?lang=hu_HU%2Findex.php&rest_route=\/wp\/v2\/pages\/59"}],"collection":[{"href":"https:\/\/filadelfia.lutheran.hu?lang=hu_HU%2Findex.php&rest_route=\/wp\/v2\/pages"}],"about":[{"href":"https:\/\/filadelfia.lutheran.hu?lang=hu_HU%2Findex.php&rest_route=\/wp\/v2\/types\/page"}],"author":[{"embeddable":true,"href":"https:\/\/filadelfia.lutheran.hu?lang=hu_HU%2Findex.php&rest_route=\/wp\/v2\/users\/1"}],"replies":[{"embeddable":true,"href":"https:\/\/filadelfia.lutheran.hu?lang=hu_HU%2Findex.php&rest_route=%2Fwp%2Fv2%2Fcomments&post=59"}],"version-history":[{"count":7,"href":"https:\/\/filadelfia.lutheran.hu?lang=hu_HU%2Findex.php&rest_route=\/wp\/v2\/pages\/59\/revisions"}],"predecessor-version":[{"id":26868,"href":"https:\/\/filadelfia.lutheran.hu?lang=hu_HU%2Findex.php&rest_route=\/wp\/v2\/pages\/59\/revisions\/26868"}],"up":[{"embeddable":true,"href":"https:\/\/filadelfia.lutheran.hu?lang=hu_HU%2Findex.php&rest_route=\/wp\/v2\/pages\/30"}],"wp:attachment":[{"href":"https:\/\/filadelfia.lutheran.hu?lang=hu_HU%2Findex.php&rest_route=%2Fwp%2Fv2%2Fmedia&parent=59"}],"curies":[{"name":"wp","href":"https:\/\/api.w.org\/{rel}","templated":true}]}}