{"id":57,"date":"2017-03-07T13:07:02","date_gmt":"2017-03-07T13:07:02","guid":{"rendered":"http:\/\/filadelfia.lutheran.hu\/?page_id=57"},"modified":"2026-01-07T11:31:33","modified_gmt":"2026-01-07T10:31:33","slug":"szolgaloink","status":"publish","type":"page","link":"https:\/\/filadelfia.lutheran.hu\/?page_id=57&lang=hu_HU","title":{"rendered":"Szolg\u00e1l\u00f3ink"},"content":{"rendered":"<p>&nbsp;<\/p>\n<p><strong>A Filadelfia Evang\u00e9likus Gy\u00fclekezet <\/strong><strong>lelk\u00e9szei:<\/strong> <\/p>\n<p><strong>Malik P\u00e9ter K\u00e1roly<\/strong><img decoding=\"async\" loading=\"lazy\" class=\" wp-image-6611 alignright\" src=\"http:\/\/filadelfia.lutheran.hu\/wp-content\/uploads\/2018\/08\/maliknevjegy-300x300.png\" alt=\"\" width=\"155\" height=\"155\" srcset=\"https:\/\/filadelfia.lutheran.hu\/wp-content\/uploads\/2018\/08\/maliknevjegy-300x300.png 300w, https:\/\/filadelfia.lutheran.hu\/wp-content\/uploads\/2018\/08\/maliknevjegy-150x150.png 150w, https:\/\/filadelfia.lutheran.hu\/wp-content\/uploads\/2018\/08\/maliknevjegy-500x500.png 500w, https:\/\/filadelfia.lutheran.hu\/wp-content\/uploads\/2018\/08\/maliknevjegy.png 730w\" sizes=\"(max-width: 155px) 100vw, 155px\" \/><br \/>\n4461 Ny\u00edrtelek, Tokaji \u00fat 52.<br \/>\nMobil: +36 20 824 5467<br \/>\nE-mail: malikpeterkaroly@gmail.com<br \/>\nE-mail: <a class=\"blue\" href=\"mailto:filadelfia.ev@gmail.com\">filadelfia.ev2022@gmail.com<\/a><\/p>\n<p>&nbsp;<\/p>\n<p><strong>Hulej Enik\u0151 <\/strong><br \/>\nTemplom: 4600 Kisv\u00e1rda, R\u00e1k\u00f3czi u. 28.<br \/>\nMobil: +36 20 824 33 97<br \/>\nE-mail:\u00a0<a class=\"blue\" href=\"mailto:hulejeniko@gmail.com\">hulejeniko@gmail.com<\/a><\/p>\n<p><strong>A presbiterek n\u00e9vsora: <\/strong><br \/>\n1. B\u00e9lteczki J\u00f3zsef<br \/>\n2. Csizmarik Imre Tam\u00e1sn\u00e9<br \/>\n3. Farkas S\u00e1ndorn\u00e9<br \/>\n4. Flask\u00e1r Anett<br \/>\n5. Kov\u00e1cs P\u00e1ln\u00e9<br \/>\n6. K\u00f6t\u00e9lver\u0151 Mikl\u00f3s<br \/>\n7. K\u00f6t\u00e9lver\u0151 Szilvia<br \/>\n8. Marcsek Bal\u00e1zs<br \/>\n9. Nagy G\u00e1bor<br \/>\n10. Szab\u00f3 L\u00e1szl\u00f3 Tam\u00e1s<br \/>\n11. Szab\u00f3n\u00e9 Balogh Erika<br \/>\n12. Szalanics J\u00f3zsefn\u00e9<br \/>\n13. Sz\u00e9kelyhidin\u00e9 Bucs\u00e1k M\u00e1ria<br \/>\n14. V\u00f6r\u00f6s Lajosn\u00e9<\/p>\n<p><strong>Tiszteletbeli presbiter:<br \/>\n<\/strong>B\u00e1n J\u00e1nosn\u00e9<br \/>\nCs\u00e1sz\u00e1r Mikl\u00f3sn\u00e9<br \/>\nGy\u00f6rfi Mih\u00e1ly<br \/>\nMarcsek Andr\u00e1s<\/p>\n<p><strong>Fel\u00fcgyel\u0151:<\/strong> B\u00e1nszky Istv\u00e1n<\/p>\n<p><strong>M\u00e1sodfel\u00fcgyel\u0151:<\/strong> Kov\u00e1cs P\u00e9ter<\/p>\n<p><strong>K\u00e1ntor:\u00a0<\/strong> \u00a0 \u00a0<br \/>\nB\u00e9lteczki Mih\u00e1ly (Ny\u00edrtelek)<br \/>\nOl\u00e1h Bogl\u00e1rka (Kisv\u00e1rda)<\/p>\n<p><strong>Gondnok<\/strong>:\u00a0 Marcsek Bal\u00e1zs<\/p>\n<p><strong>P\u00e9nzt\u00e1ros<\/strong>: Flask\u00e1r Anett<\/p>\n<p><strong>Jegyz\u0151<\/strong>: Flask\u00e1r Anett<\/p>\n<p><strong>Technikai seg\u00edt\u0151k<\/strong> (hangos\u00edt\u00e1s, Internetes R\u00e1di\u00f3ad\u00e1s):<br \/>\nB\u00e9lteczki J\u00f3zsef<br \/>\nNagy G\u00e1bor<\/p>\n<p><strong>Sz\u00e1mvev\u0151sz\u00e9k eln\u00f6ke<\/strong>: B\u00e1n J\u00e1nosn\u00e9<br \/>\n<strong>Tagjai:<\/strong>\u00a0 \u00a0 \u00a0 \u00a0 \u00a0<br \/>\nB\u00e1nszkyn\u00e9 Res\u00e1n Katalin<br \/>\nKov\u00e1cs P\u00e1ln\u00e9<\/p>\n<p><strong>Egyh\u00e1zmegyei k\u00fcld\u00f6tt<\/strong>:<br \/>\nKov\u00e1cs P\u00e9ter<br \/>\nMarcsek Bal\u00e1zs<br \/>\n<strong>P\u00f3ttag:<\/strong><br \/>\nFarkas S\u00e1ndorn\u00e9<br \/>\nFlask\u00e1r Anett<\/p>\n<p><strong>Filadelfia Szoci\u00e1lis K\u00f6zpont<\/strong><br \/>\n4461 Ny\u00edrtelek, Tokaji \u00fat 52.<br \/>\nMobil: +36 20 824 8045<br \/>\nE-mail: filadelfia.ev2022@gmail.com<br \/>\nB\u00e1nszkyn\u00e9 Res\u00e1n Katalin int\u00e9zm\u00e9nyvezet\u0151<\/p>\n<p><strong>Filadelfia K\u00f6z\u00f6ss\u00e9gi Szenved\u00e9lybeteg-gondoz\u00f3 Szolg\u00e1lat<\/strong><br \/>\n4461 Ny\u00edrtelek, Tokaji \u00fat 52.<br \/>\nMobil: +36 20 824 8045<br \/>\nE-mail: filadelfia.ev2022@gmail.com<\/p>\n<p><strong>Filadelfia T\u00e1mogat\u00f3 Szolg\u00e1lat<\/strong><br \/>\n4461 Ny\u00edrtelek, Tokaji \u00fat 52.<br \/>\nMobil: +36 20 824 8045<br \/>\nE-mail: filadelfia.ev2022@gmail.com<\/p>\n<p><strong>Filadelfia Tanyagondnoki Szolg\u00e1lat<\/strong><br \/>\n4461 Ny\u00edrtelek, Tokaji \u00fat 52.<br \/>\nMobil: +36 20 824 8045<br \/>\nE-mail: filadelfia.ev2022@gmail.com<br \/>\nB\u00e1nszky Istv\u00e1n tanyagondnok<\/p>\n<p><a href=\"https:\/\/mystat.synch.hu\/query.php?id=5619\" target=\"_blank\" rel=\"noopener noreferrer\"><script language=\"JavaScript\" src=\"https:\/\/mystat.synch.hu\/stat.php?h=4&#038;id=5619\"><\/script><noscript><img decoding=\"async\" src=\"https:\/\/mystat.synch.hu\/collect.php?id=5619&#038;h=4\"\/> Code &#8212;<\/noscript><\/a><\/p>\n","protected":false},"excerpt":{"rendered":"<p>&nbsp;<\/p>\n<p><strong>A Filadelfia Evang\u00e9likus Gy\u00fclekezet <\/strong><strong>lelk\u00e9szei:<\/strong> <\/p>\n<p><strong>Malik P\u00e9ter K\u00e1roly<\/strong><img decoding=\"async\" class=\" wp-image-6611 alignright\" src=\"http:\/\/filadelfia.lutheran.hu\/wp-content\/uploads\/2018\/08\/maliknevjegy-300x30...\n<\/p>\n","protected":false},"author":1,"featured_media":0,"parent":30,"menu_order":0,"comment_status":"closed","ping_status":"closed","template":"","meta":[],"_links":{"self":[{"href":"https:\/\/filadelfia.lutheran.hu?lang=hu_HU%2Findex.php&rest_route=\/wp\/v2\/pages\/57"}],"collection":[{"href":"https:\/\/filadelfia.lutheran.hu?lang=hu_HU%2Findex.php&rest_route=\/wp\/v2\/pages"}],"about":[{"href":"https:\/\/filadelfia.lutheran.hu?lang=hu_HU%2Findex.php&rest_route=\/wp\/v2\/types\/page"}],"author":[{"embeddable":true,"href":"https:\/\/filadelfia.lutheran.hu?lang=hu_HU%2Findex.php&rest_route=\/wp\/v2\/users\/1"}],"replies":[{"embeddable":true,"href":"https:\/\/filadelfia.lutheran.hu?lang=hu_HU%2Findex.php&rest_route=%2Fwp%2Fv2%2Fcomments&post=57"}],"version-history":[{"count":46,"href":"https:\/\/filadelfia.lutheran.hu?lang=hu_HU%2Findex.php&rest_route=\/wp\/v2\/pages\/57\/revisions"}],"predecessor-version":[{"id":22733,"href":"https:\/\/filadelfia.lutheran.hu?lang=hu_HU%2Findex.php&rest_route=\/wp\/v2\/pages\/57\/revisions\/22733"}],"up":[{"embeddable":true,"href":"https:\/\/filadelfia.lutheran.hu?lang=hu_HU%2Findex.php&rest_route=\/wp\/v2\/pages\/30"}],"wp:attachment":[{"href":"https:\/\/filadelfia.lutheran.hu?lang=hu_HU%2Findex.php&rest_route=%2Fwp%2Fv2%2Fmedia&parent=57"}],"curies":[{"name":"wp","href":"https:\/\/api.w.org\/{rel}","templated":true}]}}