{"id":55,"date":"2017-03-07T13:05:35","date_gmt":"2017-03-07T13:05:35","guid":{"rendered":"http:\/\/filadelfia.lutheran.hu\/?page_id=55"},"modified":"2022-06-23T00:32:32","modified_gmt":"2022-06-22T22:32:32","slug":"tortenelmunk","status":"publish","type":"page","link":"https:\/\/filadelfia.lutheran.hu\/?page_id=55&lang=hu_HU","title":{"rendered":"T\u00f6rt\u00e9nelm\u00fcnk"},"content":{"rendered":"<p>A Filadelfia Evang\u00e9likus Egyh\u00e1zk\u00f6zs\u00e9g (Ny\u00edrsz\u0151l\u0151si Evang\u00e9likus Egyh\u00e1zk\u00f6zs\u00e9g) 1992-ben lett \u00f6n\u00e1ll\u00f3 szervezeti egys\u00e9gg\u00e9, de az \u00dar ig\u00e9je gazdagon sz\u00f3ratott \u00e9vtizedek, \u00e9vsz\u00e1zadok alatt azt megel\u0151z\u0151en is. B\u00e1r a ny\u00edregyh\u00e1zi gy\u00fclekezet r\u00e9szek\u00e9nt nem volt \u00f6n\u00e1ll\u00f3 gazd\u00e1lkod\u00e1sa \u00e9s d\u00f6nt\u00e9si joga, m\u00e9gis volt \u00f6nazonoss\u00e1g tudata. Az \u00e9bred\u00e9si mozgalom idej\u00e9n a helyi lelk\u00e9szeken k\u00edv\u00fcl, egyh\u00e1zunk szinte minden evang\u00e9liz\u00e1tora megfordult itt. Megyer Lajos akkori lelk\u00e9sz megh\u00edv\u00e1s\u00e1ra szolg\u00e1lt J\u00f3zsa M\u00e1rton, Koren Emil, Ve\u00f6re\u00f6s Imre, Sr\u00e9ter Ferenc, Balik\u00f3 Zolt\u00e1n, Gy\u0151ry J\u00e1nos, Gal\u00e1th Gy\u00f6rgy, Ferenczy Zolt\u00e1n, Csepreghy B\u00e9la, Rejt\u0151 M\u00e1ria, Trausch Erzs\u00e9bet, Tomka Gyula \u00e9s m\u00e1sok.<br \/>\n<strong>Gy\u00fclekezet t\u00f6rt\u00e9nete:<\/strong> <strong>Alap\u00edt\u00e1sunk el\u0151tti id\u0151szak \u00e1ttekint\u00e9se.<\/strong><br \/>\n<strong>&#8211; D\u00e9l szabolcsi misszi\u00f3.<\/strong><br \/>\nNy\u00edregyh\u00e1za v\u00e1ros f\u00f6ldesura, gr. K\u00e1rolyi Ferenc \u00fagy gondolta, hogy az eln\u00e9ptelenedet, birtok\u00e1ra gazd\u00e1lkod\u00e1shoz \u00e9rt\u0151 terhelhet\u0151 csal\u00e1dokat h\u00edv annak rem\u00e9ny\u00e9ben, hogy a haszn\u00e1latba adott f\u00f6ldeken gazd\u00e1lkod\u00f3 emberek ben\u00e9pes\u00edtik a ter\u00fcletet \u00e9s gazdas\u00e1gilag stabiliz\u00e1lj\u00e1k azt.<br \/>\nTerv\u00e9t 1752-ben terjesztette a nagytan\u00e1cs el\u00e9, \u00e9s Szarvas k\u00f6rny\u00e9k\u00e9r\u0151l Kb. 300 f\u00f6ldm\u0171vest h\u00edvott azzal az \u00edg\u00e9rettel, hogy f\u00f6ldet kapnak \u00e9s vall\u00e1sukat szabadon gyakorolhatj\u00e1k. Az \u0151szi vet\u00e9st elv\u00e9gezt\u00e9k, majd a munka elv\u00e9gz\u00e9se ut\u00e1n hazaindultak Szarvasra az otthon hagyott csal\u00e1djuk\u00e9rt. A letelep\u00edt\u00e9s\u00fck nyom\u00e1n alakult ki a tanya-bokor telep\u00fcl\u00e9s rendszer, fejl\u0151d\u00f6tt Ny\u00edregyh\u00e1za v\u00e1rosa, \u00e9s \u00e9p\u00fclhetett fel a szabadvall\u00e1s gyakorl\u00e1s tere a nagy ny\u00edregyh\u00e1zi evang\u00e9likus templom. Vas\u00e1rnaponk\u00e9nt \u00e9vsz\u00e1zadokon kereszt\u00fcl, gyalogosan, l\u00f3h\u00e1ton, vagy szek\u00e9ren kelt \u00fatra a bokor tanyavil\u00e1g n\u00e9pe, hogy a nagy templomi Istentiszteleteken r\u00e9szt vegyen. A nagy f\u00f6ldrajzi ter\u00fclet miatt a lelk\u00e9szek munk\u00e1j\u00e1t mindig seg\u00edtett\u00e9k laikus szolg\u00e1l\u00f3k, \u00e9s k\u00e1ntortan\u00edt\u00f3k.<br \/>\nMegyer Lajos lelk\u00e9sz \u00far visszaeml\u00e9kez\u00e9sei alapj\u00e1n a m\u00falt sz\u00e1zad elej\u00e9n, 1934. m\u00e1rcius\u00e1ban megalap\u00edtott\u00e1k a D\u00e9l-Szabolcsi Misszi\u00f3i egyh\u00e1zk\u00f6zs\u00e9get. Els\u0151 lelk\u00e9sze J\u00f3ob Oliv\u00e9r (1934) volt, majd Tarj\u00e1n B\u00e9la (1935) \u00e9s Megyer Lajos (1936-1962) szolg\u00e1lt a gy\u00fclekezetben. M\u00e1r 1937-ben megkapta a gy\u00fclekezeti st\u00e1tuszt, \u00e9s k\u00e9t templom \u00e9p\u00edt\u00e9s\u00e9t hat\u00e1rozt\u00e1k el, Ny\u00edrsz\u0151l\u0151s\u00f6n \u00e9s K\u00e1lm\u00e1nh\u00e1z\u00e1n. Mindk\u00e9t templom fel\u00e9p\u00fclt a h\u00e1bor\u00fas id\u0151szak ellen\u00e9re. Megyer Lajos ut\u00e1n Benk\u00f3czy D\u00e1niel (1962-1977), Magyar L\u00e1szl\u00f3 (1977-1985), \u00e9s Bozor\u00e1dy Zolt\u00e1n (1985-1992) szolg\u00e1ltak.<br \/>\n<strong>&#8211; \u00d6n\u00e1ll\u00f3sod\u00e1s el\u0151tt.<\/strong><br \/>\nBozor\u00e1dy Zolt\u00e1n mellett szolg\u00e1l\u00f3 Szab\u00f3 Magdolna seg\u00e9dlelk\u00e9sz kapta feladatul \u00e9s kezdett 1991-ben Ny\u00edrteleken is kapcsolatot \u00e9p\u00edteni az ott lak\u00f3 evang\u00e9likus h\u00e1tter\u0171 csal\u00e1dokkal. Az els\u0151 Istentiszteletet 1991 november\u00e9re hirdette meg, amelyet a polg\u00e1rmesteri hivatal \u00e1ltal rendelkez\u00e9sre bocs\u00e1tott k\u00f6z\u00f6ss\u00e9gi h\u00e1zban tartottak meg. K\u00f6vetkez\u0151 \u00e9vben Boncs\u00e9r S\u00e1ndor \u00e9s feles\u00e9ge Pecsenya Anna lelk\u00e9szek v\u00e9gezt\u00e9k a szolg\u00e1latot ezen a ter\u00fcleten, folytatva a megkezdett gy\u00fclekezet\u00e9p\u00edt\u0151 szolg\u00e1latot, mellette v\u00e9gezve a szenved\u00e9lybetegek gondoz\u00e1s\u00e1t.<br \/>\n<strong>&#8211; \u00d6n\u00e1ll\u00f3 gy\u00fclekezet.<\/strong><br \/>\nAz egyh\u00e1zk\u00f6zs\u00e9g\u00fcnk 1992-ben, \u00f6n\u00e1ll\u00f3sodott, a Hajd\u00fa-Szabolcsi Evang\u00e9likus Egyh\u00e1zmegye 1992. \u00e1prilis 28-\u00e1n hozott d\u00f6nt\u00e9se alapj\u00e1n Ny\u00edrsz\u0151l\u0151si Evang\u00e9likus Gy\u00fclekezet n\u00e9ven. Bozor\u00e1dy Zolt\u00e1n esperes l\u00e1t\u00e1sa alapj\u00e1n akkor h\u00e1rom \u00faj gy\u00fclekezet alakult a ny\u00edregyh\u00e1zi gy\u00fclekezet ter\u00fclet\u00e9n.<br \/>\nA gy\u00fclekezet presbit\u00e9riuma 1992-ben megh\u00edvta Gy\u00f6rfi Mih\u00e1lyt lelk\u00e9sz\u00e9nek. Beiktat\u00e1sa 1992 augusztus 15-\u00e9n volt D. Szebik Imre p\u00fcsp\u00f6k szolg\u00e1lat\u00e1val. A lelk\u00e9szlak\u00e1s &#8211; az \u00f6nkorm\u00e1nyzatt\u00f3l az egykori tanyai-iskol\u00e1k \u00e1llamos\u00edt\u00e1sa fej\u00e9ben &#8211; a gy\u00fclekezet tulajdon\u00e1ba adott egykori kult\u00farh\u00e1zb\u00f3l lett \u00e1talak\u00edtva, amelyben gy\u00fclekezeti alkalmak megrendez\u00e9s\u00e9re alkalmas helyis\u00e9gek is voltak. Kezdetben Kaz\u00e1r Istv\u00e1n, 2000-t\u0151l V\u00f6r\u00f6s Lajos a K\u00f6z\u00fatkezel\u0151 KHT dolgoz\u00f3ja, 2006-t\u00f3l Borb\u00e1s Zolt\u00e1n az OEP dolgoz\u00f3ja, 2009-t\u0151l Buz\u00e1s Istv\u00e1n tanyagondnok, 2016-t\u00f3l B\u00e1nszky Istv\u00e1n mentor lett a gy\u00fclekezet fel\u00fcgyel\u0151je.<br \/>\nSzabolcs-Szatm\u00e1r-Bereg megye 64 telep\u00fcl\u00e9se tartozik az egyh\u00e1zk\u00f6zs\u00e9ghez. Templomaink Ny\u00edrteleken, Kisv\u00e1rd\u00e1n \u00e9s Ny\u00edrtelek-G\u00f6r\u00f6gsz\u00e1ll\u00e1son tal\u00e1lhat\u00f3k.<br \/>\n<a href=\"http:\/\/filadelfia.lutheran.hu\/?page_id=867&amp;lang=hu_HU\" target=\"_blank\" rel=\"noopener noreferrer\"><img decoding=\"async\" loading=\"lazy\" src=\"folder.gif\" width=\"20\" height=\"22\" border=\"0\" \/> &#8230;&#8230;&#8230;..Templomaink, \u00e9s ter\u00fclet\u00fcnk.<\/a><br \/>\nA gy\u00fclekezet k\u00e9r\u00e9s\u00e9re az egyh\u00e1zmegye d\u00f6nt\u00f6tt a n\u00e9vv\u00e1ltoztat\u00e1si k\u00e9relemr\u0151l \u00e9s 2009-t\u0151l Filadelfia Evang\u00e9likus Egyh\u00e1zk\u00f6zs\u00e9g a nev\u00fcnk.<\/p>\n<p><a href=\"https:\/\/filadelfia.lutheran.hu\/atm.htm\" target=\"_blank\" rel=\"noopener noreferrer\"><img decoding=\"async\" loading=\"lazy\" src=\"folder.gif\" width=\"20\" height=\"22\" border=\"0\" \/> &#8230;&#8230;&#8230;..Gy\u00fclekezeti honlapunk els\u0151 verzi\u00f3ja (ezzel a c\u00edmmel:https:\/\/church.lutheran.hu\/nyirszolos\/atm.htm). Nagyr\u00e9sze m\u00e9g mindig m\u0171k\u00f6d\u0151k\u00e9pes<\/a><\/p>\n<p><a href=\"https:\/\/filadelfia.lutheran.hu\/index_hun.html\" target=\"_blank\" rel=\"noopener noreferrer\"><img decoding=\"async\" loading=\"lazy\" src=\"folder.gif\" width=\"20\" height=\"22\" border=\"0\" \/> &#8230;&#8230;&#8230;..Gy\u00fclekezeti honlapunk m\u00e1sodik verzi\u00f3ja (ezzel a c\u00edmmel:<\/a><a href=\"https:\/\/filadelfia.lutheran.hu\/index_hun.html\">Filadelfia Evang\u00e9likus Gy\u00fclekezet (lutheran.hu)<\/a><a href=\"https:\/\/filadelfia.lutheran.hu\/index_hun.html\" target=\"_blank\" rel=\"noopener noreferrer\">). Nagyr\u00e9sze m\u00e9g mindig m\u0171k\u00f6d\u0151k\u00e9pes<\/a><\/p>\n<p><a href=\"https:\/\/mystat.synch.hu\/query.php?id=5619\" target=\"_blank\" rel=\"noopener noreferrer\"><script language=\"JavaScript\" src=\"https:\/\/mystat.synch.hu\/stat.php?h=4&#038;id=5619\"><\/script><noscript><img decoding=\"async\" src=\"https:\/\/mystat.synch.hu\/collect.php?id=5619&#038;h=4\"\/> Code &#8212;<\/noscript><\/a><\/p>\n","protected":false},"excerpt":{"rendered":"<p>A Filadelfia Evang\u00e9likus Egyh\u00e1zk\u00f6zs\u00e9g (Ny\u00edrsz\u0151l\u0151si Evang\u00e9likus Egyh\u00e1zk\u00f6zs\u00e9g) 1992-ben lett \u00f6n\u00e1ll\u00f3 szervezeti egys\u00e9gg\u00e9, de az \u00dar ig\u00e9je gazdagon sz\u00f3ratott \u00e9vtizedek, \u00e9vsz\u00e1zadok alatt azt megel\u0151z\u0151en is. B\u00e1r a ny\u00edregyh\u00e1zi gy\u00fclekezet r\u00e9szek\u00e9nt nem volt \u00f6n&#8230;<\/p>\n","protected":false},"author":1,"featured_media":0,"parent":30,"menu_order":0,"comment_status":"closed","ping_status":"closed","template":"","meta":[],"_links":{"self":[{"href":"https:\/\/filadelfia.lutheran.hu?lang=hu_HU%2Findex.php&rest_route=\/wp\/v2\/pages\/55"}],"collection":[{"href":"https:\/\/filadelfia.lutheran.hu?lang=hu_HU%2Findex.php&rest_route=\/wp\/v2\/pages"}],"about":[{"href":"https:\/\/filadelfia.lutheran.hu?lang=hu_HU%2Findex.php&rest_route=\/wp\/v2\/types\/page"}],"author":[{"embeddable":true,"href":"https:\/\/filadelfia.lutheran.hu?lang=hu_HU%2Findex.php&rest_route=\/wp\/v2\/users\/1"}],"replies":[{"embeddable":true,"href":"https:\/\/filadelfia.lutheran.hu?lang=hu_HU%2Findex.php&rest_route=%2Fwp%2Fv2%2Fcomments&post=55"}],"version-history":[{"count":16,"href":"https:\/\/filadelfia.lutheran.hu?lang=hu_HU%2Findex.php&rest_route=\/wp\/v2\/pages\/55\/revisions"}],"predecessor-version":[{"id":9023,"href":"https:\/\/filadelfia.lutheran.hu?lang=hu_HU%2Findex.php&rest_route=\/wp\/v2\/pages\/55\/revisions\/9023"}],"up":[{"embeddable":true,"href":"https:\/\/filadelfia.lutheran.hu?lang=hu_HU%2Findex.php&rest_route=\/wp\/v2\/pages\/30"}],"wp:attachment":[{"href":"https:\/\/filadelfia.lutheran.hu?lang=hu_HU%2Findex.php&rest_route=%2Fwp%2Fv2%2Fmedia&parent=55"}],"curies":[{"name":"wp","href":"https:\/\/api.w.org\/{rel}","templated":true}]}}