{"id":30,"date":"2017-03-07T08:03:21","date_gmt":"2017-03-07T08:03:21","guid":{"rendered":"http:\/\/filadelfia.lutheran.hu\/?page_id=30"},"modified":"2026-01-07T11:23:11","modified_gmt":"2026-01-07T10:23:11","slug":"30-2","status":"publish","type":"page","link":"https:\/\/filadelfia.lutheran.hu\/?page_id=30&lang=hu_HU","title":{"rendered":"Gy\u00fclekezet \u00e9lete"},"content":{"rendered":"<p><span style=\"color: #0000ff; font-family: verdana, geneva, sans-serif; font-size: 14pt;\"><strong>Rendszeres gy\u00fclekezeti programok <\/strong><\/span><\/p>\n<p><span style=\"font-family: verdana, geneva, sans-serif;\"><b>H\u00e9tf\u0151<\/b><\/span><br \/>\n<span style=\"font-family: verdana, geneva, sans-serif;\">-Asszonyk\u00f6r, Ny\u00edrtelek,\u00a0 \u00a0 \u00a0 \u00a0 \u00a0 \u00a0 \u00a0 \u00a0 \u00a0 \u00a0 \u00a0 Gy\u00fclekezeti k\u00f6zpont. 17.00<\/span><br \/>\n<span style=\"font-family: verdana, geneva, sans-serif;\"><b>Kedd<\/b><\/span><br \/>\n<span style=\"font-family: verdana, geneva, sans-serif;\">-Biblia\u00f3ra, Ny\u00edrtelek,\u00a0 \u00a0 \u00a0 \u00a0 \u00a0 \u00a0 \u00a0 \u00a0 \u00a0 \u00a0 \u00a0 \u00a0 \u00a0 Gy\u00fclekezeti k\u00f6zpont.\u00a0 17.00 (t\u00e9len: 15:00)<\/span><br \/>\n<span style=\"font-family: verdana, geneva, sans-serif;\">-N\u0151i k\u00f6r, Kisv\u00e1rda,\u00a0 \u00a0   \u00a0 \u00a0  \u00a0 \u00a0 \u00a0 \u00a0 \u00a0 \u00a0 \u00a0 \u00a0 \u00a0 \u00a0 Kish\u00e1z.\u00a0 \u00a0 \u00a0 \u00a0            \u00a018.00<\/span><br \/>\n<span style=\"font-family: verdana, geneva, sans-serif;\"><b>Szerda<\/b><\/span><br \/>\n<span style=\"font-family: verdana, geneva, sans-serif;\">-Baba-mama klub, Ny\u00edrtelek,\u00a0 \u00a0\u00a0      \u00a0 \u00a0 \u00a0 \u00a0Gy\u00fclekezeti k\u00f6zpont.\u00a0 9.00<\/span><br \/>\n<span style=\"font-family: verdana, geneva, sans-serif;\"><b>Cs\u00fct\u00f6rt\u00f6k<\/b><\/span><br \/>\n<span style=\"font-family: verdana, geneva, sans-serif;\">-Biblia\u00f3ra, Kisv\u00e1rda,\u00a0 \u00a0 \u00a0 \u00a0 \u00a0 \u00a0 \u00a0 \u00a0 \u00a0 \u00a0 \u00a0 \u00a0 \u00a0 Kish\u00e1z.\u00a0 \u00a0          \u00a0 \u00a0 \u00a018.00<\/span><br \/>\n<span style=\"font-family: verdana, geneva, sans-serif;\"><b>P\u00e9ntek<\/b><\/span><br \/>\n<span style=\"font-family: verdana, geneva, sans-serif;\">-Ifj\u00fas\u00e1gi \u00f3ra Ny\u00edrtelek,\u00a0 \u00a0 \u00a0 \u00a0 \u00a0 \u00a0 \u00a0 \u00a0 \u00a0 \u00a0 \u00a0 \u00a0 Gy\u00fclekezeti k\u00f6zpont.\u00a0 17.00<\/span><br \/>\n<span style=\"font-family: verdana, geneva, sans-serif;\">-Ifj\u00fas\u00e1gi \u00f3ra Kisv\u00e1rda,\u00a0 \u00a0 \u00a0 \u00a0 \u00a0 \u00a0 \u00a0 \u00a0 \u00a0 \u00a0 \u00a0 \u00a0 Kish\u00e1z.\u00a0           17.00<\/span><br \/>\n<span style=\"font-family: verdana, geneva, sans-serif;\"><b>Vas\u00e1rnap<\/b><\/span><br \/>\n<span style=\"font-family: verdana, geneva, sans-serif;\">-Istentisztelet, Ny\u00edrtelek,\u00a0 \u00a0 \u00a0 \u00a0 \u00a0 \u00a0 \u00a0 \u00a0 \u00a0 \u00a0 Gy\u00fclekezeti k\u00f6zpont.\u00a0 10.00<\/span><br \/>\n<span style=\"font-family: verdana, geneva, sans-serif;\">-Istentisztelet, Kisv\u00e1rda,\u00a0 \u00a0 \u00a0 \u00a0 \u00a0 \u00a0 \u00a0 \u00a0 \u00a0 \u00a0 Templom.\u00a0 \u00a0 \u00a0 \u00a0 \u00a0 \u00a0 \u00a0 \u00a0 \u00a0 10.00<\/span><br \/>\n<span style=\"font-family: verdana, geneva, sans-serif;\">-Istentisztelet, Ny\u00edrtelek-G\u00f6r\u00f6gsz\u00e1ll\u00e1s, Gy\u00fclekezeti h\u00e1z.\u00a0 \u00a0 \u00a0 \u00a0 \u00a015.00\u00a0<\/span><\/p>\n<p><span style=\"font-family: verdana, geneva, sans-serif;\">Mindh\u00e1rom helyen az Istentisztelettel azonos id\u0151ben gyermek szolg\u00e1lat!<\/span><\/p>\n<p>&nbsp;<\/p>\n<p>&nbsp;<\/p>\n<p><a href=\"https:\/\/mystat.synch.hu\/query.php?id=5619\" target=\"_blank\" rel=\"noopener noreferrer\"><script language=\"JavaScript\" src=\"https:\/\/mystat.synch.hu\/stat.php?h=4&#038;id=5619\"><\/script><noscript><img decoding=\"async\" src=\"https:\/\/mystat.synch.hu\/collect.php?id=5619&#038;h=4\"\/> Code &#8212;<\/noscript><\/a><\/p>\n","protected":false},"excerpt":{"rendered":"<p><span style=\"color: #0000ff; font-family: verdana, geneva, sans-serif; font-size: 14pt;\"><strong>Rendszeres gy\u00fclekezeti programok <\/strong><\/span><\/p>\n<p><span style=\"font-family: verdana, geneva, sans-serif;\"><b>H\u00e9tf\u0151<\/b><\/span><br \/>\n<span style=\"font-famil...\n<\/p>\n","protected":false},"author":1,"featured_media":0,"parent":0,"menu_order":0,"comment_status":"closed","ping_status":"closed","template":"","meta":[],"_links":{"self":[{"href":"https:\/\/filadelfia.lutheran.hu?lang=hu_HU%2Findex.php&rest_route=\/wp\/v2\/pages\/30"}],"collection":[{"href":"https:\/\/filadelfia.lutheran.hu?lang=hu_HU%2Findex.php&rest_route=\/wp\/v2\/pages"}],"about":[{"href":"https:\/\/filadelfia.lutheran.hu?lang=hu_HU%2Findex.php&rest_route=\/wp\/v2\/types\/page"}],"author":[{"embeddable":true,"href":"https:\/\/filadelfia.lutheran.hu?lang=hu_HU%2Findex.php&rest_route=\/wp\/v2\/users\/1"}],"replies":[{"embeddable":true,"href":"https:\/\/filadelfia.lutheran.hu?lang=hu_HU%2Findex.php&rest_route=%2Fwp%2Fv2%2Fcomments&post=30"}],"version-history":[{"count":80,"href":"https:\/\/filadelfia.lutheran.hu?lang=hu_HU%2Findex.php&rest_route=\/wp\/v2\/pages\/30\/revisions"}],"predecessor-version":[{"id":34153,"href":"https:\/\/filadelfia.lutheran.hu?lang=hu_HU%2Findex.php&rest_route=\/wp\/v2\/pages\/30\/revisions\/34153"}],"wp:attachment":[{"href":"https:\/\/filadelfia.lutheran.hu?lang=hu_HU%2Findex.php&rest_route=%2Fwp%2Fv2%2Fmedia&parent=30"}],"curies":[{"name":"wp","href":"https:\/\/api.w.org\/{rel}","templated":true}]}}