{"id":25362,"date":"2023-06-12T21:35:34","date_gmt":"2023-06-12T19:35:34","guid":{"rendered":"https:\/\/filadelfia.lutheran.hu\/?page_id=25362"},"modified":"2025-06-06T13:51:54","modified_gmt":"2025-06-06T11:51:54","slug":"beszamolo","status":"publish","type":"page","link":"https:\/\/filadelfia.lutheran.hu\/?page_id=25362&lang=hu_HU","title":{"rendered":"Besz\u00e1mol\u00f3k"},"content":{"rendered":"<p><strong>Az alap\u00edtv\u00e1ny besz\u00e1mol\u00f3ja \u00e9s k\u00f6zhaszn\u00fas\u00e1gi mell\u00e9klete<\/strong><\/p>\n<p><strong>2024. \u00e9vr\u0151l: <\/strong> <a href=\"http:\/\/filadelfia.lutheran.hu\/wp-content\/uploads\/Beszamolo-OBH-2024.pdf\">Besz\u00e1mol\u00f3 OBH 2024<\/a><br \/>\n<strong>2023. \u00e9vr\u0151l: <\/strong> <a href=\"http:\/\/filadelfia.lutheran.hu\/wp-content\/uploads\/Beszamolo-OBH-2023.pdf\">Besz\u00e1mol\u00f3 OBH 2023<\/a><br \/>\n<strong>2022. \u00e9vr\u0151l: <\/strong> <a href=\"http:\/\/filadelfia.lutheran.hu\/wp-content\/uploads\/Beszamolo-OBH-2022.pdf\">Besz\u00e1mol\u00f3 OBH 2022<\/a><\/p>\n<p><strong>K\u00f6zlem\u00e9ny az ad\u00f3z\u00f3 rendelkez\u00e9se szerint a kedvezm\u00e9nyezett r\u00e9sz\u00e9re \u00e1tutalt \u00f6sszeg felhaszn\u00e1l\u00e1s\u00e1r\u00f3l:<\/strong> <a href=\"http:\/\/filadelfia.lutheran.hu\/wp-content\/uploads\/23KOZ.pdf\">23KOZ<\/a><\/p>\n","protected":false},"excerpt":{"rendered":"<p><strong>Az alap\u00edtv\u00e1ny besz\u00e1mol\u00f3ja \u00e9s k\u00f6zhaszn\u00fas\u00e1gi mell\u00e9klete<\/strong><\/p>\n<p><strong>2024. \u00e9vr\u0151l: <\/strong> <a href=\"http:\/\/filadelfia.lutheran.hu\/wp-content\/uploads\/Beszamolo-OBH-2024.pdf\">Besz\u00e1mol\u00f3 OBH 2024<\/a><br \/>\n<strong>2023. \u00e9vr\u0151l: <\/strong> <a href=...\n<\/p>\n","protected":false},"author":5,"featured_media":0,"parent":0,"menu_order":0,"comment_status":"closed","ping_status":"closed","template":"","meta":[],"_links":{"self":[{"href":"https:\/\/filadelfia.lutheran.hu?lang=hu_HU%2Findex.php&rest_route=\/wp\/v2\/pages\/25362"}],"collection":[{"href":"https:\/\/filadelfia.lutheran.hu?lang=hu_HU%2Findex.php&rest_route=\/wp\/v2\/pages"}],"about":[{"href":"https:\/\/filadelfia.lutheran.hu?lang=hu_HU%2Findex.php&rest_route=\/wp\/v2\/types\/page"}],"author":[{"embeddable":true,"href":"https:\/\/filadelfia.lutheran.hu?lang=hu_HU%2Findex.php&rest_route=\/wp\/v2\/users\/5"}],"replies":[{"embeddable":true,"href":"https:\/\/filadelfia.lutheran.hu?lang=hu_HU%2Findex.php&rest_route=%2Fwp%2Fv2%2Fcomments&post=25362"}],"version-history":[{"count":15,"href":"https:\/\/filadelfia.lutheran.hu?lang=hu_HU%2Findex.php&rest_route=\/wp\/v2\/pages\/25362\/revisions"}],"predecessor-version":[{"id":32111,"href":"https:\/\/filadelfia.lutheran.hu?lang=hu_HU%2Findex.php&rest_route=\/wp\/v2\/pages\/25362\/revisions\/32111"}],"wp:attachment":[{"href":"https:\/\/filadelfia.lutheran.hu?lang=hu_HU%2Findex.php&rest_route=%2Fwp%2Fv2%2Fmedia&parent=25362"}],"curies":[{"name":"wp","href":"https:\/\/api.w.org\/{rel}","templated":true}]}}