{"id":24180,"date":"2023-02-05T19:34:38","date_gmt":"2023-02-05T18:34:38","guid":{"rendered":"https:\/\/filadelfia.lutheran.hu\/?page_id=24180"},"modified":"2025-02-20T09:13:38","modified_gmt":"2025-02-20T08:13:38","slug":"programok","status":"publish","type":"page","link":"https:\/\/filadelfia.lutheran.hu\/?page_id=24180&lang=hu_HU","title":{"rendered":"Programok"},"content":{"rendered":"<p><strong>\u00c9ves program 2025<\/strong><\/p>\n<p>2025.01.05-12. Aliansz imah\u00e9t (Ny\u00edregyh\u00e1za)<br \/>\n2025.01.05.; 08.; 12. Aliansz imah\u00e9t (Kisv\u00e1rda)<br \/>\n2025.01.19. Gy\u00fclekezeti csal\u00e1dos d\u00e9lut\u00e1n (Ny\u00edrtelek)<br \/>\n2025.01.20-23. \u00d6kumenikus imah\u00e9t (Kisv\u00e1rda)<br \/>\n2025.02.08. Zugl\u00f3i csendesnap (Budapest)<br \/>\n2025.02.14-16. EKE ifj\u00fas\u00e1gi h\u00e9tv\u00e9ge (Piliscsaba)<br \/>\n2025.02.15. H\u00e1zasp\u00e1ros nap (Biatorb\u00e1gy)<br \/>\n2025.02.22. H\u00e1zasp\u00e1ros k\u00f6r (Ny\u00edrtelek)<br \/>\n2025.02.22. F\u00e9rfi nap (Biatorb\u00e1gy)<br \/>\n2025.02.23. N\u0151i nap (Biatorb\u00e1gy)<br \/>\n2025.03.01. Munk\u00e1s csendesnap (Ny\u00edrtelek)<br \/>\n2025.03.02. Szupplik\u00e1ci\u00f3 (Ny\u00edrtelek)<br \/>\n2025.03.08. Egyh\u00e1zmegyei hittanverseny (Nagycserkesz)<br \/>\n2025.03.14-16. EKE Feln\u0151tt hitm\u00e9ly\u00edt\u0151 hv (Piliscsaba)<br \/>\n2025.03.15. Bibliatanulm\u00e1nyoz\u00f3 nap (Biatorb\u00e1gy)<br \/>\n2025.03.16. Gy\u00fclekezeti csal\u00e1dos d\u00e9lut\u00e1n (Ny\u00edrtelek)<br \/>\n2025.03.28. K\u00f6z\u00f6s ifi (Kisv\u00e1rda)<br \/>\n2025.03.31-04.04. F\u00e9rfi h\u00e9t (Biatorb\u00e1gy)<br \/>\n2025.04.05. H\u00e1zasp\u00e1ros k\u00f6r (Ny\u00edrtelek)<br \/>\n2025.04.04-06. EKE csal\u00e1dos h\u00e9tv\u00e9ge (Piliscsaba)<br \/>\n2025.04.07-11. N\u0151i h\u00e9t (Biatorb\u00e1gy)<br \/>\n2025.04.12. Orsz\u00e1gos hittanverseny (Budapest)<br \/>\n2025.04.11-16. Konfirmandus h\u00e9t (Piliscsaba)<br \/>\n2025.04.17. Gy\u00fcl munkat\u00e1rsak alkalma (Ny\u00edrtelek)<br \/>\n2025.04.18. Nagyp\u00e9ntek<br \/>\n2025.04.20. H\u00fasv\u00e9t<br \/>\n2025.04.25-27. Gy\u00fclekezeti h\u00e9tv\u00e9ge (Piliscsaba)<br \/>\n2025.04.26. Egyh\u00e1zmegyei konfirmandus kir\u00e1ndul\u00e1s<br \/>\n2025.05.12-16. Bibliatanulm\u00e1nyoz\u00f3 h\u00e9t (Biatorb\u00e1gy)<br \/>\n2025.05.10. ? EKE csendesnap<br \/>\n2025.05.18. Gy\u00fcl csal\u00e1dos du. (Ny\u00edrtelek, Cantemus)<br \/>\n2025.05.19-23. H\u00e1zasp\u00e1ros h\u00e9t (Biatorb\u00e1gy)<br \/>\n2025.05.31. EPOT (Budapest)<br \/>\n2025.06.01. GAS sz\u00f3sz\u00e9kcsere (Kisv\u00e1rda)<br \/>\n2025.06.02-06. N\u0151i h\u00e9t (Biatorb\u00e1gy)<br \/>\n2025.06.07. Csendesnap (Kisv\u00e1rda)<br \/>\n2025.06.08. P\u00fcnk\u00f6sd<br \/>\n2025.06.09. OKIT (Biatorb\u00e1gy)<br \/>\n2025.06.13. Egyh\u00e1zmegyei k\u00f6z\u00f6s ifi (Ny\u00edrtelek)<br \/>\n2025.06.21. H\u00e1zasp\u00e1ros k\u00f6r (Ny\u00edrtelek)<br \/>\n2025.06.22. Dr. Fabiny Tam\u00e1s l\u00e1togat\u00e1sa (Kisv\u00e1rda)<br \/>\n2025.06.30-07.04. Hitm\u00e9ly\u00edt\u0151 csal\u00e1dos h\u00e9t (Piliscsaba)<br \/>\n2025.06.30-07.04. N\u0151i h\u00e9t (Biatorb\u00e1gy)<br \/>\n2025.07.07-11. H\u00e1zasp\u00e1ros h\u00e9t (Biatorb\u00e1gy)<br \/>\n2025.07.07-09. Amerikaiak Kisv\u00e1rd\u00e1n<br \/>\n2025.07.10-13. G\u00f6r\u00f6gsz\u00e1ll\u00e1si gyerekh\u00e9t<br \/>\n2025.07.13-17. K\u00f6z\u00f6s asztal cig\u00e1nymisszi\u00f3s t\u00e1bor (Szanazug)<br \/>\n2025.07.14-18. Gyermekh\u00e9t (Bodrogkereszt\u00far)<br \/>\n2025.07.14-19. EKE Csal\u00e1dos h\u00e9t (Piliscsaba)<br \/>\n2025.07.20. Gy\u00fclekezeti csal\u00e1dos d\u00e9lut\u00e1n (Ny\u00edrtelek)<br \/>\n2025.07.21-26. EKE ifj\u00fas\u00e1gi h\u00e9t (?)<br \/>\n2025.07.28-08.01. Bibliatan.h\u00e9t 20-40 \u00e9v (Biatorb\u00e1gy)<br \/>\n2025.08.04-09. EKE Feln\u0151tt hitm\u00e9ly\u00edt\u0151 h\u00e9t (Piliscsaba)<br \/>\n2025.08.04-08. H\u00e1zasp\u00e1ros h\u00e9t (Biatorb\u00e1gy)<br \/>\n2025.08.11-15. Bibliatanulm\u00e1nyoz\u00f3 h\u00e9t (Biatorb\u00e1gy)<br \/>\n2025.08.16. Munk\u00e1s csendesnap (Ny\u00edrtelek)<br \/>\n2025.08.20. Csendesnap (Ny\u00edrtelek)<br \/>\n2025.09.06. H\u00e1zasp\u00e1ros k\u00f6r (Ny\u00edrtelek)<br \/>\n2025.09.08-12. N\u0151i h\u00e9t (Biatorb\u00e1gy)<br \/>\n2025.09.15-19. H\u00e1zasp\u00e1ros h\u00e9t (Biatorb\u00e1gy)<br \/>\n2025.09.20. Tal\u00e1lkoz\u00f3 Veled \u2013 Ker\u00fcleti nap<br \/>\n2025.09.21. Gy\u00fclekezeti csal\u00e1dos d\u00e9lut\u00e1n (Ny\u00edrtelek)<br \/>\n2025.09.27. Orsz\u00e1gos konfirmandus tal\u00e1lkoz\u00f3<br \/>\n2025.09.26-28. EKE Csal\u00e1dos h\u00e9tv\u00e9ge (?)<br \/>\n2025.10.03. Presbiterek, gy\u00fcl munkat\u00e1rsak kir\u00e1ndul\u00e1sa<br \/>\n2025.10.04. ? EKE csendesnap<br \/>\n2025.10.06-10. Bibliatanulm\u00e1nyoz\u00f3 h\u00e9t (Biatorb\u00e1gy)<br \/>\n2025.10.11. Orsz\u00e1gos evang\u00e9liz\u00e1ci\u00f3 (Budapest)<br \/>\n2025.10.13-17. F\u00e9rfi h\u00e9t (Biatorb\u00e1gy)<br \/>\n2025.10.17-19. EKE Feln\u0151tt hitm\u00e9ly\u00edt\u0151 h\u00e9tv\u00e9ge (?)<br \/>\n2025.10.23. OKIT (Biatorb\u00e1gy)<br \/>\n2025.10.31. Reform\u00e1ci\u00f3i istentisztelet (Kisv\u00e1rda)<br \/>\n2025.10.31. F\u00e1kly\u00e1s felvonul\u00e1s \u00e9s reform\u00e1ci\u00f3i istentisztelet (Ny\u00edregyh\u00e1za)<br \/>\n2025.11.02. Reform\u00e1ci\u00f3i istentisztelet (Ny\u00edrtelek)<br \/>\n2025.11.08. Egyh\u00e1zmegyei presbiteri csendesnap (Emmaus)<br \/>\n2025.11.09. Gy\u00fclekezeti csal\u00e1dos d\u00e9lut\u00e1n (Ny\u00edrtelek)<br \/>\n2025.11.14-16. EKE ifj\u00fas\u00e1gi h\u00e9tv\u00e9ge (Piliscsaba)<br \/>\n2025.11.15. Bibliatanulm\u00e1nyoz\u00f3 nap (Biatorb\u00e1gy)<br \/>\n2025.11.22. Munk\u00e1s csendesnap (Ny\u00edrtelek)<br \/>\n2025.11.22. F\u00e9rfi nap (Biatorb\u00e1gy)<br \/>\n2025.11.23. N\u0151i nap (Biatorb\u00e1gy)<br \/>\n2025.11.29. \u00c1dventi csendesnap (Ny\u00edrtelek)<br \/>\n2025.11.29. H\u00e1zasp\u00e1ros nap (Biatorb\u00e1gy)<br \/>\n2025.12.06. H\u00e1zasp\u00e1ros k\u00f6r (Ny\u00edrtelek)<br \/>\n2025.12.12. Gy\u00fcl munkat\u00e1rsak alkalma (Ny\u00edrtelek)<br \/>\n2025.12.24. Kar\u00e1csony este<br \/>\n2025.12.25. Kar\u00e1csony \u00fcnnepe<br \/>\n2025.12.31. Gy\u00fclekezeti szilveszter (Ny\u00edrtelek)<br \/>\n2025.12.31. Gy\u00fclekezeti szilveszter (Kisv\u00e1rda)<\/p>\n<p><strong>B\u0151vebb inform\u00e1ci\u00f3, jelentkez\u00e9s: <\/strong><br \/>\nEKE alkalmakn\u00e1l: https:\/\/ekealapitvany.hu\/<br \/>\nBiatorb\u00e1gyi alkalmakn\u00e1l: https:\/\/mbb.hu\/<br \/>\nA t\u00f6bbi alkalomn\u00e1l: lelk\u00e9szeinkn\u00e9l<\/p>\n","protected":false},"excerpt":{"rendered":"<p><strong>\u00c9ves program 2025<\/strong><\/p>\n<p>2025.01.05-12. Aliansz imah\u00e9t (Ny\u00edregyh\u00e1za)<br \/>\n2025.01.05.; 08.; 12. Aliansz imah\u00e9t (Kisv\u00e1rda)<br \/>\n2025.01.19. Gy\u00fclekezeti csal\u00e1dos d\u00e9lut\u00e1n (Ny\u00edrtelek)<br \/>\n2025.01.20-23. \u00d6kumenikus imah\u00e9t (Kisv\u00e1rda)<br \/>\n2025.02.08. Zugl\u00f3i &#8230;<\/p>\n","protected":false},"author":5,"featured_media":0,"parent":0,"menu_order":0,"comment_status":"closed","ping_status":"closed","template":"","meta":[],"_links":{"self":[{"href":"https:\/\/filadelfia.lutheran.hu?lang=hu_HU%2Findex.php&rest_route=\/wp\/v2\/pages\/24180"}],"collection":[{"href":"https:\/\/filadelfia.lutheran.hu?lang=hu_HU%2Findex.php&rest_route=\/wp\/v2\/pages"}],"about":[{"href":"https:\/\/filadelfia.lutheran.hu?lang=hu_HU%2Findex.php&rest_route=\/wp\/v2\/types\/page"}],"author":[{"embeddable":true,"href":"https:\/\/filadelfia.lutheran.hu?lang=hu_HU%2Findex.php&rest_route=\/wp\/v2\/users\/5"}],"replies":[{"embeddable":true,"href":"https:\/\/filadelfia.lutheran.hu?lang=hu_HU%2Findex.php&rest_route=%2Fwp%2Fv2%2Fcomments&post=24180"}],"version-history":[{"count":24,"href":"https:\/\/filadelfia.lutheran.hu?lang=hu_HU%2Findex.php&rest_route=\/wp\/v2\/pages\/24180\/revisions"}],"predecessor-version":[{"id":31313,"href":"https:\/\/filadelfia.lutheran.hu?lang=hu_HU%2Findex.php&rest_route=\/wp\/v2\/pages\/24180\/revisions\/31313"}],"wp:attachment":[{"href":"https:\/\/filadelfia.lutheran.hu?lang=hu_HU%2Findex.php&rest_route=%2Fwp%2Fv2%2Fmedia&parent=24180"}],"curies":[{"name":"wp","href":"https:\/\/api.w.org\/{rel}","templated":true}]}}