{"id":21197,"date":"2022-02-17T22:21:58","date_gmt":"2022-02-17T21:21:58","guid":{"rendered":"http:\/\/filadelfia.lutheran.hu\/?page_id=21197"},"modified":"2025-02-21T12:06:15","modified_gmt":"2025-02-21T11:06:15","slug":"offertoriumok","status":"publish","type":"page","link":"https:\/\/filadelfia.lutheran.hu\/?page_id=21197&lang=hu_HU","title":{"rendered":"Offert\u00f3riumok"},"content":{"rendered":"<div class=\"page-header\">\n<h1><span style=\"color: #0000ff; font-size: 18pt;\">K\u00f6telez\u0151 offert\u00f3riumok 2025.<\/span><\/h1>\n<\/div>\n<div>\n<ol>\n<li><strong><span style=\"color: #0000ff;\">Templom\u00e9p\u00edt\u00e9sek<\/span>\u00a0<\/strong>\u00e9s renov\u00e1l\u00e1sok t\u00e1mogat\u00e1s\u00e1ra tartand\u00f3 offert\u00f3rium.<br \/>\n<strong>Id\u0151pontja:\u00a0<\/strong>V\u00edzkereszt ut\u00e1ni 1. vas\u00e1rnap.<strong>\u00a02025. janu\u00e1r 12.<\/strong><\/li>\n<\/ol>\n<ol start=\"2\">\n<li><strong><span style=\"color: #0000ff;\">Sz\u00f3rv\u00e1ny<\/span>&#8211;<\/strong>gy\u00fclekezetek megseg\u00edt\u00e9s\u00e9re szolg\u00e1l\u00f3 offert\u00f3rium<strong>.<br \/>\n<\/strong><strong>Id\u0151pontja:\u00a0<\/strong>Vir\u00e1gvas\u00e1rnap. <strong>2025. \u00e1prilis 13.<\/strong><\/li>\n<\/ol>\n<ol start=\"3\">\n<li><strong><span style=\"color: #0000ff;\">Egyh\u00e1zzen\u00e9t<\/span>\u00a0<\/strong>t\u00e1mogat\u00f3 offert\u00f3rium.<br \/>\n<strong>Id\u0151pontja:<\/strong>\u00a0H\u00fasv\u00e9t ut\u00e1ni 4. vas\u00e1rnap.\u00a0<strong> 2025. m\u00e1jus 18.<\/strong><strong>\u00a0<\/strong><\/li>\n<\/ol>\n<ol start=\"4\">\n<li><strong><span style=\"color: #0000ff;\">Misszi\u00f3<\/span>\u00a0<\/strong>c\u00e9lj\u00e1ra szolg\u00e1l\u00f3 offert\u00f3rium.<br \/>\n<strong>Id\u0151pontja:<\/strong>\u00a0H\u00fasv\u00e9t ut\u00e1ni 6. vas\u00e1rnap.<strong>\u00a02025. j\u00fanius 1.<\/strong><\/li>\n<\/ol>\n<ol start=\"5\">\n<li><strong><span style=\"color: #0000ff;\">Guszt\u00e1v Adolf Seg\u00e9lyszolg\u00e1latot<\/span>\u00a0<\/strong>szolg\u00e1l\u00f3 offert\u00f3rium.<br \/>\n<strong>Id\u0151pontja:<\/strong>. H\u00fasv\u00e9t ut\u00e1n 6. vas\u00e1rnap.<strong>\u00a02025. j\u00fanius 1.<\/strong>\u00a0(GAS vas\u00e1rnap sz\u00f3sz\u00e9k cser\u00e9vel &#8211; Kisv\u00e1rda)<strong>\u00a0<\/strong><\/li>\n<\/ol>\n<ol start=\"6\">\n<li><span style=\"color: #0000ff;\"><strong>Gy\u00f3gykezel\u00e9si<\/strong><\/span> offert\u00f3rium.<br \/>\n<strong>Id\u0151pontja:\u00a0<\/strong>Szenth\u00e1roms\u00e1g ut\u00e1ni 2. vas\u00e1rnap.<strong>\u00a02025. j\u00fanius\u00a0 29.<\/strong><strong>\u00a0<\/strong><\/li>\n<\/ol>\n<ol start=\"7\">\n<li><span style=\"color: #0000ff;\"><strong>Ifj\u00fas\u00e1gi<\/strong><\/span> offert\u00f3rium.<br \/>\n<strong>Id\u0151pontja:\u00a0<\/strong>Szeptember els\u0151 vas\u00e1rnapja.<strong>\u00a02025. szeptember\u00a0 7.<\/strong><\/li>\n<\/ol>\n<ol start=\"8\">\n<li><strong><span style=\"color: #0000ff;\">Biblia<\/span>\u00a0<\/strong>terjeszt\u00e9s\u00e9t szolg\u00e1l\u00f3 offert\u00f3rium.<br \/>\n<strong>Id\u0151pontja:\u00a0<\/strong>Okt\u00f3ber h\u00f3 utols\u00f3 vas\u00e1rnapja<strong>. 2025. okt\u00f3ber 26.<\/strong><strong>\u00a0<\/strong><\/li>\n<\/ol>\n<p>A Filadelfia Evang\u00e9likus Egyh\u00e1zk\u00f6zs\u00e9g sz\u00e1mlasz\u00e1ma:\u00a0 OTP Bank <span style=\"font-size: 14pt; color: #0000ff;\"><strong>11744003-20951276<\/strong><\/span><\/p>\n<\/div>\n","protected":false},"excerpt":{"rendered":"<div class=\"page-header\">\n<h1><span style=\"color: #0000ff; font-size: 18pt;\">K\u00f6telez\u0151 offert\u00f3riumok 2025.<\/span><\/h1>\n<\/div>\n<div>\n<ol>\n<li><strong><span style=\"color: #0000ff;\">Templom\u00e9p\u00edt\u00e9sek<\/span>\u00a0<\/strong>\u00e9s renov\u00e1l\u00e1sok t\u00e1mogat\u00e1s\u00e1ra tarta&#8230;<br \/>\n","protected":false},"author":2,"featured_media":0,"parent":0,"menu_order":0,"comment_status":"closed","ping_status":"closed","template":"","meta":[],"_links":{"self":[{"href":"https:\/\/filadelfia.lutheran.hu?lang=hu_HU%2Findex.php&rest_route=\/wp\/v2\/pages\/21197"}],"collection":[{"href":"https:\/\/filadelfia.lutheran.hu?lang=hu_HU%2Findex.php&rest_route=\/wp\/v2\/pages"}],"about":[{"href":"https:\/\/filadelfia.lutheran.hu?lang=hu_HU%2Findex.php&rest_route=\/wp\/v2\/types\/page"}],"author":[{"embeddable":true,"href":"https:\/\/filadelfia.lutheran.hu?lang=hu_HU%2Findex.php&rest_route=\/wp\/v2\/users\/2"}],"replies":[{"embeddable":true,"href":"https:\/\/filadelfia.lutheran.hu?lang=hu_HU%2Findex.php&rest_route=%2Fwp%2Fv2%2Fcomments&post=21197"}],"version-history":[{"count":12,"href":"https:\/\/filadelfia.lutheran.hu?lang=hu_HU%2Findex.php&rest_route=\/wp\/v2\/pages\/21197\/revisions"}],"predecessor-version":[{"id":31342,"href":"https:\/\/filadelfia.lutheran.hu?lang=hu_HU%2Findex.php&rest_route=\/wp\/v2\/pages\/21197\/revisions\/31342"}],"wp:attachment":[{"href":"https:\/\/filadelfia.lutheran.hu?lang=hu_HU%2Findex.php&rest_route=%2Fwp%2Fv2%2Fmedia&parent=21197"}],"curies":[{"name":"wp","href":"https:\/\/api.w.org\/{rel}","templated":true}]}}