{"id":16127,"date":"2021-01-12T00:22:55","date_gmt":"2021-01-11T23:22:55","guid":{"rendered":"http:\/\/filadelfia.lutheran.hu\/?page_id=16127"},"modified":"2021-01-16T22:06:20","modified_gmt":"2021-01-16T21:06:20","slug":"traush-liza-igehirdetesei","status":"publish","type":"page","link":"https:\/\/filadelfia.lutheran.hu\/?page_id=16127&lang=hu_HU","title":{"rendered":"Traush Liza igehirdet\u00e9sei"},"content":{"rendered":"<p><b><u><font COLOR=\"#3333FF\">Trausch Liza igehirdet\u00e9sei. <\/font><\/u><\/b><br \/>\n<br \/>&nbsp;<br \/>\n<br \/>&nbsp;<\/p>\n<p><a HREF=\"audio\/lizaneni\/trausch liza - a kereszt t\u00fcze.mp3\"><\/a><font COLOR=\"#3333FF\">&#8230;&#8230;&#8230;&#8230;&#8230;&#8230;&#8230;&#8230;&#8230;&#8230;&#8230;&#8230;&#8230;&#8230;&#8230;&#8230;Trausch Liza &#8211; A kereszt t\u00fcze <\/font><\/p>\n<p><a HREF=\"audio\/lizaneni\/trausch liza - a l\u00e9lek \u00fcdv\u00f6ss\u00e9ge.mp3\"><\/a><font COLOR=\"#3333FF\">&#8230;&#8230;&#8230;&#8230;&#8230;&#8230;&#8230;&#8230;&#8230;&#8230;&#8230;&#8230;&#8230;&#8230;&#8230;&#8230;Trausch Liza &#8211; A l\u00e9lek \u00fcdv\u00f6ss\u00e9ge <\/font><\/p>\n<p><a HREF=\"audio\/lizaneni\/trausch liza - a szent fi\u00fa.mp3\"><\/a><font COLOR=\"#3333FF\">&#8230;&#8230;&#8230;&#8230;&#8230;&#8230;&#8230;&#8230;&#8230;&#8230;&#8230;&#8230;&#8230;&#8230;&#8230;&#8230;Trausch Liza &#8211; A szent fi\u00fa <\/font><\/p>\n<p><a HREF=\"audio\/lizaneni\/trausch liza - bemenni a nyugalomba.mp3\"><\/a><font COLOR=\"#3333FF\">&#8230;&#8230;&#8230;&#8230;&#8230;&#8230;&#8230;&#8230;&#8230;&#8230;&#8230;&#8230;&#8230;&#8230;&#8230;&#8230;Trausch Liza &#8211; Bemenni a nyugalomba <\/font><\/p>\n<p><a HREF=\"audio\/lizaneni\/trausch liza - b\u0171n \u00e9s hal\u00e1l t\u00f6rv\u00e9nye.mp3\"><\/a><font COLOR=\"#3333FF\">&#8230;&#8230;&#8230;&#8230;&#8230;&#8230;&#8230;&#8230;&#8230;&#8230;&#8230;&#8230;&#8230;&#8230;&#8230;&#8230;Trausch Liza &#8211; B\u0171n \u00e9s hal\u00e1l t\u00f6rv\u00e9nye <\/font><\/p>\n<p><a HREF=\"audio\/lizaneni\/trausch liza - b\u0171nb\u00e1natra.mp3\"><\/a><font COLOR=\"#3333FF\">&#8230;&#8230;&#8230;&#8230;&#8230;&#8230;&#8230;&#8230;&#8230;&#8230;&#8230;&#8230;&#8230;&#8230;&#8230;&#8230;Trausch Liza &#8211; B\u0171nb\u00e1natra <\/font><\/p>\n<p><a HREF=\"audio\/lizaneni\/trausch liza - csal\u00e1ssal nem lehet megszerezni.mp3\"><\/a><font COLOR=\"#3333FF\">&#8230;&#8230;&#8230;&#8230;&#8230;&#8230;&#8230;&#8230;&#8230;&#8230;&#8230;&#8230;&#8230;&#8230;&#8230;&#8230;Trausch Liza &#8211; Csal\u00e1ssal nem lehet megszerezni <\/font><\/p>\n<p><a HREF=\"audio\/lizaneni\/trausch liza - csendbe.mp3\"><\/a><font COLOR=\"#3333FF\">&#8230;&#8230;&#8230;&#8230;&#8230;&#8230;&#8230;&#8230;&#8230;&#8230;&#8230;&#8230;&#8230;&#8230;&#8230;&#8230;Trausch Liza &#8211; Csendbe <\/font><\/p>\n<p><a HREF=\"audio\/lizaneni\/trausch liza - dics\u0151s\u00e9gbe.mp3\"><\/a><font COLOR=\"#3333FF\">&#8230;&#8230;&#8230;&#8230;&#8230;&#8230;&#8230;&#8230;&#8230;&#8230;&#8230;&#8230;&#8230;&#8230;&#8230;&#8230;Trausch Liza &#8211; Dics\u0151s\u00e9gbe <\/font><\/p>\n<p><a HREF=\"audio\/lizaneni\/trausch liza - eleven sz\u00e9n a fog\u00f3ban.mp3\"><\/a><font COLOR=\"#3333FF\">&#8230;&#8230;&#8230;&#8230;&#8230;&#8230;&#8230;&#8230;&#8230;&#8230;&#8230;&#8230;&#8230;&#8230;&#8230;&#8230;Trausch Liza &#8211; Eleven sz\u00e9n a fog\u00f3ban <\/font><\/p>\n<p><a HREF=\"audio\/lizaneni\/trausch liza - fenyit\u00e9s a b\u00e9kess\u00e9g forr\u00e1sa.mp3\"><\/a><font COLOR=\"#3333FF\">&#8230;&#8230;&#8230;&#8230;&#8230;&#8230;&#8230;&#8230;&#8230;&#8230;&#8230;&#8230;&#8230;&#8230;&#8230;&#8230;Trausch Liza &#8211; Fenyit\u00e9s a b\u00e9kess\u00e9g forr\u00e1sa <\/font><\/p>\n<p><a HREF=\"audio\/lizaneni\/trausch liza - hamis b\u00e9kess\u00e9g.mp3\"><\/a><font COLOR=\"#3333FF\">&#8230;&#8230;&#8230;&#8230;&#8230;&#8230;&#8230;&#8230;&#8230;&#8230;&#8230;&#8230;&#8230;&#8230;&#8230;&#8230;Trausch Liza &#8211; Hamis b\u00e9kess\u00e9g <\/font><\/p>\n<p><a HREF=\"audio\/lizaneni\/trausch liza - hamiss\u00e1god elfedezve.mp3\"><\/a><font COLOR=\"#3333FF\">&#8230;&#8230;&#8230;&#8230;&#8230;&#8230;&#8230;&#8230;&#8230;&#8230;&#8230;&#8230;&#8230;&#8230;&#8230;&#8230;Trausch Liza &#8211; Hamiss\u00e1god elfedezve <\/font><\/p>\n<p><a HREF=\"audio\/lizaneni\/trausch liza - hit a b\u00e9kess\u00e9g forr\u00e1sa.mp3\"><\/a><font COLOR=\"#3333FF\">&#8230;&#8230;&#8230;&#8230;&#8230;&#8230;&#8230;&#8230;&#8230;&#8230;&#8230;&#8230;&#8230;&#8230;&#8230;&#8230;Trausch Liza &#8211; Hit a b\u00e9kess\u00e9g forr\u00e1sa <\/font><\/p>\n<p><a HREF=\"audio\/lizaneni\/trausch liza - hit szeretet \u00f6r\u00f6m.mp3\"><\/a><font COLOR=\"#3333FF\">&#8230;&#8230;&#8230;&#8230;&#8230;&#8230;&#8230;&#8230;&#8230;&#8230;&#8230;&#8230;&#8230;&#8230;&#8230;&#8230;Trausch Liza &#8211; Hit szeretet \u00f6r\u00f6m <\/font><\/p>\n<p><a HREF=\"audio\/lizaneni\/trausch liza - idegen t\u0171z.mp3\"><\/a><font COLOR=\"#3333FF\">&#8230;&#8230;&#8230;&#8230;&#8230;&#8230;&#8230;&#8230;&#8230;&#8230;&#8230;&#8230;&#8230;&#8230;&#8230;&#8230;Trausch Liza &#8211; Idegen t\u0171z <\/font><\/p>\n<p><a HREF=\"audio\/lizaneni\/trausch liza - im\u00e1dkoz\u00f3 asszony.mp3\"><\/a><font COLOR=\"#3333FF\">&#8230;&#8230;&#8230;&#8230;&#8230;&#8230;&#8230;&#8230;&#8230;&#8230;&#8230;&#8230;&#8230;&#8230;&#8230;&#8230;Trausch Liza &#8211; Im\u00e1dkoz\u00f3 asszony <\/font><\/p>\n<p><a HREF=\"audio\/lizaneni\/trausch liza - imads\u00e1g a b\u00e9kess\u00e9g forr\u00e1sa.mp3\"><\/a><font COLOR=\"#3333FF\">&#8230;&#8230;&#8230;&#8230;&#8230;&#8230;&#8230;&#8230;&#8230;&#8230;&#8230;&#8230;&#8230;&#8230;&#8230;&#8230;Trausch Liza &#8211; Imads\u00e1g a b\u00e9kess\u00e9g forr\u00e1sa <\/font><\/p>\n<p><a HREF=\"audio\/lizaneni\/trausch liza - isten besz\u00e9de.mp3\"><\/a><font COLOR=\"#3333FF\">&#8230;&#8230;&#8230;&#8230;&#8230;&#8230;&#8230;&#8230;&#8230;&#8230;&#8230;&#8230;&#8230;&#8230;&#8230;&#8230;Trausch Liza &#8211; Isten besz\u00e9de <\/font><\/p>\n<p><a HREF=\"audio\/lizaneni\/trausch liza - isten cselekszik.mp3\"><\/a><font COLOR=\"#3333FF\">&#8230;&#8230;&#8230;&#8230;&#8230;&#8230;&#8230;&#8230;&#8230;&#8230;&#8230;&#8230;&#8230;&#8230;&#8230;&#8230;Trausch Liza &#8211; Isten cselekszik <\/font><\/p>\n<p><a HREF=\"audio\/lizaneni\/trausch liza - isten hatalma.mp3\"><\/a><font COLOR=\"#3333FF\">&#8230;&#8230;&#8230;&#8230;&#8230;&#8230;&#8230;&#8230;&#8230;&#8230;&#8230;&#8230;&#8230;&#8230;&#8230;&#8230;Trausch Liza &#8211; Isten hatalma <\/font><\/p>\n<p><a HREF=\"audio\/lizaneni\/trausch liza - isten szemei el\u0151tt.mp3\"><\/a><font COLOR=\"#3333FF\">&#8230;&#8230;&#8230;&#8230;&#8230;&#8230;&#8230;&#8230;&#8230;&#8230;&#8230;&#8230;&#8230;&#8230;&#8230;&#8230;Trausch Liza &#8211; Isten szemei el\u0151tt .<\/font><\/p>\n<p><a HREF=\"audio\/lizaneni\/trausch liza - isten t\u00f6rv\u00e9nye.mp3\"><\/a><font COLOR=\"#3333FF\">&#8230;&#8230;&#8230;&#8230;&#8230;&#8230;&#8230;&#8230;&#8230;&#8230;&#8230;&#8230;&#8230;&#8230;&#8230;&#8230;Trausch Liza &#8211; Isten t\u00f6rv\u00e9nye <\/font><\/p>\n<p><a HREF=\"audio\/lizaneni\/trausch liza - kegyelem t\u00fcze.mp3\"><\/a><font COLOR=\"#3333FF\">&#8230;&#8230;&#8230;&#8230;&#8230;&#8230;&#8230;&#8230;&#8230;&#8230;&#8230;&#8230;&#8230;&#8230;&#8230;&#8230;Trausch Liza &#8211; Kegyelem t\u00fcze <\/font><\/p>\n<p><a HREF=\"audio\/lizaneni\/trausch liza - kis\u00e9rt\u00e9sek \u00e1ltal.mp3\"><\/a><font COLOR=\"#3333FF\">&#8230;&#8230;&#8230;&#8230;&#8230;&#8230;&#8230;&#8230;&#8230;&#8230;&#8230;&#8230;&#8230;&#8230;&#8230;&#8230;Trausch Liza &#8211; Kis\u00e9rt\u00e9sek \u00e1ltal <\/font><\/p>\n<p><a HREF=\"audio\/lizaneni\/trausch liza - k\u00f6vetelnek \u00e9s kiv\u00e1nnak.mp3\"><\/a><font COLOR=\"#3333FF\">&#8230;&#8230;&#8230;&#8230;&#8230;&#8230;&#8230;&#8230;&#8230;&#8230;&#8230;&#8230;&#8230;&#8230;&#8230;&#8230;Trausch Liza &#8211; K\u00f6vetelnek \u00e9s kiv\u00e1nnak <\/font><\/p>\n<p><a HREF=\"audio\/lizaneni\/trausch liza - krisztus t\u00f6rv\u00e9nye.mp3\"><\/a><font COLOR=\"#3333FF\">&#8230;&#8230;&#8230;&#8230;&#8230;&#8230;&#8230;&#8230;&#8230;&#8230;&#8230;&#8230;&#8230;&#8230;&#8230;&#8230;Trausch Liza &#8211; Krisztus t\u00f6rv\u00e9nye <\/font><\/p>\n<p><a HREF=\"audio\/lizaneni\/trausch liza - k\u00fcldj el engem.mp3\"><\/a><font COLOR=\"#3333FF\">&#8230;&#8230;&#8230;&#8230;&#8230;&#8230;&#8230;&#8230;&#8230;&#8230;&#8230;&#8230;&#8230;&#8230;&#8230;&#8230;Trausch Liza &#8211; K\u00fcldj el engem <\/font><\/p>\n<p><a HREF=\"audio\/lizaneni\/trausch liza - l\u00e1ttam az urat.mp3\"><\/a><font COLOR=\"#3333FF\">&#8230;&#8230;&#8230;&#8230;&#8230;&#8230;&#8230;&#8230;&#8230;&#8230;&#8230;&#8230;&#8230;&#8230;&#8230;&#8230;Trausch Liza &#8211; L\u00e1ttam az Urat <\/font><\/p>\n<p><a HREF=\"audio\/lizaneni\/trausch liza - megt\u00e9r\u00e9sre.mp3\"><\/a><font COLOR=\"#3333FF\">&#8230;&#8230;&#8230;&#8230;&#8230;&#8230;&#8230;&#8230;&#8230;&#8230;&#8230;&#8230;&#8230;&#8230;&#8230;&#8230;Trausch Liza &#8211; Megt\u00e9r\u00e9sre <\/font><\/p>\n<p><a HREF=\"audio\/lizaneni\/trausch liza - megt\u00e9rssel megkaphat\u00f3.mp3\"><\/a><font COLOR=\"#3333FF\">&#8230;&#8230;&#8230;&#8230;&#8230;&#8230;&#8230;&#8230;&#8230;&#8230;&#8230;&#8230;&#8230;&#8230;&#8230;&#8230;Trausch Liza &#8211; Megt\u00e9rssel megkaphat\u00f3 <\/font><\/p>\n<p><a HREF=\"audio\/lizaneni\/trausch liza - meztelen leplezetlen.mp3\"><\/a><font COLOR=\"#3333FF\">&#8230;&#8230;&#8230;&#8230;&#8230;&#8230;&#8230;&#8230;&#8230;&#8230;&#8230;&#8230;&#8230;&#8230;&#8230;&#8230;Trausch Liza &#8211; Meztelen leplezetlen <\/font><\/p>\n<p><a HREF=\"audio\/lizaneni\/trausch liza - mi a t\u00f6rv\u00e9ny.mp3\"><\/a><font COLOR=\"#3333FF\">&#8230;&#8230;&#8230;&#8230;&#8230;&#8230;&#8230;&#8230;&#8230;&#8230;&#8230;&#8230;&#8230;&#8230;&#8230;&#8230;Trausch Liza &#8211; Mi a t\u00f6rv\u00e9ny <\/font><\/p>\n<p><a HREF=\"audio\/lizaneni\/trausch liza - minden ezen m\u00falik.mp3\"><\/a><font COLOR=\"#3333FF\">&#8230;&#8230;&#8230;&#8230;&#8230;&#8230;&#8230;&#8230;&#8230;&#8230;&#8230;&#8230;&#8230;&#8230;&#8230;&#8230;Trausch Liza &#8211; Minden ezen m\u00falik <\/font><\/p>\n<p><a HREF=\"audio\/lizaneni\/trausch liza - mindent sz\u00e9tv\u00e1laszt.mp3\"><\/a><font COLOR=\"#3333FF\">&#8230;&#8230;&#8230;&#8230;&#8230;&#8230;&#8230;&#8230;&#8230;&#8230;&#8230;&#8230;&#8230;&#8230;&#8230;&#8230;Trausch Liza &#8211; Mindent sz\u00e9tv\u00e1laszt .<\/font><\/p>\n<p><a HREF=\"audio\/lizaneni\/trausch liza - munk\u00e1val nem lehet megszerezni.mp3\"><\/a><font COLOR=\"#3333FF\">&#8230;&#8230;&#8230;&#8230;&#8230;&#8230;&#8230;&#8230;&#8230;&#8230;&#8230;&#8230;&#8230;&#8230;&#8230;&#8230;Trausch Liza &#8211; Munk\u00e1val nem lehet megszerezni <\/font><\/p>\n<p><a HREF=\"audio\/lizaneni\/trausch liza - sir\u00f3 asszony.mp3\"><\/a><font COLOR=\"#3333FF\">&#8230;&#8230;&#8230;&#8230;&#8230;&#8230;&#8230;&#8230;&#8230;&#8230;&#8230;&#8230;&#8230;&#8230;&#8230;&#8230;Trausch Liza &#8211; Sir\u00f3 asszony <\/font><\/p>\n<p><a HREF=\"audio\/lizaneni\/trausch liza - szabads\u00e1g t\u00f6rv\u00e9nye.mp3\"><\/a><font COLOR=\"#3333FF\">&#8230;&#8230;&#8230;&#8230;&#8230;&#8230;&#8230;&#8230;&#8230;&#8230;&#8230;&#8230;&#8230;&#8230;&#8230;&#8230;Trausch Liza &#8211; Szabads\u00e1g t\u00f6rv\u00e9nye <\/font><\/p>\n<p><a HREF=\"audio\/lizaneni\/trausch liza - szenved\u00e9s t\u00fcze.mp3\"><\/a><font COLOR=\"#3333FF\">&#8230;&#8230;&#8230;&#8230;&#8230;&#8230;&#8230;&#8230;&#8230;&#8230;&#8230;&#8230;&#8230;&#8230;&#8230;&#8230;Trausch Liza &#8211; Szenved\u00e9s t\u00fcze <\/font><\/p>\n<p><a HREF=\"audio\/lizaneni\/trausch liza - szeretett asszony.mp3\"><\/a><font COLOR=\"#3333FF\">&#8230;&#8230;&#8230;&#8230;&#8230;&#8230;&#8230;&#8230;&#8230;&#8230;&#8230;&#8230;&#8230;&#8230;&#8230;&#8230;Trausch Liza &#8211; Szeretett asszony <\/font><\/p>\n<p><a HREF=\"audio\/lizaneni\/trausch liza - szolg\u00e1latra.mp3\"><\/a><font COLOR=\"#3333FF\">&#8230;&#8230;&#8230;&#8230;&#8230;&#8230;&#8230;&#8230;&#8230;&#8230;&#8230;&#8230;&#8230;&#8230;&#8230;&#8230;Trausch Liza &#8211; Szolg\u00e1latra <\/font><\/p>\n<p><a HREF=\"audio\/lizaneni\/trausch liza - tiszt\u00e1talan ajk\u00fa.mp3\"><\/a><font COLOR=\"#3333FF\">&#8230;&#8230;&#8230;&#8230;&#8230;&#8230;&#8230;&#8230;&#8230;&#8230;&#8230;&#8230;&#8230;&#8230;&#8230;&#8230;Trausch Liza &#8211; Tiszt\u00e1talan ajk\u00fa <\/font><\/p>\n<p><a HREF=\"audio\/lizaneni\/trausch liza - van-e \u00e1ldas az \u00e9leteden.mp3\"><\/a><font COLOR=\"#3333FF\">&#8230;&#8230;&#8230;&#8230;&#8230;&#8230;&#8230;&#8230;&#8230;&#8230;&#8230;&#8230;&#8230;&#8230;&#8230;&#8230;Trausch Liza &#8211; Van-e \u00e1ldas az \u00e9leteden <\/font><\/p>\n<p><a HREF=\"audio\/lizaneni\/trausch liza - v\u00e9r a b\u00e9kess\u00e9g forr\u00e1sa.mp3\"><\/a><font COLOR=\"#3333FF\">&#8230;&#8230;&#8230;&#8230;&#8230;&#8230;&#8230;&#8230;&#8230;&#8230;&#8230;&#8230;&#8230;&#8230;&#8230;&#8230;Trausch Liza &#8211; V\u00e9r a b\u00e9kess\u00e9g forr\u00e1sa <\/font><\/p>\n<p><a HREF=\"audio\/lizaneni\/trausch liza - verseng\u00e9ssel nem lehet megkapni.mp3\"><\/a><font COLOR=\"#3333FF\">&#8230;&#8230;&#8230;&#8230;&#8230;&#8230;&#8230;&#8230;&#8230;&#8230;&#8230;&#8230;&#8230;&#8230;&#8230;&#8230;Trausch Liza &#8211; Verseng\u00e9ssel nem lehet megkapni <\/font><\/p>\n<p><a href=\"https:\/\/mystat.synch.hu\/query.php?id=5619\" target=\"_blank\" rel=\"noopener noreferrer\"><script language=\"JavaScript\" src=\"https:\/\/mystat.synch.hu\/stat.php?h=4&#038;id=5619\"><\/script><noscript><img decoding=\"async\" src=\"https:\/\/mystat.synch.hu\/collect.php?id=5619&#038;h=4\"\/> Code &#8212;<\/noscript><\/a><\/p>\n","protected":false},"excerpt":{"rendered":"<p><P><B><U><FONT COLOR=\"#3333FF\">Trausch Liza igehirdet\u00e9sei. <\/FONT><\/U><\/B><br \/>\n<BR>&nbsp;<br \/>\n<BR>&nbsp;<\/p>\n<p><BR><A HREF=\"audio\/lizaneni\/trausch liza - a kereszt t\u00fcze.mp3\"><\/A><FONT COLOR=\"#3333FF\">&#8230;&#8230;&#8230;&#8230;&#8230;&#8230;&#8230;&#8230;&#8230;&#8230;&#8230;&#8230;&#8230;&#8230;&#8230;&#8230;Trausch Liz&#8230;<\/p>\n","protected":false},"author":2,"featured_media":0,"parent":0,"menu_order":0,"comment_status":"closed","ping_status":"closed","template":"","meta":[],"_links":{"self":[{"href":"https:\/\/filadelfia.lutheran.hu?lang=hu_HU%2Findex.php&rest_route=\/wp\/v2\/pages\/16127"}],"collection":[{"href":"https:\/\/filadelfia.lutheran.hu?lang=hu_HU%2Findex.php&rest_route=\/wp\/v2\/pages"}],"about":[{"href":"https:\/\/filadelfia.lutheran.hu?lang=hu_HU%2Findex.php&rest_route=\/wp\/v2\/types\/page"}],"author":[{"embeddable":true,"href":"https:\/\/filadelfia.lutheran.hu?lang=hu_HU%2Findex.php&rest_route=\/wp\/v2\/users\/2"}],"replies":[{"embeddable":true,"href":"https:\/\/filadelfia.lutheran.hu?lang=hu_HU%2Findex.php&rest_route=%2Fwp%2Fv2%2Fcomments&post=16127"}],"version-history":[{"count":3,"href":"https:\/\/filadelfia.lutheran.hu?lang=hu_HU%2Findex.php&rest_route=\/wp\/v2\/pages\/16127\/revisions"}],"predecessor-version":[{"id":16135,"href":"https:\/\/filadelfia.lutheran.hu?lang=hu_HU%2Findex.php&rest_route=\/wp\/v2\/pages\/16127\/revisions\/16135"}],"wp:attachment":[{"href":"https:\/\/filadelfia.lutheran.hu?lang=hu_HU%2Findex.php&rest_route=%2Fwp%2Fv2%2Fmedia&parent=16127"}],"curies":[{"name":"wp","href":"https:\/\/api.w.org\/{rel}","templated":true}]}}