{"id":16119,"date":"2021-01-12T00:08:56","date_gmt":"2021-01-11T23:08:56","guid":{"rendered":"http:\/\/filadelfia.lutheran.hu\/?page_id=16119"},"modified":"2023-08-15T11:45:07","modified_gmt":"2023-08-15T09:45:07","slug":"zimanyi-jozsef-igehirdetesei","status":"publish","type":"page","link":"https:\/\/filadelfia.lutheran.hu\/?page_id=16119&lang=hu_HU","title":{"rendered":"Zim\u00e1nyi J\u00f3zsef igehirdet\u00e9sei"},"content":{"rendered":"<p><b><u><font COLOR=\"#3333FF\">Zim\u00e1nyi J\u00f3zsef igeh\u00edrdet\u00e9sei. <\/font><\/u><\/b><br \/>\n<br \/>&nbsp;<br \/>\n<br \/>&nbsp;<br \/>\n<br \/><a HREF=\"audio\/eletrajz1.mp3\"><\/a><font COLOR=\"#3333FF\">&#8230;&#8230;&#8230;&#8230;&#8230;&#8230;&#8230;&#8230;&#8230;&#8230;&#8230;&#8230;&#8230;&#8230;&#8230;&#8230;\u00c9letrajz els\u0151 r\u00e9sz. <\/font><br \/>\n<br \/><a HREF=\"audio\/eletrajz2.mp3\"><\/a><font COLOR=\"#3333FF\">&#8230;&#8230;&#8230;&#8230;&#8230;&#8230;&#8230;&#8230;&#8230;&#8230;&#8230;&#8230;&#8230;&#8230;&#8230;&#8230;\u00c9letrajz m\u00e1sodik r\u00e9sz. <\/font><br \/>\n<br \/><a HREF=\"audio\/1moz12.mp3\"><\/a><font COLOR=\"#3333FF\">&#8230;&#8230;&#8230;&#8230;&#8230;&#8230;&#8230;&#8230;&#8230;&#8230;&#8230;&#8230;&#8230;&#8230;&#8230;&#8230;1M\u00f3z.12. <\/font><br \/>\n<br \/><a HREF=\"audio\/5moz6.mp3\"><\/a><font COLOR=\"#3333FF\">&#8230;&#8230;&#8230;&#8230;&#8230;&#8230;&#8230;&#8230;&#8230;&#8230;&#8230;&#8230;&#8230;&#8230;&#8230;&#8230;5M\u00f3z.6. <\/font><br \/>\n<br \/><a HREF=\"audio\/a fajdalom.mp3\"><\/a><font COLOR=\"#3333FF\">&#8230;&#8230;&#8230;&#8230;&#8230;&#8230;&#8230;&#8230;&#8230;&#8230;&#8230;&#8230;&#8230;&#8230;&#8230;&#8230;A f\u00e1jdalom. <\/font><br \/>\n<br \/><a HREF=\"audio\/a merlegen.mp3\"><\/a><font COLOR=\"#3333FF\">&#8230;&#8230;&#8230;&#8230;&#8230;&#8230;&#8230;&#8230;&#8230;&#8230;&#8230;&#8230;&#8230;&#8230;&#8230;&#8230;A m\u00e9rlegen. <\/font><br \/>\n<br \/><a HREF=\"audio\/a mulas utja.mp3\"><\/a><font COLOR=\"#3333FF\">&#8230;&#8230;&#8230;&#8230;&#8230;&#8230;&#8230;&#8230;&#8230;&#8230;&#8230;&#8230;&#8230;&#8230;&#8230;&#8230;A m\u00fal\u00e1s \u00fatja. <\/font><br \/>\n<br \/><a HREF=\"audio\/a tenger lecsendesitese.mp3\"><\/a><font COLOR=\"#3333FF\">&#8230;&#8230;&#8230;&#8230;&#8230;&#8230;&#8230;&#8230;&#8230;&#8230;&#8230;&#8230;&#8230;&#8230;&#8230;&#8230;A tenger lecsendes\u00edt\u00e9se. &nbsp;&#038;nbsp 6 Mb.<\/font><br \/>\n<br \/><a HREF=\"audio\/a vedett nemzet.mp3\"><\/a><font COLOR=\"#3333FF\">&#8230;&#8230;&#8230;&#8230;&#8230;&#8230;&#8230;&#8230;&#8230;&#8230;&#8230;&#8230;&#8230;&#8230;&#8230;&#8230;A v\u00e9dett nemzet. <\/font><br \/>\n<br \/><a HREF=\"audio\/akan.mp3\"><\/a><font COLOR=\"#3333FF\">&#8230;&#8230;&#8230;&#8230;&#8230;&#8230;&#8230;&#8230;&#8230;&#8230;&#8230;&#8230;&#8230;&#8230;&#8230;&#8230;\u00c1k\u00e1n. <\/font><br \/>\n<br \/><a HREF=\"audio\/aki szomjazik.mp3\"><\/a><font COLOR=\"#3333FF\">&#8230;&#8230;&#8230;&#8230;&#8230;&#8230;&#8230;&#8230;&#8230;&#8230;&#8230;&#8230;&#8230;&#8230;&#8230;&#8230;Aki szomjazik. <\/font><br \/>\n<br \/><a HREF=\"audio\/all a szikla.mp3\"><\/a><font COLOR=\"#3333FF\">&#8230;&#8230;&#8230;&#8230;&#8230;&#8230;&#8230;&#8230;&#8230;&#8230;&#8230;&#8230;&#8230;&#8230;&#8230;&#8230;\u00c1ll a szikla. <\/font><br \/>\n<br \/><a HREF=\"audio\/ananiasek.mp3\"><\/a><font COLOR=\"#3333FF\">&#8230;&#8230;&#8230;&#8230;&#8230;&#8230;&#8230;&#8230;&#8230;&#8230;&#8230;&#8230;&#8230;&#8230;&#8230;&#8230;An\u00e1ni\u00e1s\u00e9k. <\/font><br \/>\n<br \/><a HREF=\"audio\/anyak napja.mp3\"><\/a><font COLOR=\"#3333FF\">&#8230;&#8230;&#8230;&#8230;&#8230;&#8230;&#8230;&#8230;&#8230;&#8230;&#8230;&#8230;&#8230;&#8230;&#8230;&#8230;Any\u00e1knapja. <\/font><br \/>\n<br \/><a HREF=\"audio\/apcsel18.mp3\"><\/a><font COLOR=\"#3333FF\">&#8230;&#8230;&#8230;&#8230;&#8230;&#8230;&#8230;&#8230;&#8230;&#8230;&#8230;&#8230;&#8230;&#8230;&#8230;&#8230;Apcsel. 18. <\/font><br \/>\n<br \/><a HREF=\"audio\/az ov.mp3\"><\/a><font COLOR=\"#3333FF\">&#8230;&#8230;&#8230;&#8230;&#8230;&#8230;&#8230;&#8230;&#8230;&#8230;&#8230;&#8230;&#8230;&#8230;&#8230;&#8230;Az \u00f6v. <\/font><br \/>\n<br \/><a HREF=\"audio\/de az ur vele volt.mp3\"><\/a><font COLOR=\"#3333FF\">&#8230;&#8230;&#8230;&#8230;&#8230;&#8230;&#8230;&#8230;&#8230;&#8230;&#8230;&#8230;&#8230;&#8230;&#8230;&#8230;De az \u00dar vele volt. <\/font><br \/>\n<br \/><a HREF=\"audio\/ehud.mp3\"><\/a><font COLOR=\"#3333FF\">&#8230;&#8230;&#8230;&#8230;&#8230;&#8230;&#8230;&#8230;&#8230;&#8230;&#8230;&#8230;&#8230;&#8230;&#8230;&#8230;\u00c9hud. <\/font><br \/>\n<br \/><a HREF=\"audio\/ezsaias.mp3\"><\/a><font COLOR=\"#3333FF\">&#8230;&#8230;&#8230;&#8230;&#8230;&#8230;&#8230;&#8230;&#8230;&#8230;&#8230;&#8230;&#8230;&#8230;&#8230;&#8230;\u00c9zsai\u00e1s. <\/font><br \/>\n<br \/><a HREF=\"audio\/ezsaias6_1.mp3\"><\/a><font COLOR=\"#3333FF\">&#8230;&#8230;&#8230;&#8230;&#8230;&#8230;&#8230;&#8230;&#8230;&#8230;&#8230;&#8230;&#8230;&#8230;&#8230;&#8230;\u00c9zsai\u00e1s 6. <\/font><br \/>\n<br \/><a HREF=\"audio\/felelmes.mp3\"><\/a><font COLOR=\"#3333FF\">&#8230;&#8230;&#8230;&#8230;&#8230;&#8230;&#8230;&#8230;&#8230;&#8230;&#8230;&#8230;&#8230;&#8230;&#8230;&#8230;F\u00e9lelmes. <\/font><br \/>\n<br \/><a HREF=\"audio\/ha valaki.mp3\"><\/a><font COLOR=\"#3333FF\">&#8230;&#8230;&#8230;&#8230;&#8230;&#8230;&#8230;&#8230;&#8230;&#8230;&#8230;&#8230;&#8230;&#8230;&#8230;&#8230;Ha valaki. <\/font><br \/>\n<br \/><a HREF=\"audio\/igazi.mp3\"><\/a><font COLOR=\"#3333FF\">&#8230;&#8230;&#8230;&#8230;&#8230;&#8230;&#8230;&#8230;&#8230;&#8230;&#8230;&#8230;&#8230;&#8230;&#8230;&#8230;Igazi. <\/font><br \/>\n<br \/><a HREF=\"audio\/illes.mp3\"><\/a><font COLOR=\"#3333FF\">&#8230;&#8230;&#8230;&#8230;&#8230;&#8230;&#8230;&#8230;&#8230;&#8230;&#8230;&#8230;&#8230;&#8230;&#8230;&#8230;Ill\u00e9s. <\/font><br \/>\n<br \/><a HREF=\"audio\/irgalmat nyertunk.mp3\"><\/a><font COLOR=\"#3333FF\">&#8230;&#8230;&#8230;&#8230;&#8230;&#8230;&#8230;&#8230;&#8230;&#8230;&#8230;&#8230;&#8230;&#8230;&#8230;&#8230;Irgalmat nyert\u00fcnk. <\/font><br \/>\n<br \/><a HREF=\"audio\/istenszandekai.mp3\"><\/a><font COLOR=\"#3333FF\">&#8230;&#8230;&#8230;&#8230;&#8230;&#8230;&#8230;&#8230;&#8230;&#8230;&#8230;&#8230;&#8230;&#8230;&#8230;&#8230;Isten sz\u00e1nd\u00e9kai. <\/font><br \/>\n<br \/><a HREF=\"audio\/janos9_13.mp3\"><\/a><font COLOR=\"#3333FF\">&#8230;&#8230;&#8230;&#8230;&#8230;&#8230;&#8230;&#8230;&#8230;&#8230;&#8230;&#8230;&#8230;&#8230;&#8230;&#8230;J\u00e1nos 9,13. <\/font><br \/>\n<br \/><a HREF=\"audio\/janos9_8.mp3\"><\/a><font COLOR=\"#3333FF\">&#8230;&#8230;&#8230;&#8230;&#8230;&#8230;&#8230;&#8230;&#8230;&#8230;&#8230;&#8230;&#8230;&#8230;&#8230;&#8230;J\u00e1nos 9,8. <\/font><br \/>\n<br \/><a HREF=\"audio\/jezus juhai.mp3\"><\/a><font COLOR=\"#3333FF\">&#8230;&#8230;&#8230;&#8230;&#8230;&#8230;&#8230;&#8230;&#8230;&#8230;&#8230;&#8230;&#8230;&#8230;&#8230;&#8230;J\u00e9zus juhai. <\/font><br \/>\n<br \/><a HREF=\"audio\/jezuslabaele.mp3\"><\/a><font COLOR=\"#3333FF\">&#8230;&#8230;&#8230;&#8230;&#8230;&#8230;&#8230;&#8230;&#8230;&#8230;&#8230;&#8230;&#8230;&#8230;&#8230;&#8230;J\u00e9zus l\u00e1ba el\u00e9. <\/font><br \/>\n<br \/><a HREF=\"audio\/job negy arca.mp3\"><\/a><font COLOR=\"#3333FF\">&#8230;&#8230;&#8230;&#8230;&#8230;&#8230;&#8230;&#8230;&#8230;&#8230;&#8230;&#8230;&#8230;&#8230;&#8230;&#8230;J\u00f3b n\u00e9gy arca. <\/font><br \/>\n<br \/><a HREF=\"audio\/judas.mp3\"><\/a><font COLOR=\"#3333FF\">&#8230;&#8230;&#8230;&#8230;&#8230;&#8230;&#8230;&#8230;&#8230;&#8230;&#8230;&#8230;&#8230;&#8230;&#8230;&#8230;J\u00fad\u00e1s. <\/font><br \/>\n<br \/><a HREF=\"audio\/judas20.mp3\"><\/a><font COLOR=\"#3333FF\">&#8230;&#8230;&#8230;&#8230;&#8230;&#8230;&#8230;&#8230;&#8230;&#8230;&#8230;&#8230;&#8230;&#8230;&#8230;&#8230;J\u00fad\u00e1s 20. <\/font><br \/>\n<br \/><a HREF=\"audio\/kain.mp3\"><\/a><font COLOR=\"#3333FF\">&#8230;&#8230;&#8230;&#8230;&#8230;&#8230;&#8230;&#8230;&#8230;&#8230;&#8230;&#8230;&#8230;&#8230;&#8230;&#8230;K\u00e1in. <\/font><br \/>\n<br \/><a HREF=\"audio\/kereszteny naplo.mp3\"><\/a><font COLOR=\"#3333FF\">&#8230;&#8230;&#8230;&#8230;&#8230;&#8230;&#8230;&#8230;&#8230;&#8230;&#8230;&#8230;&#8230;&#8230;&#8230;&#8230;Kereszty\u00e9n napl\u00f3.<\/font><br \/>\n<br \/><a HREF=\"audio\/lukacs23_6.mp3\"><\/a><font COLOR=\"#3333FF\">&#8230;&#8230;&#8230;&#8230;&#8230;&#8230;&#8230;&#8230;&#8230;&#8230;&#8230;&#8230;&#8230;&#8230;&#8230;&#8230;Luk\u00e1cs 23,6. <\/font><br \/>\n<br \/><a HREF=\"audio\/lukacs9_10.mp3\"><\/a><font COLOR=\"#3333FF\">&#8230;&#8230;&#8230;&#8230;&#8230;&#8230;&#8230;&#8230;&#8230;&#8230;&#8230;&#8230;&#8230;&#8230;&#8230;&#8230;Luk\u00e1cs 9,10. <\/font><br \/>\n<br \/><a HREF=\"audio\/ma_is_ugy.mp3\"><\/a><font COLOR=\"#3333FF\">&#8230;&#8230;&#8230;&#8230;&#8230;&#8230;&#8230;&#8230;&#8230;&#8230;&#8230;&#8230;&#8230;&#8230;&#8230;&#8230;Ma is \u00fagy. <\/font><br \/>\n<br \/><a HREF=\"audio\/manasse.mp3\"><\/a><font COLOR=\"#3333FF\">&#8230;&#8230;&#8230;&#8230;&#8230;&#8230;&#8230;&#8230;&#8230;&#8230;&#8230;&#8230;&#8230;&#8230;&#8230;&#8230;Manasse. <\/font><br \/>\n<br \/><a HREF=\"audio\/mark15_1.mp3\"><\/a><font COLOR=\"#3333FF\">&#8230;&#8230;&#8230;&#8230;&#8230;&#8230;&#8230;&#8230;&#8230;&#8230;&#8230;&#8230;&#8230;&#8230;&#8230;&#8230;M\u00e1rk 15,1. <\/font><br \/>\n<br \/><a HREF=\"audio\/mark4_26.mp3\"><\/a><font COLOR=\"#3333FF\">&#8230;&#8230;&#8230;&#8230;&#8230;&#8230;&#8230;&#8230;&#8230;&#8230;&#8230;&#8230;&#8230;&#8230;&#8230;&#8230;M\u00e1rk 4,26. <\/font><br \/>\n<br \/><a HREF=\"audio\/nagyp1.mp3\"><\/a><font COLOR=\"#3333FF\">&#8230;&#8230;&#8230;&#8230;&#8230;&#8230;&#8230;&#8230;&#8230;&#8230;&#8230;&#8230;&#8230;&#8230;&#8230;&#8230;Nagyp\u00e9ntek I. <\/font><br \/>\n<br \/><a HREF=\"audio\/nagyp2.mp3\"><\/a><font COLOR=\"#3333FF\">&#8230;&#8230;&#8230;&#8230;&#8230;&#8230;&#8230;&#8230;&#8230;&#8230;&#8230;&#8230;&#8230;&#8230;&#8230;&#8230;Nagyp\u00e9ntek II. <\/font><br \/>\n<br \/><a HREF=\"audio\/nikodem.mp3\"><\/a><font COLOR=\"#3333FF\">&#8230;&#8230;&#8230;&#8230;&#8230;&#8230;&#8230;&#8230;&#8230;&#8230;&#8230;&#8230;&#8230;&#8230;&#8230;&#8230;Nikod\u00e9mus. <\/font><br \/>\n<br \/><a HREF=\"audio\/odaadtad kincseid az urnak.mp3\"><\/a><font COLOR=\"#3333FF\">&#8230;&#8230;&#8230;&#8230;&#8230;&#8230;&#8230;&#8230;&#8230;&#8230;&#8230;&#8230;&#8230;&#8230;&#8230;&#8230;Odaadtad kincseid az \u00darnak. &#038;nbsp 5 Mb.<\/font><br \/>\n<br \/><a HREF=\"audio\/samson napocska.mp3\"><\/a><font COLOR=\"#3333FF\">&#8230;&#8230;&#8230;&#8230;&#8230;&#8230;&#8230;&#8230;&#8230;&#8230;&#8230;&#8230;&#8230;&#8230;&#8230;&#8230;S\u00e1mson napocska. <\/font><br \/>\n<br \/><a HREF=\"audio\/sodoma3.mp3\"><\/a><font COLOR=\"#3333FF\">&#8230;&#8230;&#8230;&#8230;&#8230;&#8230;&#8230;&#8230;&#8230;&#8230;&#8230;&#8230;&#8230;&#8230;&#8230;&#8230;Sodoma. <\/font><br \/>\n<br \/><a HREF=\"audio\/szegyen nelkul.mp3\"><\/a><font COLOR=\"#3333FF\">&#8230;&#8230;&#8230;&#8230;&#8230;&#8230;&#8230;&#8230;&#8230;&#8230;&#8230;&#8230;&#8230;&#8230;&#8230;&#8230;Sz\u00e9gyen n\u00e9lk\u00fcl. <\/font><br \/>\n<br \/><a HREF=\"audio\/szeretetem torvenyem.mp3\"><\/a><font COLOR=\"#3333FF\">&#8230;&#8230;&#8230;&#8230;&#8230;&#8230;&#8230;&#8230;&#8230;&#8230;&#8230;&#8230;&#8230;&#8230;&#8230;&#8230;Szeretetem t\u00f6rv\u00e9nyem. <\/font><br \/>\n<br \/><a HREF=\"audio\/tamas hitetlensege.mp3\"><\/a><font COLOR=\"#3333FF\">&#8230;&#8230;&#8230;&#8230;&#8230;&#8230;&#8230;&#8230;&#8230;&#8230;&#8230;&#8230;&#8230;&#8230;&#8230;&#8230;Tam\u00e1s hitetlens\u00e9ge. <\/font><br \/>\n<br \/><a HREF=\"audio\/tamas.mp3\"><\/a><font COLOR=\"#3333FF\">&#8230;&#8230;&#8230;&#8230;&#8230;&#8230;&#8230;&#8230;&#8230;&#8230;&#8230;&#8230;&#8230;&#8230;&#8230;&#8230;Tam\u00e1s. <\/font><br \/>\n<br \/><a HREF=\"audio\/van benned elet.mp3\"><\/a><font COLOR=\"#3333FF\">&#8230;&#8230;&#8230;&#8230;&#8230;&#8230;&#8230;&#8230;&#8230;&#8230;&#8230;&#8230;&#8230;&#8230;&#8230;&#8230;Van benned \u00e9let. <\/font><br \/>\n<br \/><a HREF=\"audio\/zim19.mp3\"><\/a><font COLOR=\"#3333FF\">&#8230;&#8230;&#8230;&#8230;&#8230;&#8230;&#8230;&#8230;&#8230;&#8230;&#8230;&#8230;&#8230;&#8230;&#8230;&#8230;Zim\u00e1nyi 19. <\/font><br \/>\n<br \/><a HREF=\"audio\/zim5.mp3\"><\/a><font COLOR=\"#3333FF\">&#8230;&#8230;&#8230;&#8230;&#8230;&#8230;&#8230;&#8230;&#8230;&#8230;&#8230;&#8230;&#8230;&#8230;&#8230;&#8230;Zim\u00e1nyi 5. <\/font><br \/>\n<br \/><a HREF=\"audio\/zim6.mp3\"><\/a><font COLOR=\"#3333FF\">&#8230;&#8230;&#8230;&#8230;&#8230;&#8230;&#8230;&#8230;&#8230;&#8230;&#8230;&#8230;&#8230;&#8230;&#8230;&#8230;Zim\u00e1nyi 6. <\/font><br \/>\n<br \/><a HREF=\"audio\/zim7.mp3\"><\/a><font COLOR=\"#3333FF\">&#8230;&#8230;&#8230;&#8230;&#8230;&#8230;&#8230;&#8230;&#8230;&#8230;&#8230;&#8230;&#8230;&#8230;&#8230;&#8230;Zim\u00e1nyi 7. <\/font><br \/>\n<br \/><a HREF=\"audio\/zim8.mp3\"><\/a><font COLOR=\"#3333FF\">&#8230;&#8230;&#8230;&#8230;&#8230;&#8230;&#8230;&#8230;&#8230;&#8230;&#8230;&#8230;&#8230;&#8230;&#8230;&#8230;Zim\u00e1nyi 8. <\/font><br \/>\n<br \/><a HREF=\"audio\/zim9.mp3\"><\/a><font COLOR=\"#3333FF\">&#8230;&#8230;&#8230;&#8230;&#8230;&#8230;&#8230;&#8230;&#8230;&#8230;&#8230;&#8230;&#8230;&#8230;&#8230;&#8230;Zim\u00e1nyi 9. .<\/font><br \/>\n<br \/><a HREF=\"audio\/zimanyi.mp3\"><\/a><font COLOR=\"#3333FF\">&#8230;&#8230;&#8230;&#8230;&#8230;&#8230;&#8230;&#8230;&#8230;&#8230;&#8230;&#8230;&#8230;&#8230;&#8230;&#8230;Zim\u00e1nyi, \u00c1tkozott aki&#8230; <\/font><\/p>\n<p><a HREF=\"https:\/\/filadelfia.lutheran.hu\/wp-content\/uploads\/352.A_ZJ_CSODALATOS_JEZUS_LK_22.39-53_HUSVET_1985.mp3\"><\/a><font COLOR=\"#3333FF\">&#8230;&#8230;&#8230;&#8230;&#8230;&#8230;&#8230;&#8230;&#8230;&#8230;&#8230;&#8230;&#8230;&#8230;&#8230;&#8230;Csod\u00e1latos J\u00e9zus, Lk 22,39-53, H\u00fasv\u00e9t 1985 <\/font><\/p>\n<p><a HREF=\"https:\/\/filadelfia.lutheran.hu\/wp-content\/uploads\/352.B_ZJ_ALDOTT_MARTA_JN_12.1-11_HUSVET_1985.mp3\"><\/a><font COLOR=\"#3333FF\">&#8230;&#8230;&#8230;&#8230;&#8230;&#8230;&#8230;&#8230;&#8230;&#8230;&#8230;&#8230;&#8230;&#8230;&#8230;&#8230;\u00c1ldott M\u00e1rta, Jn 12,1-11,  H\u00fasv\u00e9t 1985  <\/font><\/p>\n<p><a HREF=\"https:\/\/filadelfia.lutheran.hu\/wp-content\/uploads\/705.A_ZJ_NAGYPENTEK_Roma3.21-28_MSM.mp3\"><\/a><font COLOR=\"#3333FF\">&#8230;&#8230;&#8230;&#8230;&#8230;&#8230;&#8230;&#8230;&#8230;&#8230;&#8230;&#8230;&#8230;&#8230;&#8230;&#8230;Nagyp\u00e9ntek, R\u00f3m 3,21-28  <\/font><\/p>\n<p><a HREF=\"https:\/\/filadelfia.lutheran.hu\/wp-content\/uploads\/705.B_ZJ_O_TART_RENDBEN_Jn13.1-11_MSM.mp3\"><\/a><font COLOR=\"#3333FF\">&#8230;&#8230;&#8230;&#8230;&#8230;&#8230;&#8230;&#8230;&#8230;&#8230;&#8230;&#8230;&#8230;&#8230;&#8230;&#8230;\u0150 tart rendben, Jn 13,1-11  <\/font><\/p>\n<p><a HREF=\"https:\/\/filadelfia.lutheran.hu\/wp-content\/uploads\/760_A_ZJ_Az_ellenseg_foldjen_Diadalmas_vonzasod.mp3\"><\/a><font COLOR=\"#3333FF\">&#8230;&#8230;&#8230;&#8230;&#8230;&#8230;&#8230;&#8230;&#8230;&#8230;&#8230;&#8230;&#8230;&#8230;&#8230;&#8230;Az ellens\u00e9g f\u00f6ldj\u00e9n, Diadalmas vonz\u00e1sod <\/font><\/p>\n<p><a HREF=\"https:\/\/filadelfia.lutheran.hu\/wp-content\/uploads\/760_B_ZJ_Talalkozas_a_multammal_Jezus_nyomaban.mp3\"><\/a><font COLOR=\"#3333FF\">&#8230;&#8230;&#8230;&#8230;&#8230;&#8230;&#8230;&#8230;&#8230;&#8230;&#8230;&#8230;&#8230;&#8230;&#8230;&#8230;Tal\u00e1lkoz\u00e1s a m\u00faltammal, J\u00e9zus nyom\u00e1ban<\/font><\/p>\n<p><a HREF=\"https:\/\/filadelfia.lutheran.hu\/wp-content\/uploads\/762_A_ZJ_50.Zsoltar.mp3\"><\/a><font COLOR=\"#3333FF\">&#8230;&#8230;&#8230;&#8230;&#8230;&#8230;&#8230;&#8230;&#8230;&#8230;&#8230;&#8230;&#8230;&#8230;&#8230;&#8230;50. zsolt\u00e1r<\/font><\/p>\n<p><a HREF=\"https:\/\/filadelfia.lutheran.hu\/wp-content\/uploads\/762_B_ZJ_Huseged.mp3\"><\/a><font COLOR=\"#3333FF\">&#8230;&#8230;&#8230;&#8230;&#8230;&#8230;&#8230;&#8230;&#8230;&#8230;&#8230;&#8230;&#8230;&#8230;&#8230;&#8230;H\u0171s\u00e9ged<\/font><\/p>\n<p><a HREF=\"https:\/\/filadelfia.lutheran.hu\/wp-content\/uploads\/764_A_ZJ_Aranyborju_jo_pasztor.mp3\"><\/a><font COLOR=\"#3333FF\">&#8230;&#8230;&#8230;&#8230;&#8230;&#8230;&#8230;&#8230;&#8230;&#8230;&#8230;&#8230;&#8230;&#8230;&#8230;&#8230;Aranyborj\u00fa, J\u00f3 p\u00e1sztor<\/font><\/p>\n<p><a HREF=\"https:\/\/filadelfia.lutheran.hu\/wp-content\/uploads\/764_B_ZJ_Tukor_tedd_amit_Isten_mondd_neked.mp3\"><\/a><font COLOR=\"#3333FF\">&#8230;&#8230;&#8230;&#8230;&#8230;&#8230;&#8230;&#8230;&#8230;&#8230;&#8230;&#8230;&#8230;&#8230;&#8230;&#8230;T\u00fck\u00f6r, Tedd, amit Isten mond neked<\/font><\/p>\n<p><a HREF=\"https:\/\/filadelfia.lutheran.hu\/wp-content\/uploads\/774.A_ZJ_ELO_10PARANCSOLAT_.mp3\"><\/a><font COLOR=\"#3333FF\">&#8230;&#8230;&#8230;&#8230;&#8230;&#8230;&#8230;&#8230;&#8230;&#8230;&#8230;&#8230;&#8230;&#8230;&#8230;&#8230;\u00c9l\u0151 10 parancsolat <\/font><\/p>\n<p><a HREF=\"https:\/\/filadelfia.lutheran.hu\/wp-content\/uploads\/774.B_ZJ_MESTERED_MELLETT_.mp3\"><\/a><font COLOR=\"#3333FF\">&#8230;&#8230;&#8230;&#8230;&#8230;&#8230;&#8230;&#8230;&#8230;&#8230;&#8230;&#8230;&#8230;&#8230;&#8230;&#8230;Mestered mellett <\/font><\/p>\n<p><a HREF=\"https:\/\/filadelfia.lutheran.hu\/wp-content\/uploads\/774_B_ZJ_Elo_tizparancsolat.mp3\"><\/a><font COLOR=\"#3333FF\">&#8230;&#8230;&#8230;&#8230;&#8230;&#8230;&#8230;&#8230;&#8230;&#8230;&#8230;&#8230;&#8230;&#8230;&#8230;&#8230;\u00c9l\u0151 t\u00edzparancsolat<\/font><\/p>\n<p><a HREF=\"http:\/\/filadelfia.lutheran.hu\/wp-content\/uploads\/774_C_ZJ_A-kiraly_alazata.mp3\"><\/a><font COLOR=\"#3333FF\">&#8230;&#8230;&#8230;&#8230;&#8230;&#8230;&#8230;&#8230;&#8230;&#8230;&#8230;&#8230;&#8230;&#8230;&#8230;&#8230;A kir\u00e1ly al\u00e1zata<\/font><\/p>\n<p><a HREF=\"http:\/\/filadelfia.lutheran.hu\/wp-content\/uploads\/787_A_ZJ_Ertelem_ero.mp3\"><\/a><font COLOR=\"#3333FF\">&#8230;&#8230;&#8230;&#8230;&#8230;&#8230;&#8230;&#8230;&#8230;&#8230;&#8230;&#8230;&#8230;&#8230;&#8230;&#8230;\u00c9rtelem, er\u0151<\/font><\/p>\n<p><a HREF=\"http:\/\/filadelfia.lutheran.hu\/wp-content\/uploads\/787_B_ZJ_Nem_akarnak.mp3\"><\/a><font COLOR=\"#3333FF\">&#8230;&#8230;&#8230;&#8230;&#8230;&#8230;&#8230;&#8230;&#8230;&#8230;&#8230;&#8230;&#8230;&#8230;&#8230;&#8230;Nem akarnak<\/font><\/p>\n<p><a HREF=\"http:\/\/filadelfia.lutheran.hu\/wp-content\/uploads\/865_A_ZJ_Nema_isten_fecsego_hivei_1_Miskolc_1991.mp3\"><\/a><font COLOR=\"#3333FF\">&#8230;&#8230;&#8230;&#8230;&#8230;&#8230;&#8230;&#8230;&#8230;&#8230;&#8230;&#8230;&#8230;&#8230;&#8230;&#8230;N\u00e9ma isten fecseg\u0151 h\u00edvei 1. Miskolc 1991<\/font><\/p>\n<p><a HREF=\"http:\/\/filadelfia.lutheran.hu\/wp-content\/uploads\/865_B_ZJ_Nema_isten_fecsego_hivei_2_Miskolc_1991.mp3\"><\/a><font COLOR=\"#3333FF\">&#8230;&#8230;&#8230;&#8230;&#8230;&#8230;&#8230;&#8230;&#8230;&#8230;&#8230;&#8230;&#8230;&#8230;&#8230;&#8230;N\u00e9ma isten fecseg\u0151 h\u00edvei 2. Miskolc 1991<\/font><\/p>\n<p><a HREF=\"http:\/\/filadelfia.lutheran.hu\/wp-content\/uploads\/866_A_ZJ_Nema_isten_fecsego_hivei_3_Miskolc_1991.mp3\"><\/a><font COLOR=\"#3333FF\">&#8230;&#8230;&#8230;&#8230;&#8230;&#8230;&#8230;&#8230;&#8230;&#8230;&#8230;&#8230;&#8230;&#8230;&#8230;&#8230;N\u00e9ma isten fecseg\u0151 h\u00edvei 3. Miskolc 1991<\/font><\/p>\n<p><a HREF=\"http:\/\/filadelfia.lutheran.hu\/wp-content\/uploads\/866_B_ZJ_Nema_isten_fecsego_hivei_4_Miskolc_1991.mp3\"><\/a><font COLOR=\"#3333FF\">&#8230;&#8230;&#8230;&#8230;&#8230;&#8230;&#8230;&#8230;&#8230;&#8230;&#8230;&#8230;&#8230;&#8230;&#8230;&#8230;N\u00e9ma isten fecseg\u0151 h\u00edvei 4. Miskolc 1991<\/font><\/p>\n<p><a HREF=\"http:\/\/filadelfia.lutheran.hu\/wp-content\/uploads\/1004_B_ZJ_Zokogo_varos_4.mp3\"><\/a><font COLOR=\"#3333FF\">&#8230;&#8230;&#8230;&#8230;&#8230;&#8230;&#8230;&#8230;&#8230;&#8230;&#8230;&#8230;&#8230;&#8230;&#8230;&#8230;Zokog\u00f3 v\u00e1ros, J\u00f3n\u00e1s 3<\/font><br \/>\n<br \/><a HREF=\"http:\/\/filadelfia.lutheran.hu\/wp-content\/uploads\/D.-ZJ-OLVASSA-A-BIBLIAT-ENEKEK-ENEKE-1-8-RESZ.mp3\"><\/a><font COLOR=\"#3333FF\">&#8230;&#8230;&#8230;&#8230;&#8230;&#8230;&#8230;&#8230;&#8230;&#8230;&#8230;&#8230;&#8230;&#8230;&#8230;&#8230;Zim\u00e1nyi J\u00f3zsef olvassa a Bibli\u00e1t, \u00c9nekek \u00e9neke 1-8. r\u00e9sz<\/font><\/p>\n<p><a HREF=\"http:\/\/filadelfia.lutheran.hu\/wp-content\/uploads\/ID.-ZJ-79-MOST.mp3\"><\/a><font COLOR=\"#3333FF\">&#8230;&#8230;&#8230;&#8230;&#8230;&#8230;&#8230;&#8230;&#8230;&#8230;&#8230;&#8230;&#8230;&#8230;&#8230;&#8230;Most<\/font><\/p>\n<p><a HREF=\"http:\/\/filadelfia.lutheran.hu\/wp-content\/uploads\/ID.-ZJ-79-TELJES-BIZTONSAGBAN.mp3\"><\/a><font COLOR=\"#3333FF\">&#8230;&#8230;&#8230;&#8230;&#8230;&#8230;&#8230;&#8230;&#8230;&#8230;&#8230;&#8230;&#8230;&#8230;&#8230;&#8230;Teljes biztons\u00e1gban<\/font><\/p>\n<p><a HREF=\"http:\/\/filadelfia.lutheran.hu\/wp-content\/uploads\/ID.-ZJ-213-A-FRISS-OLAJODNAK-EREJE.mp3\"><\/a><font COLOR=\"#3333FF\">&#8230;&#8230;&#8230;&#8230;&#8230;&#8230;&#8230;&#8230;&#8230;&#8230;&#8230;&#8230;&#8230;&#8230;&#8230;&#8230;Friss olajodnak ereje<\/font><\/p>\n<p><a HREF=\"http:\/\/filadelfia.lutheran.hu\/wp-content\/uploads\/ID.-ZJ-213-B-EGESZ-BENSOMMEL-.mp3\"><\/a><font COLOR=\"#3333FF\">&#8230;&#8230;&#8230;&#8230;&#8230;&#8230;&#8230;&#8230;&#8230;&#8230;&#8230;&#8230;&#8230;&#8230;&#8230;&#8230;Eg\u00e9sz bens\u0151mmel<\/font><\/p>\n<p><a HREF=\"http:\/\/filadelfia.lutheran.hu\/wp-content\/uploads\/ID.-ZJ-314-A-JOB-ODAADOTT-ELETE.mp3\"><\/a><font COLOR=\"#3333FF\">&#8230;&#8230;&#8230;&#8230;&#8230;&#8230;&#8230;&#8230;&#8230;&#8230;&#8230;&#8230;&#8230;&#8230;&#8230;&#8230;J\u00f3b odaadott \u00e9lete 1.<\/font><\/p>\n<p><a HREF=\"http:\/\/filadelfia.lutheran.hu\/wp-content\/uploads\/ID.-ZJ-314-B-JOB-ODAADOTT-ELETE.mp3\"><\/a><font COLOR=\"#3333FF\">&#8230;&#8230;&#8230;&#8230;&#8230;&#8230;&#8230;&#8230;&#8230;&#8230;&#8230;&#8230;&#8230;&#8230;&#8230;&#8230;J\u00f3b odaadott \u00e9lete 2.<\/font><\/p>\n<p><a href=\"https:\/\/mystat.synch.hu\/query.php?id=5619\" target=\"_blank\" rel=\"noopener noreferrer\"><script language=\"JavaScript\" src=\"https:\/\/mystat.synch.hu\/stat.php?h=4&#038;id=5619\"><\/script><noscript><img decoding=\"async\" src=\"https:\/\/mystat.synch.hu\/collect.php?id=5619&#038;h=4\"\/> Code &#8211;><\/noscript><\/a> <\/p>\n","protected":false},"excerpt":{"rendered":"<p><P><B><U><FONT COLOR=\"#3333FF\">Zim\u00e1nyi J\u00f3zsef igeh\u00edrdet\u00e9sei. <\/FONT><\/U><\/B><br \/>\n<BR>&nbsp;<br \/>\n<BR>&nbsp;<br \/>\n<BR><A HREF=\"audio\/eletrajz1.mp3\"><\/A><FONT COLOR=\"#3333FF\">&#8230;&#8230;&#8230;&#8230;&#8230;&#8230;&#8230;&#8230;&#8230;&#8230;&#8230;&#8230;&#8230;&#8230;&#8230;&#8230;\u00c9letrajz els\u0151 r\u00e9sz. <\/FONT><br \/>\n<BR><A HREF...\n<\/p>\n","protected":false},"author":2,"featured_media":0,"parent":0,"menu_order":0,"comment_status":"closed","ping_status":"closed","template":"","meta":[],"_links":{"self":[{"href":"https:\/\/filadelfia.lutheran.hu?lang=hu_HU%2Findex.php&rest_route=\/wp\/v2\/pages\/16119"}],"collection":[{"href":"https:\/\/filadelfia.lutheran.hu?lang=hu_HU%2Findex.php&rest_route=\/wp\/v2\/pages"}],"about":[{"href":"https:\/\/filadelfia.lutheran.hu?lang=hu_HU%2Findex.php&rest_route=\/wp\/v2\/types\/page"}],"author":[{"embeddable":true,"href":"https:\/\/filadelfia.lutheran.hu?lang=hu_HU%2Findex.php&rest_route=\/wp\/v2\/users\/2"}],"replies":[{"embeddable":true,"href":"https:\/\/filadelfia.lutheran.hu?lang=hu_HU%2Findex.php&rest_route=%2Fwp%2Fv2%2Fcomments&post=16119"}],"version-history":[{"count":22,"href":"https:\/\/filadelfia.lutheran.hu?lang=hu_HU%2Findex.php&rest_route=\/wp\/v2\/pages\/16119\/revisions"}],"predecessor-version":[{"id":26117,"href":"https:\/\/filadelfia.lutheran.hu?lang=hu_HU%2Findex.php&rest_route=\/wp\/v2\/pages\/16119\/revisions\/26117"}],"wp:attachment":[{"href":"https:\/\/filadelfia.lutheran.hu?lang=hu_HU%2Findex.php&rest_route=%2Fwp%2Fv2%2Fmedia&parent=16119"}],"curies":[{"name":"wp","href":"https:\/\/api.w.org\/{rel}","templated":true}]}}