{"id":16110,"date":"2021-01-11T23:33:34","date_gmt":"2021-01-11T22:33:34","guid":{"rendered":"http:\/\/filadelfia.lutheran.hu\/?page_id=16110"},"modified":"2021-04-02T15:11:01","modified_gmt":"2021-04-02T13:11:01","slug":"riportok-a-gyulekezetrol","status":"publish","type":"page","link":"https:\/\/filadelfia.lutheran.hu\/?page_id=16110&lang=hu_HU","title":{"rendered":"Riportok a gy\u00fclekezetr\u0151l"},"content":{"rendered":"<p><b><u><span style=\"color: #3333ff;\">R\u00e1di\u00f3riportok, k\u00f6zvet\u00edt\u00e9s. <\/span><\/u><\/b><\/p>\n<p><a href=\"audio\/160619.mp3\"><\/a><span style=\"color: #3333ff;\">&#8230;&#8230;&#8230;&#8230;&#8230;2016. j\u00fan. 19-\u00e9n istentisztelet\u00fcnket a Kossuth R\u00e1di\u00f3 Ny\u00edrtelekr\u0151l k\u00f6zvet\u00edtette. <\/span><\/p>\n<p><a href=\"audio\/online\/kossuth.mp3\"><\/a><span style=\"color: #3333ff;\">&#8230;&#8230;&#8230;&#8230;&#8230;2007. aug. 26-\u00e1n istentisztelet\u00fcnket a Kossuth R\u00e1di\u00f3 Ny\u00edrtelekr\u0151l k\u00f6zvet\u00edtette. <\/span><\/p>\n<p><a href=\"audio\/201101evangelikus_dinasztia.mp3\"><\/a><span style=\"color: #3333ff;\">&#8230;&#8230;&#8230;&#8230;&#8230;2020. november. R\u00e1di\u00f3 riport a lelk\u00e9szcsal\u00e1dr\u00f3l. <\/span><\/p>\n<p><a href=\"audio\/201225evangelikus_csalad.mp3\"><\/a><span style=\"color: #3333ff;\">&#8230;&#8230;&#8230;&#8230;&#8230;2020. december. R\u00e1di\u00f3 riport a lelk\u00e9szcsal\u00e1dr\u00f3l,b\u0151v\u00edtett verzi\u00f3. <\/span><\/p>\n<p><a href=\"https:\/\/filadelfia.lutheran.hu\/audio\/mintakert210402.mp3\"><\/a><span style=\"color: #3333ff;\">&#8230;&#8230;&#8230;&#8230;&#8230;2021. Riport a g\u00f6r\u00f6gsz\u00e1ll\u00e1si mintakert programr\u00f3l, 2021. Nagyp\u00e9ntek. <\/span><\/p>\n<p><a href=\"audio\/1405mr1.mp3\"><\/a><span style=\"color: #3333ff;\">&#8230;&#8230;&#8230;&#8230;&#8230;2014 \u00e1prilis r\u00e1di\u00f3 riport a Filadelfia Egyh\u00e1zk\u00f6zs\u00e9g cig\u00e1nymisszi\u00f3i szolg\u00e1lat\u00e1r\u00f3l. <\/span><\/p>\n<p><a href=\"audio\/hazassaghete.mp3\"><\/a><span style=\"color: #3333ff;\">&#8230;&#8230;&#8230;&#8230;&#8230;2016. H\u00e1zass\u00e1g het\u00e9ben elhangzott r\u00e1di\u00f3 riport a Filadelfia Egyh\u00e1zk\u00f6zs\u00e9g cig\u00e1nymisszi\u00f3s szolg\u00e1lat\u00e1r\u00f3l. <\/span><\/p>\n<p><a href=\"audio\/1603261.mp3\"><\/a><span style=\"color: #3333ff;\">&#8230;&#8230;&#8230;&#8230;&#8230;2016. Tavaszi munk\u00e1k kapcs\u00e1n k\u00e9sz\u00fclt r\u00e1di\u00f3 riport a Filadelfia Egyh\u00e1zk\u00f6zs\u00e9g cig\u00e1nymisszi\u00f3s szolg\u00e1lat\u00e1r\u00f3l. <\/span><\/p>\n<p><a href=\"audio\/170311kos.mp3\"><\/a><span style=\"color: #3333ff;\">&#8230;&#8230;&#8230;&#8230;&#8230;2017. Riport a g\u00f6r\u00f6gsz\u00e1ll\u00e1si mintakert programr\u00f3l, 2017. m\u00e1rcius. <\/span><\/p>\n<p><a href=\"audio\/foliaepites.mp3\"><\/a><span style=\"color: #3333ff;\">&#8230;&#8230;&#8230;&#8230;&#8230;2017. Riport a g\u00f6r\u00f6gsz\u00e1ll\u00e1si mintakert program f\u00f3lia s\u00e1tor \u00e9p\u00edt\u00e9s\u00e9r\u0151l, 2017. j\u00falius. <\/span><\/p>\n<p><a href=\"audio\/171021kossuth.mp3\"><\/a><span style=\"color: #3333ff;\">&#8230;&#8230;&#8230;&#8230;&#8230;2017. Riport a g\u00f6r\u00f6gsz\u00e1ll\u00e1si mintakert programr\u00f3l, 2017. okt\u00f3ber. <\/span><\/p>\n<p><a href=\"audio\/biogazdasag210314.mp3\"><\/a><span style=\"color: #3333ff;\">&#8230;&#8230;&#8230;&#8230;&#8230;2021. Riport a g\u00f6r\u00f6gsz\u00e1ll\u00e1si mintakert programr\u00f3l, 2021. m\u00e1rcius. <\/span><\/p>\n<p>&nbsp;<\/p>\n<p><a href=\"audio\/online\/karacsony.mp3\"><\/a><span style=\"color: #3333ff;\">&#8230;&#8230;&#8230;&#8230;&#8230;2009. dec. 24-\u00e9n r\u00e1di\u00f3 riport a Filadelfia Egyh\u00e1zk\u00f6zs\u00e9g \u00e9let\u00e9r\u0151l szolg\u00e1lat\u00e1r\u00f3l. <\/span><\/p>\n<p><a href=\"audio\/online\/ujev.mp3\"><\/a><span style=\"color: #3333ff;\">&#8230;&#8230;&#8230;&#8230;&#8230;2009. dec.-ben felvett \u00e9s 24-\u00e9n elhangzott riportb\u00f3l kimaradt r\u00e9szletek. <\/span><\/p>\n<p><a href=\"audio\/online\/biz.mp3\"><\/a><span style=\"color: #3333ff;\">&#8230;&#8230;&#8230;&#8230;&#8230;2009 v\u00e9g\u00e9n, Gy\u00f6rfi Mih\u00e1llyal k\u00e9sz\u00edtett riportot, az evang\u00e9likus r\u00e1di\u00f3 misszi\u00f3.<\/span><\/p>\n<p><a href=\"audio\/mocsar.mp3\"><\/a><span style=\"color: #3333ff;\">&#8230;&#8230;&#8230;&#8230;&#8230;2011 \u00e1prilis\u00e1ban -a Mocs\u00e1r csal\u00e1ddal- k\u00e9sz\u00edtett riportot, az evang\u00e9likus r\u00e1di\u00f3 misszi\u00f3. <\/span><\/p>\n<p><a href=\"audio\/adam.mp3\"><\/a><span style=\"color: #3333ff;\">&#8230;&#8230;&#8230;&#8230;&#8230;2011 \u00e1prilis\u00e1ban -az \u00c1d\u00e1m csal\u00e1ddal- k\u00e9sz\u00edtett riportot, az evang\u00e9likus r\u00e1di\u00f3 misszi\u00f3. <\/span><\/p>\n<p><a href=\"audio\/buzas.mp3\"><\/a><span style=\"color: #3333ff;\">&#8230;&#8230;&#8230;&#8230;&#8230;2011 \u00e1prilis\u00e1ban -a Buz\u00e1s csal\u00e1ddal- k\u00e9sz\u00edtett riportot, az evang\u00e9likus r\u00e1di\u00f3 misszi\u00f3.<\/span><\/p>\n<p><a href=\"audio\/katie.mp3\"><\/a><span style=\"color: #3333ff;\">&#8230;&#8230;&#8230;&#8230;&#8230;2011 \u00e1prilis\u00e1ban -Katie Saladinnal- k\u00e9sz\u00edtett riportot, az evang\u00e9likus r\u00e1di\u00f3 misszi\u00f3.<\/span><\/p>\n<p><a href=\"audio\/2013-09-14Malik.mp3\"><\/a><span style=\"color: #3333ff;\">&#8230;&#8230;&#8230;&#8230;&#8230;2013 szeptember\u00e9ben -Malik P\u00e9terrel- k\u00e9sz\u00edtett riportot, az evang\u00e9likus r\u00e1di\u00f3 misszi\u00f3. <\/span><\/p>\n<p><a href=\"audio\/2013-10-08judit_lendva.mp3\"><\/a><span style=\"color: #3333ff;\">&#8230;&#8230;&#8230;&#8230;&#8230;2013 okt\u00f3ber\u00e9ben -Andrejek Gy\u00f6rfi Judittal- k\u00e9sz\u00edtett riportot, a Muravid\u00e9ki Magyar R\u00e1di\u00f3.<\/span><\/p>\n<p><a href=\"audio\/131109orszev.mp3\"><\/a><span style=\"color: #3333ff;\">&#8230;&#8230;&#8230;&#8230;&#8230;2013 okt\u00f3ber\u00e9ben -Az Orsz\u00e1gos Evang\u00e9liz\u00e1ci\u00f3r\u00f3l k\u00e9sz\u00edtett riportot, az evang\u00e9likus r\u00e1di\u00f3 misszi\u00f3. <\/span><\/p>\n<p><a href=\"audio\/1310lendva.mp3\"><\/a><span style=\"color: #3333ff;\">&#8230;&#8230;&#8230;&#8230;&#8230;2013 okt\u00f3ber\u00e9ben -Gy\u00f6rfi Mih\u00e1llyal- k\u00e9sz\u00edtett riportot, a Muravid\u00e9ki Magyar R\u00e1di\u00f3.<\/span><\/p>\n<p><a href=\"https:\/\/mystat.synch.hu\/query.php?id=5619\" target=\"_blank\" rel=\"noopener noreferrer\"><script language=\"JavaScript\" src=\"https:\/\/mystat.synch.hu\/stat.php?h=4&#038;id=5619\"><\/script><noscript><img decoding=\"async\" src=\"https:\/\/mystat.synch.hu\/collect.php?id=5619&#038;h=4\"\/> Code &#8212;<\/noscript><\/a><\/p>\n","protected":false},"excerpt":{"rendered":"<p><b><u><span style=\"color: #3333ff;\">R\u00e1di\u00f3riportok, k\u00f6zvet\u00edt\u00e9s. <\/span><\/u><\/b><\/p>\n<p><a href=\"audio\/160619.mp3\"><\/a><span style=\"color: #3333ff;\">&#8230;&#8230;&#8230;&#8230;&#8230;2016. j\u00fan. 19-\u00e9n istentisztelet\u00fcnket a Kossuth R\u00e1di\u00f3 Ny\u00edrtelekr\u0151l k\u00f6zvet\u00edtette. <\/span...\n<\/p>\n","protected":false},"author":2,"featured_media":0,"parent":0,"menu_order":0,"comment_status":"closed","ping_status":"closed","template":"","meta":[],"_links":{"self":[{"href":"https:\/\/filadelfia.lutheran.hu?lang=hu_HU%2Findex.php&rest_route=\/wp\/v2\/pages\/16110"}],"collection":[{"href":"https:\/\/filadelfia.lutheran.hu?lang=hu_HU%2Findex.php&rest_route=\/wp\/v2\/pages"}],"about":[{"href":"https:\/\/filadelfia.lutheran.hu?lang=hu_HU%2Findex.php&rest_route=\/wp\/v2\/types\/page"}],"author":[{"embeddable":true,"href":"https:\/\/filadelfia.lutheran.hu?lang=hu_HU%2Findex.php&rest_route=\/wp\/v2\/users\/2"}],"replies":[{"embeddable":true,"href":"https:\/\/filadelfia.lutheran.hu?lang=hu_HU%2Findex.php&rest_route=%2Fwp%2Fv2%2Fcomments&post=16110"}],"version-history":[{"count":15,"href":"https:\/\/filadelfia.lutheran.hu?lang=hu_HU%2Findex.php&rest_route=\/wp\/v2\/pages\/16110\/revisions"}],"predecessor-version":[{"id":16651,"href":"https:\/\/filadelfia.lutheran.hu?lang=hu_HU%2Findex.php&rest_route=\/wp\/v2\/pages\/16110\/revisions\/16651"}],"wp:attachment":[{"href":"https:\/\/filadelfia.lutheran.hu?lang=hu_HU%2Findex.php&rest_route=%2Fwp%2Fv2%2Fmedia&parent=16110"}],"curies":[{"name":"wp","href":"https:\/\/api.w.org\/{rel}","templated":true}]}}