{"id":1100,"date":"2018-03-25T18:46:06","date_gmt":"2018-03-25T18:46:06","guid":{"rendered":"http:\/\/filadelfia.lutheran.hu\/?page_id=1100"},"modified":"2025-05-09T11:28:46","modified_gmt":"2025-05-09T09:28:46","slug":"palyazataink","status":"publish","type":"page","link":"https:\/\/filadelfia.lutheran.hu\/?page_id=1100&lang=hu_HU","title":{"rendered":"P\u00e1ly\u00e1zataink"},"content":{"rendered":"<ol>\n<li>7. Alap\u00edtv\u00e1nyunk r\u00e9sz\u00e9re a NEA\/234\/2024 iktat\u00f3sz\u00e1m\u00fa d\u00f6nt\u00e9s alapj\u00e1n 231 100 Ft forint \u00f6sszeg\u0171 t\u00e1mogat\u00e1st ny\u00fajtott az &#8222;Kereszty\u00e9n gyermek- \u00e9s ifj\u00fas\u00e1gi, csal\u00e1di programok t\u00e1mogat\u00e1sa\u201d c\u00edm\u0171 NEAN-KP-1-2024\/5-000194 sz\u00e1m\u00fa p\u00e1ly\u00e1zatunkra.<\/li>\n<\/ol>\n<p>&nbsp;<\/p>\n<p><img decoding=\"async\" loading=\"lazy\" class=\"alignnone wp-image-21819\" src=\"http:\/\/filadelfia.lutheran.hu\/wp-content\/uploads\/NEA-300x115.png\" alt=\"\" width=\"234\" height=\"90\" srcset=\"https:\/\/filadelfia.lutheran.hu\/wp-content\/uploads\/NEA-300x115.png 300w, https:\/\/filadelfia.lutheran.hu\/wp-content\/uploads\/NEA-150x58.png 150w, https:\/\/filadelfia.lutheran.hu\/wp-content\/uploads\/NEA-360x139.png 360w, https:\/\/filadelfia.lutheran.hu\/wp-content\/uploads\/NEA.png 362w\" sizes=\"(max-width: 234px) 100vw, 234px\" \/>\u00a0 \u00a0 <img decoding=\"async\" loading=\"lazy\" class=\"alignnone wp-image-21820\" src=\"http:\/\/filadelfia.lutheran.hu\/wp-content\/uploads\/bga_alap_logo-300x294.png\" alt=\"\" width=\"153\" height=\"150\" srcset=\"https:\/\/filadelfia.lutheran.hu\/wp-content\/uploads\/bga_alap_logo-300x294.png 300w, https:\/\/filadelfia.lutheran.hu\/wp-content\/uploads\/bga_alap_logo-150x147.png 150w, https:\/\/filadelfia.lutheran.hu\/wp-content\/uploads\/bga_alap_logo.png 618w\" sizes=\"(max-width: 153px) 100vw, 153px\" \/>\u00a0 \u00a0 \u00a0 \u00a0 \u00a0<img decoding=\"async\" loading=\"lazy\" class=\"alignnone wp-image-21821\" src=\"http:\/\/filadelfia.lutheran.hu\/wp-content\/uploads\/ME_logo_szines_HU_440x270-300x184.png\" alt=\"\" width=\"253\" height=\"155\" srcset=\"https:\/\/filadelfia.lutheran.hu\/wp-content\/uploads\/ME_logo_szines_HU_440x270-300x184.png 300w, https:\/\/filadelfia.lutheran.hu\/wp-content\/uploads\/ME_logo_szines_HU_440x270-150x92.png 150w, https:\/\/filadelfia.lutheran.hu\/wp-content\/uploads\/ME_logo_szines_HU_440x270.png 440w\" sizes=\"(max-width: 253px) 100vw, 253px\" \/><\/p>\n<p><a href=\"https:\/\/mystat.synch.hu\/query.php?id=5619\" target=\"_blank\" rel=\"noopener noreferrer\"><script language=\"JavaScript\" src=\"https:\/\/mystat.synch.hu\/stat.php?h=4&#038;id=5619\"><\/script><noscript><img decoding=\"async\" src=\"https:\/\/mystat.synch.hu\/collect.php?id=5619&#038;h=4\"\/> Code &#8212;<\/noscript><\/a><\/p>\n<ol>\n<li>6. Alap\u00edtv\u00e1nyunk r\u00e9sz\u00e9re a NEA\/34\/2024 iktat\u00f3sz\u00e1m\u00fa d\u00f6nt\u00e9s alapj\u00e1n 400 000 Ft forint \u00f6sszeg\u0171 t\u00e1mogat\u00e1st ny\u00fajtott az &#8222;\u00c9rt\u00e9kteremt\u0151 \u00fczenet a j\u00f6v\u0151 gener\u00e1ci\u00f3nak tov\u00e1bbra is\u201d c\u00edm\u0171 NEAG-KP-1-2024\/5-000702 sz\u00e1m\u00fa p\u00e1ly\u00e1zatunkra.<\/li>\n<\/ol>\n<p>&nbsp;<\/p>\n<p><img decoding=\"async\" loading=\"lazy\" class=\"alignnone wp-image-21819\" src=\"http:\/\/filadelfia.lutheran.hu\/wp-content\/uploads\/NEA-300x115.png\" alt=\"\" width=\"234\" height=\"90\" srcset=\"https:\/\/filadelfia.lutheran.hu\/wp-content\/uploads\/NEA-300x115.png 300w, https:\/\/filadelfia.lutheran.hu\/wp-content\/uploads\/NEA-150x58.png 150w, https:\/\/filadelfia.lutheran.hu\/wp-content\/uploads\/NEA-360x139.png 360w, https:\/\/filadelfia.lutheran.hu\/wp-content\/uploads\/NEA.png 362w\" sizes=\"(max-width: 234px) 100vw, 234px\" \/>\u00a0 \u00a0 <img decoding=\"async\" loading=\"lazy\" class=\"alignnone wp-image-21820\" src=\"http:\/\/filadelfia.lutheran.hu\/wp-content\/uploads\/bga_alap_logo-300x294.png\" alt=\"\" width=\"153\" height=\"150\" srcset=\"https:\/\/filadelfia.lutheran.hu\/wp-content\/uploads\/bga_alap_logo-300x294.png 300w, https:\/\/filadelfia.lutheran.hu\/wp-content\/uploads\/bga_alap_logo-150x147.png 150w, https:\/\/filadelfia.lutheran.hu\/wp-content\/uploads\/bga_alap_logo.png 618w\" sizes=\"(max-width: 153px) 100vw, 153px\" \/>\u00a0 \u00a0 \u00a0 \u00a0 \u00a0<img decoding=\"async\" loading=\"lazy\" class=\"alignnone wp-image-21821\" src=\"http:\/\/filadelfia.lutheran.hu\/wp-content\/uploads\/ME_logo_szines_HU_440x270-300x184.png\" alt=\"\" width=\"253\" height=\"155\" srcset=\"https:\/\/filadelfia.lutheran.hu\/wp-content\/uploads\/ME_logo_szines_HU_440x270-300x184.png 300w, https:\/\/filadelfia.lutheran.hu\/wp-content\/uploads\/ME_logo_szines_HU_440x270-150x92.png 150w, https:\/\/filadelfia.lutheran.hu\/wp-content\/uploads\/ME_logo_szines_HU_440x270.png 440w\" sizes=\"(max-width: 253px) 100vw, 253px\" \/><\/p>\n<p><a href=\"https:\/\/mystat.synch.hu\/query.php?id=5619\" target=\"_blank\" rel=\"noopener noreferrer\"><script language=\"JavaScript\" src=\"https:\/\/mystat.synch.hu\/stat.php?h=4&#038;id=5619\"><\/script><noscript><img decoding=\"async\" src=\"https:\/\/mystat.synch.hu\/collect.php?id=5619&#038;h=4\"\/> Code &#8212;<\/noscript><\/a><\/p>\n<ol>\n<li>5. Alap\u00edtv\u00e1nyunk r\u00e9sz\u00e9re a NEA\/344\/2023 iktat\u00f3sz\u00e1m\u00fa d\u00f6nt\u00e9s alapj\u00e1n 121 500 Ft forint \u00f6sszeg\u0171 t\u00e1mogat\u00e1st ny\u00fajtott az &#8222;Kereszty\u00e9n gyermek- \u00e9s ifj\u00fas\u00e1gi, csal\u00e1di programok t\u00e1mogat\u00e1sa\u201d c\u00edm\u0171 NEAN-KP-1-2023\/5-000104 sz\u00e1m\u00fa p\u00e1ly\u00e1zatunkra.<\/li>\n<\/ol>\n<p>&nbsp;<\/p>\n<p><img decoding=\"async\" loading=\"lazy\" class=\"alignnone wp-image-21819\" src=\"http:\/\/filadelfia.lutheran.hu\/wp-content\/uploads\/NEA-300x115.png\" alt=\"\" width=\"234\" height=\"90\" srcset=\"https:\/\/filadelfia.lutheran.hu\/wp-content\/uploads\/NEA-300x115.png 300w, https:\/\/filadelfia.lutheran.hu\/wp-content\/uploads\/NEA-150x58.png 150w, https:\/\/filadelfia.lutheran.hu\/wp-content\/uploads\/NEA-360x139.png 360w, https:\/\/filadelfia.lutheran.hu\/wp-content\/uploads\/NEA.png 362w\" sizes=\"(max-width: 234px) 100vw, 234px\" \/>\u00a0 \u00a0 <img decoding=\"async\" loading=\"lazy\" class=\"alignnone wp-image-21820\" src=\"http:\/\/filadelfia.lutheran.hu\/wp-content\/uploads\/bga_alap_logo-300x294.png\" alt=\"\" width=\"153\" height=\"150\" srcset=\"https:\/\/filadelfia.lutheran.hu\/wp-content\/uploads\/bga_alap_logo-300x294.png 300w, https:\/\/filadelfia.lutheran.hu\/wp-content\/uploads\/bga_alap_logo-150x147.png 150w, https:\/\/filadelfia.lutheran.hu\/wp-content\/uploads\/bga_alap_logo.png 618w\" sizes=\"(max-width: 153px) 100vw, 153px\" \/>\u00a0 \u00a0 \u00a0 \u00a0 \u00a0<img decoding=\"async\" loading=\"lazy\" class=\"alignnone wp-image-21821\" src=\"http:\/\/filadelfia.lutheran.hu\/wp-content\/uploads\/ME_logo_szines_HU_440x270-300x184.png\" alt=\"\" width=\"253\" height=\"155\" srcset=\"https:\/\/filadelfia.lutheran.hu\/wp-content\/uploads\/ME_logo_szines_HU_440x270-300x184.png 300w, https:\/\/filadelfia.lutheran.hu\/wp-content\/uploads\/ME_logo_szines_HU_440x270-150x92.png 150w, https:\/\/filadelfia.lutheran.hu\/wp-content\/uploads\/ME_logo_szines_HU_440x270.png 440w\" sizes=\"(max-width: 253px) 100vw, 253px\" \/><\/p>\n<p><a href=\"https:\/\/mystat.synch.hu\/query.php?id=5619\" target=\"_blank\" rel=\"noopener noreferrer\"><script language=\"JavaScript\" src=\"https:\/\/mystat.synch.hu\/stat.php?h=4&#038;id=5619\"><\/script><noscript><img decoding=\"async\" src=\"https:\/\/mystat.synch.hu\/collect.php?id=5619&#038;h=4\"\/> Code &#8212;<\/noscript><\/a><\/p>\n<ol>\n<li>4. Alap\u00edtv\u00e1nyunk r\u00e9sz\u00e9re a NEA\/22\/2023 iktat\u00f3sz\u00e1m\u00fa d\u00f6nt\u00e9s alapj\u00e1n 350 000 Ft forint \u00f6sszeg\u0171 t\u00e1mogat\u00e1st ny\u00fajtott az &#8222;\u00c9rt\u00e9kteremt\u0151 \u00fczenet a j\u00f6v\u0151 gener\u00e1ci\u00f3nak\u201d c\u00edm\u0171 NEAG-KP-1-2023\/5-000522 sz\u00e1m\u00fa p\u00e1ly\u00e1zatunkra.<\/li>\n<\/ol>\n<p>&nbsp;<\/p>\n<p><img decoding=\"async\" loading=\"lazy\" class=\"alignnone wp-image-21819\" src=\"http:\/\/filadelfia.lutheran.hu\/wp-content\/uploads\/NEA-300x115.png\" alt=\"\" width=\"234\" height=\"90\" srcset=\"https:\/\/filadelfia.lutheran.hu\/wp-content\/uploads\/NEA-300x115.png 300w, https:\/\/filadelfia.lutheran.hu\/wp-content\/uploads\/NEA-150x58.png 150w, https:\/\/filadelfia.lutheran.hu\/wp-content\/uploads\/NEA-360x139.png 360w, https:\/\/filadelfia.lutheran.hu\/wp-content\/uploads\/NEA.png 362w\" sizes=\"(max-width: 234px) 100vw, 234px\" \/>\u00a0 \u00a0 <img decoding=\"async\" loading=\"lazy\" class=\"alignnone wp-image-21820\" src=\"http:\/\/filadelfia.lutheran.hu\/wp-content\/uploads\/bga_alap_logo-300x294.png\" alt=\"\" width=\"153\" height=\"150\" srcset=\"https:\/\/filadelfia.lutheran.hu\/wp-content\/uploads\/bga_alap_logo-300x294.png 300w, https:\/\/filadelfia.lutheran.hu\/wp-content\/uploads\/bga_alap_logo-150x147.png 150w, https:\/\/filadelfia.lutheran.hu\/wp-content\/uploads\/bga_alap_logo.png 618w\" sizes=\"(max-width: 153px) 100vw, 153px\" \/>\u00a0 \u00a0 \u00a0 \u00a0 \u00a0<img decoding=\"async\" loading=\"lazy\" class=\"alignnone wp-image-21821\" src=\"http:\/\/filadelfia.lutheran.hu\/wp-content\/uploads\/ME_logo_szines_HU_440x270-300x184.png\" alt=\"\" width=\"253\" height=\"155\" srcset=\"https:\/\/filadelfia.lutheran.hu\/wp-content\/uploads\/ME_logo_szines_HU_440x270-300x184.png 300w, https:\/\/filadelfia.lutheran.hu\/wp-content\/uploads\/ME_logo_szines_HU_440x270-150x92.png 150w, https:\/\/filadelfia.lutheran.hu\/wp-content\/uploads\/ME_logo_szines_HU_440x270.png 440w\" sizes=\"(max-width: 253px) 100vw, 253px\" \/><\/p>\n<p><a href=\"https:\/\/mystat.synch.hu\/query.php?id=5619\" target=\"_blank\" rel=\"noopener noreferrer\"><script language=\"JavaScript\" src=\"https:\/\/mystat.synch.hu\/stat.php?h=4&#038;id=5619\"><\/script><noscript><img decoding=\"async\" src=\"https:\/\/mystat.synch.hu\/collect.php?id=5619&#038;h=4\"\/> Code &#8212;<\/noscript><\/a><\/p>\n<ol>\n<li>3. Alap\u00edtv\u00e1nyunk r\u00e9sz\u00e9re a NEA\/982\/2022 iktat\u00f3sz\u00e1m\u00fa d\u00f6nt\u00e9s alapj\u00e1n 130 000 Ft forint \u00f6sszeg\u0171 t\u00e1mogat\u00e1st ny\u00fajtott a \u201cKereszty\u00e9n gyermek- \u00e9s ifj\u00fas\u00e1gi programok t\u00e1mogat\u00e1sa\u201d c\u00edm\u0171 NEAN-KP-1-2022\/5-000163 sz\u00e1m\u00fa p\u00e1ly\u00e1zatunkra.<\/li>\n<\/ol>\n<p>&nbsp;<\/p>\n<p><img decoding=\"async\" loading=\"lazy\" class=\"alignnone wp-image-21819\" src=\"http:\/\/filadelfia.lutheran.hu\/wp-content\/uploads\/NEA-300x115.png\" alt=\"\" width=\"234\" height=\"90\" srcset=\"https:\/\/filadelfia.lutheran.hu\/wp-content\/uploads\/NEA-300x115.png 300w, https:\/\/filadelfia.lutheran.hu\/wp-content\/uploads\/NEA-150x58.png 150w, https:\/\/filadelfia.lutheran.hu\/wp-content\/uploads\/NEA-360x139.png 360w, https:\/\/filadelfia.lutheran.hu\/wp-content\/uploads\/NEA.png 362w\" sizes=\"(max-width: 234px) 100vw, 234px\" \/>\u00a0 \u00a0 <img decoding=\"async\" loading=\"lazy\" class=\"alignnone wp-image-21820\" src=\"http:\/\/filadelfia.lutheran.hu\/wp-content\/uploads\/bga_alap_logo-300x294.png\" alt=\"\" width=\"153\" height=\"150\" srcset=\"https:\/\/filadelfia.lutheran.hu\/wp-content\/uploads\/bga_alap_logo-300x294.png 300w, https:\/\/filadelfia.lutheran.hu\/wp-content\/uploads\/bga_alap_logo-150x147.png 150w, https:\/\/filadelfia.lutheran.hu\/wp-content\/uploads\/bga_alap_logo.png 618w\" sizes=\"(max-width: 153px) 100vw, 153px\" \/>\u00a0 \u00a0 \u00a0 \u00a0 \u00a0<img decoding=\"async\" loading=\"lazy\" class=\"alignnone wp-image-21821\" src=\"http:\/\/filadelfia.lutheran.hu\/wp-content\/uploads\/ME_logo_szines_HU_440x270-300x184.png\" alt=\"\" width=\"253\" height=\"155\" srcset=\"https:\/\/filadelfia.lutheran.hu\/wp-content\/uploads\/ME_logo_szines_HU_440x270-300x184.png 300w, https:\/\/filadelfia.lutheran.hu\/wp-content\/uploads\/ME_logo_szines_HU_440x270-150x92.png 150w, https:\/\/filadelfia.lutheran.hu\/wp-content\/uploads\/ME_logo_szines_HU_440x270.png 440w\" sizes=\"(max-width: 253px) 100vw, 253px\" \/><\/p>\n<p><a href=\"https:\/\/mystat.synch.hu\/query.php?id=5619\" target=\"_blank\" rel=\"noopener noreferrer\"><script language=\"JavaScript\" src=\"https:\/\/mystat.synch.hu\/stat.php?h=4&#038;id=5619\"><\/script><noscript><img decoding=\"async\" src=\"https:\/\/mystat.synch.hu\/collect.php?id=5619&#038;h=4\"\/> Code &#8212;<\/noscript><\/a><\/p>\n<ol>\n<li>2. Alap\u00edtv\u00e1nyunk r\u00e9sz\u00e9re a NEA\/24\/2022 iktat\u00f3sz\u00e1m\u00fa d\u00f6nt\u00e9s alapj\u00e1n 350 000 Ft forint \u00f6sszeg\u0171 t\u00e1mogat\u00e1st ny\u00fajtott a \u201e[Krisztus J\u00e9zus] az \u0151 test\u00e9ben lebontotta az elv\u00e1laszt\u00f3 falat. (Ef 2,14b)\u201d c\u00edm\u0171 NEAG-KP-1-2022\/5-000197 sz\u00e1m\u00fa p\u00e1ly\u00e1zatunkra.<\/li>\n<\/ol>\n<p>&nbsp;<\/p>\n<p><img decoding=\"async\" loading=\"lazy\" class=\"alignnone wp-image-21819\" src=\"http:\/\/filadelfia.lutheran.hu\/wp-content\/uploads\/NEA-300x115.png\" alt=\"\" width=\"234\" height=\"90\" srcset=\"https:\/\/filadelfia.lutheran.hu\/wp-content\/uploads\/NEA-300x115.png 300w, https:\/\/filadelfia.lutheran.hu\/wp-content\/uploads\/NEA-150x58.png 150w, https:\/\/filadelfia.lutheran.hu\/wp-content\/uploads\/NEA-360x139.png 360w, https:\/\/filadelfia.lutheran.hu\/wp-content\/uploads\/NEA.png 362w\" sizes=\"(max-width: 234px) 100vw, 234px\" \/>\u00a0 \u00a0 <img decoding=\"async\" loading=\"lazy\" class=\"alignnone wp-image-21820\" src=\"http:\/\/filadelfia.lutheran.hu\/wp-content\/uploads\/bga_alap_logo-300x294.png\" alt=\"\" width=\"153\" height=\"150\" srcset=\"https:\/\/filadelfia.lutheran.hu\/wp-content\/uploads\/bga_alap_logo-300x294.png 300w, https:\/\/filadelfia.lutheran.hu\/wp-content\/uploads\/bga_alap_logo-150x147.png 150w, https:\/\/filadelfia.lutheran.hu\/wp-content\/uploads\/bga_alap_logo.png 618w\" sizes=\"(max-width: 153px) 100vw, 153px\" \/>\u00a0 \u00a0 \u00a0 \u00a0 \u00a0<img decoding=\"async\" loading=\"lazy\" class=\"alignnone wp-image-21821\" src=\"http:\/\/filadelfia.lutheran.hu\/wp-content\/uploads\/ME_logo_szines_HU_440x270-300x184.png\" alt=\"\" width=\"253\" height=\"155\" srcset=\"https:\/\/filadelfia.lutheran.hu\/wp-content\/uploads\/ME_logo_szines_HU_440x270-300x184.png 300w, https:\/\/filadelfia.lutheran.hu\/wp-content\/uploads\/ME_logo_szines_HU_440x270-150x92.png 150w, https:\/\/filadelfia.lutheran.hu\/wp-content\/uploads\/ME_logo_szines_HU_440x270.png 440w\" sizes=\"(max-width: 253px) 100vw, 253px\" \/><\/p>\n<p><a href=\"https:\/\/mystat.synch.hu\/query.php?id=5619\" target=\"_blank\" rel=\"noopener noreferrer\"><script language=\"JavaScript\" src=\"https:\/\/mystat.synch.hu\/stat.php?h=4&#038;id=5619\"><\/script><noscript><img decoding=\"async\" src=\"https:\/\/mystat.synch.hu\/collect.php?id=5619&#038;h=4\"\/> Code &#8212;<\/noscript><\/a><\/p>\n<ol>\n<li> 1.\tAlap\u00edtv\u00e1nyunk r\u00e9sz\u00e9re a NEA\/78\/2021 iktat\u00f3sz\u00e1m\u00fa d\u00f6nt\u00e9s alapj\u00e1n 300 000 Ft, forint \u00f6sszeg\u0171 t\u00e1mogat\u00e1st ny\u00fajtott a &#8222;K\u00f6z\u00f6ss\u00e9gben karant\u00e9n ellen\u00e9re \u00e9s karant\u00e9n ut\u00e1n&#8221; c\u00edm\u0171 NEAG-KP-1-2021\/5-000616 sz\u00e1m\u00fa p\u00e1ly\u00e1zatunkra.<\/li>\n<\/ol>\n<p>&nbsp;<\/p>\n<p><img decoding=\"async\" loading=\"lazy\" class=\"alignnone wp-image-21819\" src=\"http:\/\/filadelfia.lutheran.hu\/wp-content\/uploads\/NEA-300x115.png\" alt=\"\" width=\"234\" height=\"90\" srcset=\"https:\/\/filadelfia.lutheran.hu\/wp-content\/uploads\/NEA-300x115.png 300w, https:\/\/filadelfia.lutheran.hu\/wp-content\/uploads\/NEA-150x58.png 150w, https:\/\/filadelfia.lutheran.hu\/wp-content\/uploads\/NEA-360x139.png 360w, https:\/\/filadelfia.lutheran.hu\/wp-content\/uploads\/NEA.png 362w\" sizes=\"(max-width: 234px) 100vw, 234px\" \/>\u00a0 \u00a0 <img decoding=\"async\" loading=\"lazy\" class=\"alignnone wp-image-21820\" src=\"http:\/\/filadelfia.lutheran.hu\/wp-content\/uploads\/bga_alap_logo-300x294.png\" alt=\"\" width=\"153\" height=\"150\" srcset=\"https:\/\/filadelfia.lutheran.hu\/wp-content\/uploads\/bga_alap_logo-300x294.png 300w, https:\/\/filadelfia.lutheran.hu\/wp-content\/uploads\/bga_alap_logo-150x147.png 150w, https:\/\/filadelfia.lutheran.hu\/wp-content\/uploads\/bga_alap_logo.png 618w\" sizes=\"(max-width: 153px) 100vw, 153px\" \/>\u00a0 \u00a0 \u00a0 \u00a0 \u00a0<img decoding=\"async\" loading=\"lazy\" class=\"alignnone wp-image-21821\" src=\"http:\/\/filadelfia.lutheran.hu\/wp-content\/uploads\/ME_logo_szines_HU_440x270-300x184.png\" alt=\"\" width=\"253\" height=\"155\" srcset=\"https:\/\/filadelfia.lutheran.hu\/wp-content\/uploads\/ME_logo_szines_HU_440x270-300x184.png 300w, https:\/\/filadelfia.lutheran.hu\/wp-content\/uploads\/ME_logo_szines_HU_440x270-150x92.png 150w, https:\/\/filadelfia.lutheran.hu\/wp-content\/uploads\/ME_logo_szines_HU_440x270.png 440w\" sizes=\"(max-width: 253px) 100vw, 253px\" \/><\/p>\n<p><a href=\"https:\/\/mystat.synch.hu\/query.php?id=5619\" target=\"_blank\" rel=\"noopener noreferrer\"><script language=\"JavaScript\" src=\"https:\/\/mystat.synch.hu\/stat.php?h=4&#038;id=5619\"><\/script><noscript><img decoding=\"async\" src=\"https:\/\/mystat.synch.hu\/collect.php?id=5619&#038;h=4\"\/> Code &#8212;<\/noscript><\/a><\/p>\n","protected":false},"excerpt":{"rendered":"<ol>\n<li>7. Alap\u00edtv\u00e1nyunk r\u00e9sz\u00e9re a NEA\/234\/2024 iktat\u00f3sz\u00e1m\u00fa d\u00f6nt\u00e9s alapj\u00e1n 231 100 Ft forint \u00f6sszeg\u0171 t\u00e1mogat\u00e1st ny\u00fajtott az &#8222;Kereszty\u00e9n gyermek- \u00e9s ifj\u00fas\u00e1gi, csal\u00e1di programok t\u00e1mogat\u00e1sa\u201d c\u00edm\u0171 NEAN-KP-1-2024\/5-000194 sz\u00e1m\u00fa p\u00e1ly\u00e1zatunkra.<\/li>\n<p>&#8230;<\/p>\n","protected":false},"author":2,"featured_media":0,"parent":61,"menu_order":0,"comment_status":"closed","ping_status":"closed","template":"","meta":[],"_links":{"self":[{"href":"https:\/\/filadelfia.lutheran.hu?lang=hu_HU%2Findex.php&rest_route=\/wp\/v2\/pages\/1100"}],"collection":[{"href":"https:\/\/filadelfia.lutheran.hu?lang=hu_HU%2Findex.php&rest_route=\/wp\/v2\/pages"}],"about":[{"href":"https:\/\/filadelfia.lutheran.hu?lang=hu_HU%2Findex.php&rest_route=\/wp\/v2\/types\/page"}],"author":[{"embeddable":true,"href":"https:\/\/filadelfia.lutheran.hu?lang=hu_HU%2Findex.php&rest_route=\/wp\/v2\/users\/2"}],"replies":[{"embeddable":true,"href":"https:\/\/filadelfia.lutheran.hu?lang=hu_HU%2Findex.php&rest_route=%2Fwp%2Fv2%2Fcomments&post=1100"}],"version-history":[{"count":16,"href":"https:\/\/filadelfia.lutheran.hu?lang=hu_HU%2Findex.php&rest_route=\/wp\/v2\/pages\/1100\/revisions"}],"predecessor-version":[{"id":31911,"href":"https:\/\/filadelfia.lutheran.hu?lang=hu_HU%2Findex.php&rest_route=\/wp\/v2\/pages\/1100\/revisions\/31911"}],"up":[{"embeddable":true,"href":"https:\/\/filadelfia.lutheran.hu?lang=hu_HU%2Findex.php&rest_route=\/wp\/v2\/pages\/61"}],"wp:attachment":[{"href":"https:\/\/filadelfia.lutheran.hu?lang=hu_HU%2Findex.php&rest_route=%2Fwp%2Fv2%2Fmedia&parent=1100"}],"curies":[{"name":"wp","href":"https:\/\/api.w.org\/{rel}","templated":true}]}}